{"id":1272,"date":"2018-05-29T18:46:39","date_gmt":"2018-05-29T18:46:39","guid":{"rendered":"https:\/\/iips.usac.edu.gt\/?page_id=1272"},"modified":"2024-03-06T18:09:24","modified_gmt":"2024-03-06T18:09:24","slug":"acervo-bibliografico","status":"publish","type":"page","link":"https:\/\/iips.usac.edu.gt\/?page_id=1272","title":{"rendered":"Acervo bibliogr\u00e1fico"},"content":{"rendered":"\n<h6 class=\"wp-block-heading\">El Instituto de Investigaciones Pol\u00edticas y Sociales pone a disposici\u00f3n su Acervo Bibliogr\u00e1fico<\/h6>\n\n\n\n<p class=\"has-text-align-left\">Consta de libros, revistas y diversas publicaciones en distintas \u00e1reas como: estudios filos\u00f3ficos, estudios internacionales, estudios pol\u00edticos, estudios sociol\u00f3gicos, metodolog\u00eda, entre otros. El material est\u00e1 disponible para estudiantes, docentes e investigadores de la Escuela de Ciencia Pol\u00edtica, que deseen consultar el material dentro del Instituto o fuera del mismo, en calidad de pr\u00e9stamo.<\/p>\n\n\n\n<p class=\"has-text-align-left\">Puede consultarse al dar click en la imagen.<\/p>\n\n\n<div class=\"wp-block-image\">\n<figure class=\"alignleft\"><a href=\"https:\/\/docs.google.com\/spreadsheets\/d\/1gbr0kC_conjrpiQXmJTuiKGEabKMEahG\/edit?usp=sharing&amp;ouid=117993521710821512931&amp;rtpof=true&amp;sd=true\" target=\"_blank\" rel=\"noopener\"><img loading=\"lazy\" decoding=\"async\" width=\"940\" height=\"788\" src=\"https:\/\/iips.usac.edu.gt\/wp-content\/uploads\/2018\/10\/2.png\" alt=\"\" class=\"wp-image-2166\" srcset=\"https:\/\/iips.usac.edu.gt\/wp-content\/uploads\/2018\/10\/2.png 940w, https:\/\/iips.usac.edu.gt\/wp-content\/uploads\/2018\/10\/2-300x251.png 300w, https:\/\/iips.usac.edu.gt\/wp-content\/uploads\/2018\/10\/2-768x644.png 768w\" sizes=\"(max-width: 940px) 100vw, 940px\" \/><\/a><\/figure><\/div>","protected":false},"excerpt":{"rendered":"<p>El Instituto de Investigaciones Pol\u00edticas y Sociales pone a disposici\u00f3n su Acervo Bibliogr\u00e1fico Consta de libros, revistas y diversas publicaciones en distintas \u00e1reas como: estudios filos\u00f3ficos, estudios internacionales, estudios pol\u00edticos, estudios sociol\u00f3gicos, metodolog\u00eda, entre otros. El material est\u00e1 disponible para estudiantes, docentes e investigadores de la Escuela de Ciencia Pol\u00edtica, que deseen consultar el material [&hellip;]<\/p>\n","protected":false},"author":2,"featured_media":0,"parent":0,"menu_order":0,"comment_status":"closed","ping_status":"closed","template":"","meta":{"footnotes":""},"class_list":["post-1272","page","type-page","status-publish","czr-hentry"],"_links":{"self":[{"href":"https:\/\/iips.usac.edu.gt\/index.php?rest_route=\/wp\/v2\/pages\/1272"}],"collection":[{"href":"https:\/\/iips.usac.edu.gt\/index.php?rest_route=\/wp\/v2\/pages"}],"about":[{"href":"https:\/\/iips.usac.edu.gt\/index.php?rest_route=\/wp\/v2\/types\/page"}],"author":[{"embeddable":true,"href":"https:\/\/iips.usac.edu.gt\/index.php?rest_route=\/wp\/v2\/users\/2"}],"replies":[{"embeddable":true,"href":"https:\/\/iips.usac.edu.gt\/index.php?rest_route=%2Fwp%2Fv2%2Fcomments&post=1272"}],"version-history":[{"count":22,"href":"https:\/\/iips.usac.edu.gt\/index.php?rest_route=\/wp\/v2\/pages\/1272\/revisions"}],"predecessor-version":[{"id":5967,"href":"https:\/\/iips.usac.edu.gt\/index.php?rest_route=\/wp\/v2\/pages\/1272\/revisions\/5967"}],"wp:attachment":[{"href":"https:\/\/iips.usac.edu.gt\/index.php?rest_route=%2Fwp%2Fv2%2Fmedia&parent=1272"}],"curies":[{"name":"wp","href":"https:\/\/api.w.org\/{rel}","templated":true}]}}