{"id":1344,"date":"2018-06-18T14:04:51","date_gmt":"2018-06-18T14:04:51","guid":{"rendered":"https:\/\/iips.usac.edu.gt\/?page_id=1344"},"modified":"2024-04-29T18:51:55","modified_gmt":"2024-04-29T18:51:55","slug":"areas-de-investigacion","status":"publish","type":"page","link":"https:\/\/iips.usac.edu.gt\/?page_id=1344","title":{"rendered":"\u00c1reas de Investigaci\u00f3n"},"content":{"rendered":"\n<p>El Instituto de Investigaciones Pol\u00edticas y Sociales -IIPS- cuenta con cuatro \u00e1reas de investigaci\u00f3n las cuales son: \u00c1rea de Estudios Sociol\u00f3gicos -AES-, \u00c1rea de Estudios Pol\u00edticos -AEP-, \u00c1rea de Estudios Internacionales -AEI- y el \u00c1rea de Estudios sobre Discapacidad -AED-.<\/p>\n\n\n\n<p>Cada una de ellas tiene a su cargo realizar, promover, divulgar y socializar investigaciones sobre sus \u00e1reas espec\u00edficas dentro de las ciencias sociales, as\u00ed como tambi\u00e9n realizar actividades acad\u00e9micas en las que se transmita conocimiento de inter\u00e9s para las disciplinas.<\/p>\n\n\n\n<p><\/p>\n\n\n\n<div class=\"wp-block-columns is-layout-flex wp-container-core-columns-is-layout-1 wp-block-columns-is-layout-flex\">\n<div class=\"wp-block-column is-layout-flow wp-block-column-is-layout-flow\">\n<div class=\"wp-block-media-text is-stacked-on-mobile\"><figure class=\"wp-block-media-text__media\"><a href=\"https:\/\/iips.usac.edu.gt\/?cat=117\"><img loading=\"lazy\" decoding=\"async\" width=\"1024\" height=\"1024\" src=\"https:\/\/iips.usac.edu.gt\/wp-content\/uploads\/2024\/03\/Artboard-7-1024x1024.png\" alt=\"\" class=\"wp-image-6331 size-full\" srcset=\"https:\/\/iips.usac.edu.gt\/wp-content\/uploads\/2024\/03\/Artboard-7-1024x1024.png 1024w, https:\/\/iips.usac.edu.gt\/wp-content\/uploads\/2024\/03\/Artboard-7-300x300.png 300w, https:\/\/iips.usac.edu.gt\/wp-content\/uploads\/2024\/03\/Artboard-7-150x150.png 150w, https:\/\/iips.usac.edu.gt\/wp-content\/uploads\/2024\/03\/Artboard-7-768x768.png 768w, https:\/\/iips.usac.edu.gt\/wp-content\/uploads\/2024\/03\/Artboard-7-270x270.png 270w, https:\/\/iips.usac.edu.gt\/wp-content\/uploads\/2024\/03\/Artboard-7-230x230.png 230w, https:\/\/iips.usac.edu.gt\/wp-content\/uploads\/2024\/03\/Artboard-7.png 1080w\" sizes=\"(max-width: 1024px) 100vw, 1024px\" \/><\/a><\/figure><div class=\"wp-block-media-text__content\">\n<p><strong>\u00c1rea de Estudios Sociol\u00f3gicos<\/strong><\/p>\n<\/div><\/div>\n<\/div>\n\n\n\n<div class=\"wp-block-column is-layout-flow wp-block-column-is-layout-flow\">\n<div class=\"wp-block-media-text is-stacked-on-mobile\"><figure class=\"wp-block-media-text__media\"><a href=\"https:\/\/iips.usac.edu.gt\/?page_id=1347\"><img loading=\"lazy\" decoding=\"async\" width=\"1024\" height=\"1024\" src=\"https:\/\/iips.usac.edu.gt\/wp-content\/uploads\/2024\/03\/Artboard-7-copy-1024x1024.png\" alt=\"\" class=\"wp-image-6332 size-full\" srcset=\"https:\/\/iips.usac.edu.gt\/wp-content\/uploads\/2024\/03\/Artboard-7-copy-1024x1024.png 1024w, https:\/\/iips.usac.edu.gt\/wp-content\/uploads\/2024\/03\/Artboard-7-copy-300x300.png 300w, https:\/\/iips.usac.edu.gt\/wp-content\/uploads\/2024\/03\/Artboard-7-copy-150x150.png 150w, https:\/\/iips.usac.edu.gt\/wp-content\/uploads\/2024\/03\/Artboard-7-copy-768x768.png 768w, https:\/\/iips.usac.edu.gt\/wp-content\/uploads\/2024\/03\/Artboard-7-copy-270x270.png 270w, https:\/\/iips.usac.edu.gt\/wp-content\/uploads\/2024\/03\/Artboard-7-copy-230x230.png 230w, https:\/\/iips.usac.edu.gt\/wp-content\/uploads\/2024\/03\/Artboard-7-copy.png 1080w\" sizes=\"(max-width: 1024px) 100vw, 1024px\" \/><\/a><\/figure><div class=\"wp-block-media-text__content\">\n<p><strong>\u00c1rea de Estudios Pol\u00edticos<\/strong><\/p>\n<\/div><\/div>\n<\/div>\n<\/div>\n\n\n\n<div class=\"wp-block-columns is-layout-flex wp-container-core-columns-is-layout-2 wp-block-columns-is-layout-flex\">\n<div class=\"wp-block-column is-layout-flow wp-block-column-is-layout-flow\">\n<div class=\"wp-block-media-text has-media-on-the-right is-stacked-on-mobile\"><div class=\"wp-block-media-text__content\">\n<p><strong>\u00c1rea de Estudios Internacionales<\/strong><\/p>\n<\/div><figure class=\"wp-block-media-text__media\"><a href=\"https:\/\/iips.usac.edu.gt\/?page_id=1351\"><img loading=\"lazy\" decoding=\"async\" width=\"1024\" height=\"1024\" src=\"https:\/\/iips.usac.edu.gt\/wp-content\/uploads\/2024\/03\/Artboard-6-1024x1024.png\" alt=\"\" class=\"wp-image-6333 size-full\" srcset=\"https:\/\/iips.usac.edu.gt\/wp-content\/uploads\/2024\/03\/Artboard-6-1024x1024.png 1024w, https:\/\/iips.usac.edu.gt\/wp-content\/uploads\/2024\/03\/Artboard-6-300x300.png 300w, https:\/\/iips.usac.edu.gt\/wp-content\/uploads\/2024\/03\/Artboard-6-150x150.png 150w, https:\/\/iips.usac.edu.gt\/wp-content\/uploads\/2024\/03\/Artboard-6-768x768.png 768w, https:\/\/iips.usac.edu.gt\/wp-content\/uploads\/2024\/03\/Artboard-6-270x270.png 270w, https:\/\/iips.usac.edu.gt\/wp-content\/uploads\/2024\/03\/Artboard-6-230x230.png 230w, https:\/\/iips.usac.edu.gt\/wp-content\/uploads\/2024\/03\/Artboard-6.png 1080w\" sizes=\"(max-width: 1024px) 100vw, 1024px\" \/><\/a><\/figure><\/div>\n<\/div>\n\n\n\n<div class=\"wp-block-column is-layout-flow wp-block-column-is-layout-flow\">\n<div class=\"wp-block-media-text has-media-on-the-right is-stacked-on-mobile\"><div class=\"wp-block-media-text__content\">\n<p><strong>\u00c1rea de Estudios sobre Discapacidad<\/strong> <strong>e Inclusi\u00f3n<\/strong><\/p>\n<\/div><figure class=\"wp-block-media-text__media\"><a href=\"https:\/\/iips.usac.edu.gt\/?cat=65\"><img loading=\"lazy\" decoding=\"async\" width=\"1024\" height=\"1024\" src=\"https:\/\/iips.usac.edu.gt\/wp-content\/uploads\/2024\/03\/Artboard-7-copy-2-1024x1024.png\" alt=\"\" class=\"wp-image-6334 size-full\" srcset=\"https:\/\/iips.usac.edu.gt\/wp-content\/uploads\/2024\/03\/Artboard-7-copy-2-1024x1024.png 1024w, https:\/\/iips.usac.edu.gt\/wp-content\/uploads\/2024\/03\/Artboard-7-copy-2-300x300.png 300w, https:\/\/iips.usac.edu.gt\/wp-content\/uploads\/2024\/03\/Artboard-7-copy-2-150x150.png 150w, https:\/\/iips.usac.edu.gt\/wp-content\/uploads\/2024\/03\/Artboard-7-copy-2-768x768.png 768w, https:\/\/iips.usac.edu.gt\/wp-content\/uploads\/2024\/03\/Artboard-7-copy-2-270x270.png 270w, https:\/\/iips.usac.edu.gt\/wp-content\/uploads\/2024\/03\/Artboard-7-copy-2-230x230.png 230w, https:\/\/iips.usac.edu.gt\/wp-content\/uploads\/2024\/03\/Artboard-7-copy-2.png 1080w\" sizes=\"(max-width: 1024px) 100vw, 1024px\" \/><\/a><\/figure><\/div>\n<\/div>\n<\/div>\n","protected":false},"excerpt":{"rendered":"<p>El Instituto de Investigaciones Pol\u00edticas y Sociales -IIPS- cuenta con cuatro \u00e1reas de investigaci\u00f3n las cuales son: \u00c1rea de Estudios Sociol\u00f3gicos -AES-, \u00c1rea de Estudios Pol\u00edticos -AEP-, \u00c1rea de Estudios Internacionales -AEI- y el \u00c1rea de Estudios sobre Discapacidad -AED-. Cada una de ellas tiene a su cargo realizar, promover, divulgar y socializar investigaciones sobre [&hellip;]<\/p>\n","protected":false},"author":2,"featured_media":0,"parent":0,"menu_order":0,"comment_status":"closed","ping_status":"closed","template":"","meta":{"footnotes":""},"class_list":["post-1344","page","type-page","status-publish","czr-hentry"],"_links":{"self":[{"href":"https:\/\/iips.usac.edu.gt\/index.php?rest_route=\/wp\/v2\/pages\/1344"}],"collection":[{"href":"https:\/\/iips.usac.edu.gt\/index.php?rest_route=\/wp\/v2\/pages"}],"about":[{"href":"https:\/\/iips.usac.edu.gt\/index.php?rest_route=\/wp\/v2\/types\/page"}],"author":[{"embeddable":true,"href":"https:\/\/iips.usac.edu.gt\/index.php?rest_route=\/wp\/v2\/users\/2"}],"replies":[{"embeddable":true,"href":"https:\/\/iips.usac.edu.gt\/index.php?rest_route=%2Fwp%2Fv2%2Fcomments&post=1344"}],"version-history":[{"count":5,"href":"https:\/\/iips.usac.edu.gt\/index.php?rest_route=\/wp\/v2\/pages\/1344\/revisions"}],"predecessor-version":[{"id":6507,"href":"https:\/\/iips.usac.edu.gt\/index.php?rest_route=\/wp\/v2\/pages\/1344\/revisions\/6507"}],"wp:attachment":[{"href":"https:\/\/iips.usac.edu.gt\/index.php?rest_route=%2Fwp%2Fv2%2Fmedia&parent=1344"}],"curies":[{"name":"wp","href":"https:\/\/api.w.org\/{rel}","templated":true}]}}