{"id":1351,"date":"2018-06-18T14:09:29","date_gmt":"2018-06-18T14:09:29","guid":{"rendered":"https:\/\/iips.usac.edu.gt\/?page_id=1351"},"modified":"2018-08-03T23:52:25","modified_gmt":"2018-08-03T23:52:25","slug":"estudios-internacionales","status":"publish","type":"page","link":"https:\/\/iips.usac.edu.gt\/?page_id=1351","title":{"rendered":"\u00c1rea de Estudios Internacionales"},"content":{"rendered":"<h1><img loading=\"lazy\" decoding=\"async\" class=\"alignleft size-full wp-image-586\" src=\"https:\/\/iips.usac.edu.gt\/wp-content\/uploads\/2018\/02\/Introduccion-observatorio-horizontal-e1530122638693.jpg\" alt=\"\" width=\"2549\" height=\"2994\" srcset=\"https:\/\/iips.usac.edu.gt\/wp-content\/uploads\/2018\/02\/Introduccion-observatorio-horizontal-e1530122638693.jpg 2549w, https:\/\/iips.usac.edu.gt\/wp-content\/uploads\/2018\/02\/Introduccion-observatorio-horizontal-e1530122638693-255x300.jpg 255w, https:\/\/iips.usac.edu.gt\/wp-content\/uploads\/2018\/02\/Introduccion-observatorio-horizontal-e1530122638693-768x902.jpg 768w, https:\/\/iips.usac.edu.gt\/wp-content\/uploads\/2018\/02\/Introduccion-observatorio-horizontal-e1530122638693-872x1024.jpg 872w\" sizes=\"(max-width: 2549px) 100vw, 2549px\" \/><\/h1>\n<hr \/>\n<h1>Consulta Popular sobre el Diferendo Territorial, Insular y Mar\u00edtimo entre Guatemala y Belice, abril 2018.<\/h1>\n<p>&nbsp;<\/p>\n<p>Sondeos de opini\u00f3n acerca de la Consulta Popular sobre el Diferendo Territorial, Insular y Mar\u00edtimo.<\/p>\n<p><img loading=\"lazy\" decoding=\"async\" class=\"alignleft size-full wp-image-1116\" src=\"https:\/\/iips.usac.edu.gt\/wp-content\/uploads\/2018\/02\/Consulta-Popular-Sondeo-1-p7.jpg\" alt=\"\" width=\"1280\" height=\"720\" srcset=\"https:\/\/iips.usac.edu.gt\/wp-content\/uploads\/2018\/02\/Consulta-Popular-Sondeo-1-p7.jpg 1280w, https:\/\/iips.usac.edu.gt\/wp-content\/uploads\/2018\/02\/Consulta-Popular-Sondeo-1-p7-300x169.jpg 300w, https:\/\/iips.usac.edu.gt\/wp-content\/uploads\/2018\/02\/Consulta-Popular-Sondeo-1-p7-768x432.jpg 768w, https:\/\/iips.usac.edu.gt\/wp-content\/uploads\/2018\/02\/Consulta-Popular-Sondeo-1-p7-1024x576.jpg 1024w\" sizes=\"(max-width: 1280px) 100vw, 1280px\" \/><\/p>\n<p>&nbsp;<\/p>\n<p><img loading=\"lazy\" decoding=\"async\" class=\"alignleft size-full wp-image-1111\" src=\"https:\/\/iips.usac.edu.gt\/wp-content\/uploads\/2018\/02\/Consulta-Popular-Sondeo-1-p2.jpg\" alt=\"\" width=\"1280\" height=\"720\" srcset=\"https:\/\/iips.usac.edu.gt\/wp-content\/uploads\/2018\/02\/Consulta-Popular-Sondeo-1-p2.jpg 1280w, https:\/\/iips.usac.edu.gt\/wp-content\/uploads\/2018\/02\/Consulta-Popular-Sondeo-1-p2-300x169.jpg 300w, https:\/\/iips.usac.edu.gt\/wp-content\/uploads\/2018\/02\/Consulta-Popular-Sondeo-1-p2-768x432.jpg 768w, https:\/\/iips.usac.edu.gt\/wp-content\/uploads\/2018\/02\/Consulta-Popular-Sondeo-1-p2-1024x576.jpg 1024w\" sizes=\"(max-width: 1280px) 100vw, 1280px\" \/><\/p>\n<p><img loading=\"lazy\" decoding=\"async\" class=\"alignleft size-full wp-image-1112\" src=\"https:\/\/iips.usac.edu.gt\/wp-content\/uploads\/2018\/02\/Consulta-Popular-Sondeo-1-p3.jpg\" alt=\"\" width=\"1280\" height=\"720\" srcset=\"https:\/\/iips.usac.edu.gt\/wp-content\/uploads\/2018\/02\/Consulta-Popular-Sondeo-1-p3.jpg 1280w, https:\/\/iips.usac.edu.gt\/wp-content\/uploads\/2018\/02\/Consulta-Popular-Sondeo-1-p3-300x169.jpg 300w, https:\/\/iips.usac.edu.gt\/wp-content\/uploads\/2018\/02\/Consulta-Popular-Sondeo-1-p3-768x432.jpg 768w, https:\/\/iips.usac.edu.gt\/wp-content\/uploads\/2018\/02\/Consulta-Popular-Sondeo-1-p3-1024x576.jpg 1024w\" sizes=\"(max-width: 1280px) 100vw, 1280px\" \/><\/p>\n<p><img loading=\"lazy\" decoding=\"async\" class=\"alignleft size-full wp-image-1113\" src=\"https:\/\/iips.usac.edu.gt\/wp-content\/uploads\/2018\/02\/Consulta-Popular-Sondeo-1-p4.jpg\" alt=\"\" width=\"1280\" height=\"720\" srcset=\"https:\/\/iips.usac.edu.gt\/wp-content\/uploads\/2018\/02\/Consulta-Popular-Sondeo-1-p4.jpg 1280w, https:\/\/iips.usac.edu.gt\/wp-content\/uploads\/2018\/02\/Consulta-Popular-Sondeo-1-p4-300x169.jpg 300w, https:\/\/iips.usac.edu.gt\/wp-content\/uploads\/2018\/02\/Consulta-Popular-Sondeo-1-p4-768x432.jpg 768w, https:\/\/iips.usac.edu.gt\/wp-content\/uploads\/2018\/02\/Consulta-Popular-Sondeo-1-p4-1024x576.jpg 1024w\" sizes=\"(max-width: 1280px) 100vw, 1280px\" \/><\/p>\n<p><img loading=\"lazy\" decoding=\"async\" class=\"alignleft size-full wp-image-1114\" src=\"https:\/\/iips.usac.edu.gt\/wp-content\/uploads\/2018\/02\/Consulta-Popular-Sondeo-1-p5.jpg\" alt=\"\" width=\"1280\" height=\"720\" srcset=\"https:\/\/iips.usac.edu.gt\/wp-content\/uploads\/2018\/02\/Consulta-Popular-Sondeo-1-p5.jpg 1280w, https:\/\/iips.usac.edu.gt\/wp-content\/uploads\/2018\/02\/Consulta-Popular-Sondeo-1-p5-300x169.jpg 300w, https:\/\/iips.usac.edu.gt\/wp-content\/uploads\/2018\/02\/Consulta-Popular-Sondeo-1-p5-768x432.jpg 768w, https:\/\/iips.usac.edu.gt\/wp-content\/uploads\/2018\/02\/Consulta-Popular-Sondeo-1-p5-1024x576.jpg 1024w\" sizes=\"(max-width: 1280px) 100vw, 1280px\" \/><\/p>\n<p><img loading=\"lazy\" decoding=\"async\" class=\"alignleft size-full wp-image-1115\" src=\"https:\/\/iips.usac.edu.gt\/wp-content\/uploads\/2018\/02\/Consulta-Popular-Sondeo-1-p6.jpg\" alt=\"\" width=\"1280\" height=\"720\" srcset=\"https:\/\/iips.usac.edu.gt\/wp-content\/uploads\/2018\/02\/Consulta-Popular-Sondeo-1-p6.jpg 1280w, https:\/\/iips.usac.edu.gt\/wp-content\/uploads\/2018\/02\/Consulta-Popular-Sondeo-1-p6-300x169.jpg 300w, https:\/\/iips.usac.edu.gt\/wp-content\/uploads\/2018\/02\/Consulta-Popular-Sondeo-1-p6-768x432.jpg 768w, https:\/\/iips.usac.edu.gt\/wp-content\/uploads\/2018\/02\/Consulta-Popular-Sondeo-1-p6-1024x576.jpg 1024w\" sizes=\"(max-width: 1280px) 100vw, 1280px\" \/><\/p>\n<p>&nbsp;<\/p>\n<p><img loading=\"lazy\" decoding=\"async\" class=\"alignleft wp-image-856 size-full\" src=\"https:\/\/iips.usac.edu.gt\/wp-content\/uploads\/2017\/09\/0001-2-e1531764435550.jpg\" width=\"2481\" height=\"3104\" srcset=\"https:\/\/iips.usac.edu.gt\/wp-content\/uploads\/2017\/09\/0001-2-e1531764435550.jpg 2481w, https:\/\/iips.usac.edu.gt\/wp-content\/uploads\/2017\/09\/0001-2-e1531764435550-240x300.jpg 240w, https:\/\/iips.usac.edu.gt\/wp-content\/uploads\/2017\/09\/0001-2-e1531764435550-768x961.jpg 768w, https:\/\/iips.usac.edu.gt\/wp-content\/uploads\/2017\/09\/0001-2-e1531764435550-818x1024.jpg 818w\" sizes=\"(max-width: 2481px) 100vw, 2481px\" \/><\/p>\n<p><img loading=\"lazy\" decoding=\"async\" class=\"alignleft wp-image-857 size-full\" src=\"https:\/\/iips.usac.edu.gt\/wp-content\/uploads\/2017\/09\/0002-2-e1531764385566.jpg\" width=\"2464\" height=\"3113\" srcset=\"https:\/\/iips.usac.edu.gt\/wp-content\/uploads\/2017\/09\/0002-2-e1531764385566.jpg 2464w, https:\/\/iips.usac.edu.gt\/wp-content\/uploads\/2017\/09\/0002-2-e1531764385566-237x300.jpg 237w, https:\/\/iips.usac.edu.gt\/wp-content\/uploads\/2017\/09\/0002-2-e1531764385566-768x970.jpg 768w, https:\/\/iips.usac.edu.gt\/wp-content\/uploads\/2017\/09\/0002-2-e1531764385566-811x1024.jpg 811w\" sizes=\"(max-width: 2464px) 100vw, 2464px\" \/><\/p>\n<p><img loading=\"lazy\" decoding=\"async\" class=\"alignleft wp-image-858 size-full\" src=\"https:\/\/iips.usac.edu.gt\/wp-content\/uploads\/2017\/09\/0003-e1531764339829.jpg\" width=\"2481\" height=\"3130\" srcset=\"https:\/\/iips.usac.edu.gt\/wp-content\/uploads\/2017\/09\/0003-e1531764339829.jpg 2481w, https:\/\/iips.usac.edu.gt\/wp-content\/uploads\/2017\/09\/0003-e1531764339829-238x300.jpg 238w, https:\/\/iips.usac.edu.gt\/wp-content\/uploads\/2017\/09\/0003-e1531764339829-768x969.jpg 768w, https:\/\/iips.usac.edu.gt\/wp-content\/uploads\/2017\/09\/0003-e1531764339829-812x1024.jpg 812w\" sizes=\"(max-width: 2481px) 100vw, 2481px\" \/><\/p>\n<p><img loading=\"lazy\" decoding=\"async\" class=\"alignleft wp-image-673\" src=\"https:\/\/iips.usac.edu.gt\/wp-content\/uploads\/2018\/02\/belice-1-e1530552627952.jpg\" width=\"1143\" height=\"1525\" srcset=\"https:\/\/iips.usac.edu.gt\/wp-content\/uploads\/2018\/02\/belice-1-e1530552627952.jpg 1089w, https:\/\/iips.usac.edu.gt\/wp-content\/uploads\/2018\/02\/belice-1-e1530552627952-225x300.jpg 225w, https:\/\/iips.usac.edu.gt\/wp-content\/uploads\/2018\/02\/belice-1-e1530552627952-768x1024.jpg 768w\" sizes=\"(max-width: 1143px) 100vw, 1143px\" \/><\/p>\n<p><img loading=\"lazy\" decoding=\"async\" class=\"alignleft size-full wp-image-667\" src=\"https:\/\/iips.usac.edu.gt\/wp-content\/uploads\/2018\/02\/belice2-e1530552605357.jpg\" alt=\"\" width=\"1155\" height=\"1456\" srcset=\"https:\/\/iips.usac.edu.gt\/wp-content\/uploads\/2018\/02\/belice2-e1530552605357.jpg 1155w, https:\/\/iips.usac.edu.gt\/wp-content\/uploads\/2018\/02\/belice2-e1530552605357-238x300.jpg 238w, https:\/\/iips.usac.edu.gt\/wp-content\/uploads\/2018\/02\/belice2-e1530552605357-768x968.jpg 768w, https:\/\/iips.usac.edu.gt\/wp-content\/uploads\/2018\/02\/belice2-e1530552605357-812x1024.jpg 812w\" sizes=\"(max-width: 1155px) 100vw, 1155px\" \/><\/p>\n<p>&nbsp;<\/p>\n<p>&nbsp;<\/p>\n<p>&nbsp;<\/p>\n<p><img loading=\"lazy\" decoding=\"async\" class=\"alignleft size-full wp-image-668\" src=\"https:\/\/iips.usac.edu.gt\/wp-content\/uploads\/2018\/02\/belice3-e1530552726783.jpg\" alt=\"\" width=\"1146\" height=\"1480\" srcset=\"https:\/\/iips.usac.edu.gt\/wp-content\/uploads\/2018\/02\/belice3-e1530552726783.jpg 1146w, https:\/\/iips.usac.edu.gt\/wp-content\/uploads\/2018\/02\/belice3-e1530552726783-232x300.jpg 232w, https:\/\/iips.usac.edu.gt\/wp-content\/uploads\/2018\/02\/belice3-e1530552726783-768x992.jpg 768w, https:\/\/iips.usac.edu.gt\/wp-content\/uploads\/2018\/02\/belice3-e1530552726783-793x1024.jpg 793w\" sizes=\"(max-width: 1146px) 100vw, 1146px\" \/><\/p>\n","protected":false},"excerpt":{"rendered":"<p>Consulta Popular sobre el Diferendo Territorial, Insular y Mar\u00edtimo entre Guatemala y Belice, abril 2018. &nbsp; Sondeos de opini\u00f3n acerca de la Consulta Popular sobre el Diferendo Territorial, Insular y Mar\u00edtimo. &nbsp; &nbsp; &nbsp; &nbsp; &nbsp;<\/p>\n","protected":false},"author":2,"featured_media":0,"parent":0,"menu_order":0,"comment_status":"closed","ping_status":"closed","template":"","meta":{"footnotes":""},"class_list":["post-1351","page","type-page","status-publish","czr-hentry"],"_links":{"self":[{"href":"https:\/\/iips.usac.edu.gt\/index.php?rest_route=\/wp\/v2\/pages\/1351"}],"collection":[{"href":"https:\/\/iips.usac.edu.gt\/index.php?rest_route=\/wp\/v2\/pages"}],"about":[{"href":"https:\/\/iips.usac.edu.gt\/index.php?rest_route=\/wp\/v2\/types\/page"}],"author":[{"embeddable":true,"href":"https:\/\/iips.usac.edu.gt\/index.php?rest_route=\/wp\/v2\/users\/2"}],"replies":[{"embeddable":true,"href":"https:\/\/iips.usac.edu.gt\/index.php?rest_route=%2Fwp%2Fv2%2Fcomments&post=1351"}],"version-history":[{"count":8,"href":"https:\/\/iips.usac.edu.gt\/index.php?rest_route=\/wp\/v2\/pages\/1351\/revisions"}],"predecessor-version":[{"id":1873,"href":"https:\/\/iips.usac.edu.gt\/index.php?rest_route=\/wp\/v2\/pages\/1351\/revisions\/1873"}],"wp:attachment":[{"href":"https:\/\/iips.usac.edu.gt\/index.php?rest_route=%2Fwp%2Fv2%2Fmedia&parent=1351"}],"curies":[{"name":"wp","href":"https:\/\/api.w.org\/{rel}","templated":true}]}}