{"id":1362,"date":"2018-06-18T14:14:42","date_gmt":"2018-06-18T14:14:42","guid":{"rendered":"https:\/\/iips.usac.edu.gt\/?page_id=1362"},"modified":"2018-10-24T21:53:40","modified_gmt":"2018-10-24T21:53:40","slug":"monitoreo-de-medios","status":"publish","type":"page","link":"https:\/\/iips.usac.edu.gt\/?page_id=1362","title":{"rendered":"Monitoreo de medios"},"content":{"rendered":"<h6 style=\"text-align: center;\">El Instituto de Investigaciones Pol\u00edticas y Sociales pone a su disposici\u00f3n la informaci\u00f3n recopilada en el Monitoreo de Medios<\/h6>\n<p style=\"text-align: center;\">El cual fue realizado durante los a\u00f1os 2016, 2017 y el primer semestre del a\u00f1o 2018.\u00a0Puede consultarse al dar click en la imagen.<\/p>\n<div><\/div>\n<div><a href=\"https:\/\/docs.google.com\/spreadsheets\/d\/1MvUjENWT0MaWkCuxcUxe5hOdABWyCjb4Ym-OXtxQbfg\/edit?usp=sharing\" target=\"_blank\" rel=\"noopener\"><img loading=\"lazy\" decoding=\"async\" class=\"alignleft wp-image-2167 size-full\" src=\"https:\/\/iips.usac.edu.gt\/wp-content\/uploads\/2018\/10\/3.png\" alt=\"\" width=\"940\" height=\"788\" srcset=\"https:\/\/iips.usac.edu.gt\/wp-content\/uploads\/2018\/10\/3.png 940w, https:\/\/iips.usac.edu.gt\/wp-content\/uploads\/2018\/10\/3-300x251.png 300w, https:\/\/iips.usac.edu.gt\/wp-content\/uploads\/2018\/10\/3-768x644.png 768w\" sizes=\"(max-width: 940px) 100vw, 940px\" \/><\/a><\/div>\n<div><\/div>\n<div><\/div>\n<div><\/div>\n<div><\/div>\n<div><\/div>\n<div><\/div>\n","protected":false},"excerpt":{"rendered":"<p>El Instituto de Investigaciones Pol\u00edticas y Sociales pone a su disposici\u00f3n la informaci\u00f3n recopilada en el Monitoreo de Medios El cual fue realizado durante los a\u00f1os 2016, 2017 y el primer semestre del a\u00f1o 2018.\u00a0Puede consultarse al dar click en la imagen.<\/p>\n","protected":false},"author":2,"featured_media":0,"parent":0,"menu_order":0,"comment_status":"closed","ping_status":"closed","template":"","meta":{"footnotes":""},"class_list":["post-1362","page","type-page","status-publish","czr-hentry"],"_links":{"self":[{"href":"https:\/\/iips.usac.edu.gt\/index.php?rest_route=\/wp\/v2\/pages\/1362"}],"collection":[{"href":"https:\/\/iips.usac.edu.gt\/index.php?rest_route=\/wp\/v2\/pages"}],"about":[{"href":"https:\/\/iips.usac.edu.gt\/index.php?rest_route=\/wp\/v2\/types\/page"}],"author":[{"embeddable":true,"href":"https:\/\/iips.usac.edu.gt\/index.php?rest_route=\/wp\/v2\/users\/2"}],"replies":[{"embeddable":true,"href":"https:\/\/iips.usac.edu.gt\/index.php?rest_route=%2Fwp%2Fv2%2Fcomments&post=1362"}],"version-history":[{"count":5,"href":"https:\/\/iips.usac.edu.gt\/index.php?rest_route=\/wp\/v2\/pages\/1362\/revisions"}],"predecessor-version":[{"id":2172,"href":"https:\/\/iips.usac.edu.gt\/index.php?rest_route=\/wp\/v2\/pages\/1362\/revisions\/2172"}],"wp:attachment":[{"href":"https:\/\/iips.usac.edu.gt\/index.php?rest_route=%2Fwp%2Fv2%2Fmedia&parent=1362"}],"curies":[{"name":"wp","href":"https:\/\/api.w.org\/{rel}","templated":true}]}}