{"id":1436,"date":"2018-06-28T17:18:54","date_gmt":"2018-06-28T17:18:54","guid":{"rendered":"https:\/\/iips.usac.edu.gt\/?page_id=1436"},"modified":"2024-03-19T14:36:31","modified_gmt":"2024-03-19T14:36:31","slug":"2018-2","status":"publish","type":"page","link":"https:\/\/iips.usac.edu.gt\/?page_id=1436","title":{"rendered":"2018"},"content":{"rendered":"\n<ul class=\"wp-block-list\">\n<li><a href=\"https:\/\/iips.usac.edu.gt\/wp-content\/uploads\/2024\/03\/IIPS-Opina-01-2018.pdf\">IIPS Opina No. 1 &#8211; Gesti\u00f3n metropolitana en Guatemala: en busca de la t\u00e9cnica de la decisi\u00f3n pol\u00edtica<\/a> &#8211; Jorge Arag\u00f3n<\/li>\n\n\n\n<li><a href=\"https:\/\/iips.usac.edu.gt\/wp-content\/uploads\/2024\/03\/IIPS-Opina-02-2018.pdf\">IIPS Opina No. 2 &#8211; Cambia, todo cambia\u2026<\/a> &#8211; Manuel Rivera<\/li>\n\n\n\n<li><a href=\"https:\/\/iips.usac.edu.gt\/wp-content\/uploads\/2024\/03\/IIPS-Opina-03-2018.pdf\">IIPS Opina No. 3 &#8211; A 16 a\u00f1os del censo: nuevo estudio del contexto guatemalteco<\/a> &#8211; Francisco Sim\u00f3n Francisco<\/li>\n\n\n\n<li><a href=\"https:\/\/iips.usac.edu.gt\/wp-content\/uploads\/2024\/03\/IIPS-Opina-04-2018.pdf\">IIPS Opina No. 4 &#8211; La Reforma Universitaria para una alteridad en la USAC<\/a> &#8211; Rosaura Raguex<\/li>\n\n\n\n<li><a href=\"https:\/\/iips.usac.edu.gt\/wp-content\/uploads\/2024\/03\/IIPS-Opina-05-2018.pdf\">IIPS Opina No. 5 &#8211; En busca del mejor escritor de luz <\/a>&#8211; Milton Ju\u00e1rez<\/li>\n\n\n\n<li><a href=\"https:\/\/iips.usac.edu.gt\/wp-content\/uploads\/2024\/03\/IIPS-Opina-06-2018.pdf\">IIPS Opina No. 6 &#8211; Partidos emergentes para el proceso electoral 2019: \u00bfnueva o vieja pol\u00edtica?<\/a> &#8211; Andrea Hern\u00e1ndez<\/li>\n\n\n\n<li><a href=\"https:\/\/iips.usac.edu.gt\/wp-content\/uploads\/2024\/03\/IIPS-Opina-07-2018.pdf\">IIPS Opina No. 7 &#8211; Implementaci\u00f3n de la Gu\u00eda de Resposabilidad Social -Norma ISO 26000- en la Universidad de San Carlos de Guatemala<\/a> &#8211; Blanca Sosa<\/li>\n\n\n\n<li><a href=\"https:\/\/iips.usac.edu.gt\/wp-content\/uploads\/2024\/03\/IIPS-Opina-09-2018.pdf\">IIPS Opina No. 9 &#8211; Uber, Aibnb\u2026 &#8220;Los globalistas en Guatemala&#8221;<\/a> &#8211; Karen Ar\u00e9valo<\/li>\n\n\n\n<li><a href=\"https:\/\/iips.usac.edu.gt\/wp-content\/uploads\/2024\/03\/IIPS-Opina-10-2018.pdf\">IIPS Opina No. 10 &#8211; Antes del exist\u00eda mayor inclusi\u00f3n laboral<\/a> &#8211; Gabriel Escobar<\/li>\n\n\n\n<li><a href=\"https:\/\/iips.usac.edu.gt\/wp-content\/uploads\/2024\/03\/IIPS-Opina-11-2018.pdf\">IIPS Opina No. 11 &#8211; Sumak Kawsay como estrategia del contrato social metropolitano<\/a> &#8211; Jorge Arag\u00f3n<\/li>\n\n\n\n<li><a href=\"https:\/\/iips.usac.edu.gt\/wp-content\/uploads\/2024\/03\/IIPS-Opina-13-2018.pdf\">IIPS Opina No. 13 &#8211; \u00bfCrisis de la Sociolog\u00eda o Sociolog\u00eda de la Crisis?<\/a> &#8211; Manuel Rivera<\/li>\n\n\n\n<li><a href=\"https:\/\/iips.usac.edu.gt\/wp-content\/uploads\/2024\/03\/IIPS-Opina-14-2018.pdf\">IIPS Opina No. 14 &#8211; Migraci\u00f3n: Estrategia de sobrevivencia<\/a> &#8211; Francisco Sim\u00f3n Francisco<\/li>\n\n\n\n<li><a href=\"https:\/\/iips.usac.edu.gt\/wp-content\/uploads\/2024\/03\/IIPS-Opina-15-2018.pdf\">IIPS Opina No. 15 &#8211; &#8220;Si me permiten hablar\u2026&#8221;<\/a> &#8211; Rosaura Raguex<\/li>\n\n\n\n<li><a href=\"https:\/\/iips.usac.edu.gt\/wp-content\/uploads\/2024\/03\/IIPS-Opina-16-2018.pdf\">IIPS Opina No. 16 &#8211; Brasil, harto de la corrupci\u00f3n y de la izquierda elige a un presidente harto del sitema y de la tolerancia <\/a>&#8211; Andrea Hern\u00e1ndez<\/li>\n\n\n\n<li><a href=\"https:\/\/iips.usac.edu.gt\/wp-content\/uploads\/2024\/03\/IIPS-Opina-17-2018.pdf\">IIPS Opina No. 17 &#8211; La USAC en crisis\u2026<\/a> &#8211; Blanca Sosa<\/li>\n\n\n\n<li><a href=\"https:\/\/iips.usac.edu.gt\/wp-content\/uploads\/2024\/03\/IIPS-Opina-18-2018.pdf\">IIPS Opina No. 18 &#8211; Guatemala: primer pa\u00eds que incluye en su legislaci\u00f3n el intercambio de libros accesibles con otras naciones<\/a> &#8211; Gabriel Escobar<\/li>\n\n\n\n<li><a href=\"https:\/\/iips.usac.edu.gt\/wp-content\/uploads\/2024\/03\/IIPS-Opina-19-2018.pdf\">IIPS Opina No. 19 &#8211; El \u00e9xodo hondure\u00f1o: un efecto domin\u00f3 en la regi\u00f3n centroamericana<\/a> &#8211; Karen Ar\u00e9valo<\/li>\n\n\n\n<li><a href=\"https:\/\/iips.usac.edu.gt\/wp-content\/uploads\/2024\/03\/IIPS-Opina-20-2018.pdf\">IIPS Opina No. 20 &#8211; Nuevos actores, el mismo gui\u00f3n\u2026<\/a> &#8211; Cenia Marroqu\u00edn<\/li>\n<\/ul>\n","protected":false},"excerpt":{"rendered":"","protected":false},"author":2,"featured_media":0,"parent":0,"menu_order":0,"comment_status":"closed","ping_status":"closed","template":"","meta":{"footnotes":""},"class_list":["post-1436","page","type-page","status-publish","czr-hentry"],"_links":{"self":[{"href":"https:\/\/iips.usac.edu.gt\/index.php?rest_route=\/wp\/v2\/pages\/1436"}],"collection":[{"href":"https:\/\/iips.usac.edu.gt\/index.php?rest_route=\/wp\/v2\/pages"}],"about":[{"href":"https:\/\/iips.usac.edu.gt\/index.php?rest_route=\/wp\/v2\/types\/page"}],"author":[{"embeddable":true,"href":"https:\/\/iips.usac.edu.gt\/index.php?rest_route=\/wp\/v2\/users\/2"}],"replies":[{"embeddable":true,"href":"https:\/\/iips.usac.edu.gt\/index.php?rest_route=%2Fwp%2Fv2%2Fcomments&post=1436"}],"version-history":[{"count":2,"href":"https:\/\/iips.usac.edu.gt\/index.php?rest_route=\/wp\/v2\/pages\/1436\/revisions"}],"predecessor-version":[{"id":6397,"href":"https:\/\/iips.usac.edu.gt\/index.php?rest_route=\/wp\/v2\/pages\/1436\/revisions\/6397"}],"wp:attachment":[{"href":"https:\/\/iips.usac.edu.gt\/index.php?rest_route=%2Fwp%2Fv2%2Fmedia&parent=1436"}],"curies":[{"name":"wp","href":"https:\/\/api.w.org\/{rel}","templated":true}]}}