{"id":151,"date":"2017-09-18T16:02:36","date_gmt":"2017-09-18T16:02:36","guid":{"rendered":"http:\/\/c3.usac.edu.gt\/iips.usac.edu.gt\/public_html\/?page_id=151"},"modified":"2024-03-19T14:49:31","modified_gmt":"2024-03-19T14:49:31","slug":"iips-opina","status":"publish","type":"page","link":"https:\/\/iips.usac.edu.gt\/?page_id=151","title":{"rendered":"IIPS Opina"},"content":{"rendered":"\n<p>IIPS Opina es una iniciativa en la que tanto los miembros del Instituto, investigadores y auxiliares, como algunos autores invitados, presentan columnas de opini\u00f3n breves sobre temas de inter\u00e9s seg\u00fan su \u00e1rea de especialidad. Estas columnas pretenden ser iniciadoras de debates, m\u00e1s que posturas definitivas sobre las cuestiones que en ellas se tratan.<\/p>\n\n\n\n<p>El prop\u00f3sito de esta iniciativa es brindar a los autores de un espacio donde puedan reflexionar e invitar a la reflexi\u00f3n, con un enfoque acad\u00e9mico y serio, en torno a las disciplinas de las ciencias sociales que se practican y promueven desde la Escuela de Ciencia Pol\u00edtica de la Universidad de San Carlos.<\/p>\n\n\n\n<div class=\"wp-block-buttons is-content-justification-center is-layout-flex wp-container-core-buttons-is-layout-1 wp-block-buttons-is-layout-flex\">\n<div class=\"wp-block-button has-custom-width wp-block-button__width-25 is-style-fill\"><a class=\"wp-block-button__link has-vivid-cyan-blue-background-color has-background wp-element-button\" href=\"https:\/\/iips.usac.edu.gt\/?page_id=3654\">2020<\/a><\/div>\n\n\n\n<div class=\"wp-block-button has-custom-width wp-block-button__width-25\"><a class=\"wp-block-button__link has-vivid-cyan-blue-background-color has-background wp-element-button\" href=\"https:\/\/iips.usac.edu.gt\/?page_id=2348\">2019<\/a><\/div>\n\n\n\n<div class=\"wp-block-button has-custom-width wp-block-button__width-25 is-style-fill\"><a class=\"wp-block-button__link has-vivid-cyan-blue-background-color has-background wp-element-button\" href=\"https:\/\/iips.usac.edu.gt\/?page_id=1436\">2018<\/a><\/div>\n<\/div>\n","protected":false},"excerpt":{"rendered":"<p>IIPS Opina es una iniciativa en la que tanto los miembros del Instituto, investigadores y auxiliares, como algunos autores invitados, presentan columnas de opini\u00f3n breves sobre temas de inter\u00e9s seg\u00fan su \u00e1rea de especialidad. Estas columnas pretenden ser iniciadoras de debates, m\u00e1s que posturas definitivas sobre las cuestiones que en ellas se tratan. El prop\u00f3sito [&hellip;]<\/p>\n","protected":false},"author":2,"featured_media":0,"parent":0,"menu_order":0,"comment_status":"closed","ping_status":"closed","template":"","meta":{"footnotes":""},"class_list":["post-151","page","type-page","status-publish","czr-hentry"],"_links":{"self":[{"href":"https:\/\/iips.usac.edu.gt\/index.php?rest_route=\/wp\/v2\/pages\/151"}],"collection":[{"href":"https:\/\/iips.usac.edu.gt\/index.php?rest_route=\/wp\/v2\/pages"}],"about":[{"href":"https:\/\/iips.usac.edu.gt\/index.php?rest_route=\/wp\/v2\/types\/page"}],"author":[{"embeddable":true,"href":"https:\/\/iips.usac.edu.gt\/index.php?rest_route=\/wp\/v2\/users\/2"}],"replies":[{"embeddable":true,"href":"https:\/\/iips.usac.edu.gt\/index.php?rest_route=%2Fwp%2Fv2%2Fcomments&post=151"}],"version-history":[{"count":7,"href":"https:\/\/iips.usac.edu.gt\/index.php?rest_route=\/wp\/v2\/pages\/151\/revisions"}],"predecessor-version":[{"id":6406,"href":"https:\/\/iips.usac.edu.gt\/index.php?rest_route=\/wp\/v2\/pages\/151\/revisions\/6406"}],"wp:attachment":[{"href":"https:\/\/iips.usac.edu.gt\/index.php?rest_route=%2Fwp%2Fv2%2Fmedia&parent=151"}],"curies":[{"name":"wp","href":"https:\/\/api.w.org\/{rel}","templated":true}]}}