{"id":1792,"date":"2018-07-19T17:46:51","date_gmt":"2018-07-19T17:46:51","guid":{"rendered":"https:\/\/iips.usac.edu.gt\/?page_id=1792"},"modified":"2018-07-19T17:46:54","modified_gmt":"2018-07-19T17:46:54","slug":"conversatorio-analisis-economico-de-las-decisiones-publicas","status":"publish","type":"page","link":"https:\/\/iips.usac.edu.gt\/?page_id=1792","title":{"rendered":"Conversatorio: An\u00e1lisis Econ\u00f3mico de las Decisiones P\u00fablicas"},"content":{"rendered":"<p><img loading=\"lazy\" decoding=\"async\" class=\"alignleft size-full wp-image-1793\" src=\"https:\/\/iips.usac.edu.gt\/wp-content\/uploads\/2018\/07\/Sin-t\u00edtulo.jpg\" alt=\"\" width=\"947\" height=\"539\" srcset=\"https:\/\/iips.usac.edu.gt\/wp-content\/uploads\/2018\/07\/Sin-t\u00edtulo.jpg 947w, https:\/\/iips.usac.edu.gt\/wp-content\/uploads\/2018\/07\/Sin-t\u00edtulo-300x171.jpg 300w, https:\/\/iips.usac.edu.gt\/wp-content\/uploads\/2018\/07\/Sin-t\u00edtulo-768x437.jpg 768w\" sizes=\"(max-width: 947px) 100vw, 947px\" \/><\/p>\n","protected":false},"excerpt":{"rendered":"","protected":false},"author":2,"featured_media":0,"parent":0,"menu_order":0,"comment_status":"closed","ping_status":"closed","template":"","meta":{"footnotes":""},"class_list":["post-1792","page","type-page","status-publish","czr-hentry"],"_links":{"self":[{"href":"https:\/\/iips.usac.edu.gt\/index.php?rest_route=\/wp\/v2\/pages\/1792"}],"collection":[{"href":"https:\/\/iips.usac.edu.gt\/index.php?rest_route=\/wp\/v2\/pages"}],"about":[{"href":"https:\/\/iips.usac.edu.gt\/index.php?rest_route=\/wp\/v2\/types\/page"}],"author":[{"embeddable":true,"href":"https:\/\/iips.usac.edu.gt\/index.php?rest_route=\/wp\/v2\/users\/2"}],"replies":[{"embeddable":true,"href":"https:\/\/iips.usac.edu.gt\/index.php?rest_route=%2Fwp%2Fv2%2Fcomments&post=1792"}],"version-history":[{"count":1,"href":"https:\/\/iips.usac.edu.gt\/index.php?rest_route=\/wp\/v2\/pages\/1792\/revisions"}],"predecessor-version":[{"id":1795,"href":"https:\/\/iips.usac.edu.gt\/index.php?rest_route=\/wp\/v2\/pages\/1792\/revisions\/1795"}],"wp:attachment":[{"href":"https:\/\/iips.usac.edu.gt\/index.php?rest_route=%2Fwp%2Fv2%2Fmedia&parent=1792"}],"curies":[{"name":"wp","href":"https:\/\/api.w.org\/{rel}","templated":true}]}}