{"id":1852,"date":"2018-07-30T18:36:57","date_gmt":"2018-07-30T18:36:57","guid":{"rendered":"https:\/\/iips.usac.edu.gt\/?page_id=1852"},"modified":"2018-07-30T19:04:07","modified_gmt":"2018-07-30T19:04:07","slug":"revista-perfiles","status":"publish","type":"page","link":"https:\/\/iips.usac.edu.gt\/?page_id=1852","title":{"rendered":"Revista Perfiles"},"content":{"rendered":"<h4 style=\"text-align: center;\"><a href=\"http:\/\/www.flacso.edu.mx\/revistas\/perfiles\/969\" target=\"_blank\"><img loading=\"lazy\" decoding=\"async\" class=\"alignleft wp-image-1857 size-full\" src=\"https:\/\/iips.usac.edu.gt\/wp-content\/uploads\/2018\/07\/Perfiles-No.-52.jpg\" width=\"1200\" height=\"900\" \/><\/a><\/h4>\n<h4 style=\"text-align: center;\"><b><span lang=\"ES-TRAD\">PERFILES 52: METODOLOG\u00cdAS PARA LAS CIENCIAS SOCIALES, DIN\u00c1MICAS ECON\u00d3MICAS Y NUEVOS PROCESOS POL\u00cdTICOS DE AM\u00c9RICA LATINA<\/span><\/b><\/h4>\n<p class=\"m_3417229123112510151m_4288443592370970278ydp6b494966yiv2653472512MsoNormal\"><b><span lang=\"ES-TRAD\">Ciudad de M\u00e9xico, 24 de julio de 2018.\u00a0<\/span><\/b><span lang=\"ES-TRAD\">El n\u00famero 52 de la\u00a0<\/span><span lang=\"ES-TRAD\"><a href=\"http:\/\/bit.ly\/PerfilesLAT\" target=\"_blank\" rel=\"nofollow\" data-saferedirecturl=\"https:\/\/www.google.com\/url?q=http:\/\/bit.ly\/PerfilesLAT&amp;source=gmail&amp;ust=1533063188377000&amp;usg=AFQjCNFHIeIMqRScb0XevhPf-QTknrFQBQ\"><b><i>Revista Perfiles Latinoamericanos<\/i><\/b><\/a><\/span><span lang=\"ES-TRAD\">, l<span style=\"color: #000000;\">a revista acad\u00e9mica de la Flacso M\u00e9xico,<b>\u00a0<\/b>sale a la luz con el ensayo\u00a0<\/span><\/span><span style=\"color: #000000;\"><span lang=\"ES-TRAD\"><i>Observaci\u00f3n, causalidad y explicaci\u00f3n causal<\/i><\/span><i><span lang=\"ES-TRAD\">\u00a0<\/span><\/i><span lang=\"ES-TRAD\">de\u00a0<b>Fernando Cort\u00e9s<\/b>, investigador em\u00e9rito de la Facultad Latinoamericana de Ciencias Sociales, quien escribe sobre la validez de inferir la causalidad a partir de datos observacionales en las ciencias sociales.<\/span><\/span><\/p>\n<p class=\"m_3417229123112510151m_4288443592370970278ydp6b494966yiv2653472512MsoNormal\"><span lang=\"ES-TRAD\" style=\"color: #000000;\">El ensayo del doctor Cort\u00e9s presenta un amplio an\u00e1lisis\u00a0\u00a0de la historia en los m\u00e9todos de las Ciencias Sociales para explicar por qu\u00e9 hay diferencias entre causalidad y explicaci\u00f3n causal. Su texto representa un \u201cdi\u00e1logo entre distintas teor\u00edas epistemol\u00f3gicas\u201d y un aporte sobre el uso de los m\u00e9todos experimentales para construir teor\u00edas sociales.<\/span><\/p>\n<p class=\"m_3417229123112510151m_4288443592370970278ydp6b494966yiv2653472512MsoNormal\"><span style=\"color: #000000;\"><span lang=\"ES-TRAD\">El segundo ensayo de la Revista Perfiles Latinoamericanos en su entrega semestral tambi\u00e9n est\u00e1 dedicado a la reflexi\u00f3n metodol\u00f3gica. Escrito por el soci\u00f3logo argentino\u00a0<b>Alejandro Bialakowsky<\/b>,<b>\u00a0<\/b><\/span><span lang=\"ES-TRAD\">el texto propone una metodolog\u00eda para abordar simult\u00e1neamente perspectivas de la teor\u00eda sociol\u00f3gica sin se\u00f1alar el supuesto \u201cretraso\u201d del Sur frente al Norte ni el \u201crelativismo cultural\u201d entre las dos regiones<\/span><span lang=\"ES-TRAD\">.<\/span><\/span><\/p>\n<p class=\"m_3417229123112510151m_4288443592370970278ydp6b494966yiv2653472512MsoNormal\"><span style=\"color: #000000;\"><span lang=\"ES-TRAD\">Al\u00a0<\/span><span lang=\"ES-TRAD\">presentar la publicaci\u00f3n<\/span><span lang=\"ES-TRAD\">, su directora\u00a0<b>Karina Ansolabehere<\/b>\u00a0explic\u00f3 que en este n\u00famero de Perfiles, con 13 art\u00edculos, tres rese\u00f1as y dos ensayos, hay un \u201cespecial inter\u00e9s en los procesos de inversi\u00f3n y en las din\u00e1micas econ\u00f3micas que est\u00e1n teniendo lugar en Am\u00e9rica Latina, as\u00ed como en los nuevos procesos pol\u00edticos de la regi\u00f3n.<\/span><\/span><\/p>\n<p class=\"m_3417229123112510151m_4288443592370970278ydp6b494966yiv2653472512MsoNormal\"><span style=\"color: #000000;\"><span lang=\"ES-TRAD\">Sobre M\u00e9xico se presentan cinco art\u00edculos.\u00a0<\/span><span lang=\"ES-TRAD\"><i>La eficacia de la polic\u00eda estatal en M\u00e9xico<\/i><\/span><i><span lang=\"ES-TRAD\">\u00a0<\/span><\/i><span lang=\"ES-TRAD\">se\u00f1ala que la negligencia, la falta de lealtad y la infiltraci\u00f3n del crimen son variables estad\u00edsticamente significativas en el desempe\u00f1o de los cuerpos polic\u00edacos. Por su parte\u00a0<b>M\u00e1ximo Matus, Jorge Carillo y Redi Gomis<\/b>\u00a0hablan sobre\u00a0<\/span><span lang=\"ES-TRAD\">empresas multinacionales, derrama de conocimiento y empresas derivadas<\/span><i><span lang=\"ES-TRAD\">\u00a0<\/span><\/i><span lang=\"ES-TRAD\">en M\u00e9xico, al tiempo que\u00a0<b>Mar\u00eda<\/b>\u00a0<b>Luisa Garc\u00eda<\/b>\u00a0y\u00a0<b>Luis T\u00e9llez<\/b>\u00a0hacen un balance sobre la\u00a0<\/span><span lang=\"ES-TRAD\">evoluci\u00f3n del presupuesto participativo en el pa\u00eds<\/span><span lang=\"ES-TRAD\">.\u00a0\u00a0<\/span><\/span><\/p>\n<p class=\"m_3417229123112510151m_4288443592370970278ydp6b494966yiv2653472512MsoNormal\"><span style=\"color: #000000;\"><span lang=\"ES-TRAD\">En temas de poblaci\u00f3n,\u00a0<b>Marco Antonio Aranda<\/b>\u00a0estudia c\u00f3mo\u00a0<\/span><span lang=\"ES-TRAD\">la <em>precarizaci\u00f3n<\/em> y el estigma vividos en los asentamientos informales de la Zona Metropolitana de Monterrey<\/span><span lang=\"ES-TRAD\">merman los derechos de personas que resisten cotidianamente para hacerse un lugar en la sociedad. Por su parte,\u00a0<b>Am\u00e9rica Nict\u00e9-Ha L\u00f3pez<\/b>\u00a0escribe sobre\u00a0<\/span><span lang=\"ES-TRAD\">la movilizaci\u00f3n etnopol\u00edtica afromexicana<\/span><span lang=\"ES-TRAD\">\u00a0en la Costa Chica de Guerrero y Oaxaca.<\/span><\/span><\/p>\n<p class=\"m_3417229123112510151m_4288443592370970278ydp6b494966yiv2653472512MsoNormal\"><span style=\"color: #000000;\"><span lang=\"ES-TRAD\">Los procesos pol\u00edticos y econ\u00f3micos de Argentina se abordan en dos art\u00edculos:\u00a0\u00a0el primero, escrito por\u00a0<b>Mariano F\u00e9liz<\/b>\u00a0y\u00a0<b>Juliana Agustina D\u00edaz<\/b>\u00a0sobre\u00a0<\/span><span lang=\"ES-TRAD\">c\u00f3mo el saqueo de recursos naturales y sobre explotaci\u00f3n en el trabajo ocasionado por la ola desarrollista de 2002 gener\u00f3 nuevas formas de organizaci\u00f3n laboral<\/span><span lang=\"ES-TRAD\">, en particular nuevas modalidades en el uso de la fuerza laboral femenina. El segundo, presentado por\u00a0<b>Adri\u00e1n Piva<\/b>,<b>\u00a0<\/b>describe las tensiones que ha ocasionado el \u201c<\/span><span lang=\"ES-TRAD\">desfase entre la pol\u00edtica econ\u00f3mica y las principales tendencias de la acumulaci\u00f3n capitalista<\/span><span lang=\"ES-TRAD\">\u201d.<\/span><\/span><\/p>\n<p class=\"m_3417229123112510151m_4288443592370970278ydp6b494966yiv2653472512MsoNormal\"><span style=\"color: #000000;\"><span lang=\"ES-TRAD\">Chile y Uruguay est\u00e1n presentes en esta publicaci\u00f3n con art\u00edculos sobre\u00a0<\/span><span lang=\"ES-TRAD\">el efecto de las generaciones pol\u00edticas en la participaci\u00f3n electoral<\/span><span lang=\"ES-TRAD\">, el enfoque institucional en el desarrollo de la infancia, los agro negocios y la inserci\u00f3n laboral femenina impulsada por el capital humano y los factores culturales.<\/span><\/span><\/p>\n<p class=\"m_3417229123112510151m_4288443592370970278ydp6b494966yiv2653472512MsoNormal\"><span style=\"color: #000000;\"><span lang=\"ES-TRAD\">El an\u00e1lisis general de Am\u00e9rica Latina se incluye en art\u00edculos como el\u00a0<\/span><span lang=\"ES-TRAD\"><i>Emprendimiento Tecnol\u00f3gico en Suram\u00e9rica: una aproximaci\u00f3n a sus determinantes individuales<\/i><\/span><span lang=\"ES-TRAD\">, as\u00ed como en\u00a0<\/span><span lang=\"ES-TRAD\"><i>Beneficios compartidos y la gobernanza de la extracci\u00f3n de recursos naturales en territorios ind\u00edgenas: aportes y limitaciones para Latinoam\u00e9rica<\/i><\/span><i><span lang=\"ES-TRAD\">.<\/span><\/i><\/span><\/p>\n<p class=\"m_3417229123112510151m_4288443592370970278ydp6b494966yiv2653472512MsoNormal\"><span lang=\"ES-TRAD\" style=\"color: #000000;\">Todos los art\u00edculos, ensayos y rese\u00f1as pueden ser consultados en acceso abierto desde la p\u00e1gina de la Revista Perfiles Latinoamericanos:\u00a0<a href=\"http:\/\/www.flacso.edu.mx\/revistas\/perfiles\" target=\"_blank\">http:\/\/www.flacso.edu.mx\/revistas\/perfiles<\/a><\/span><\/p>\n<p class=\"m_3417229123112510151m_4288443592370970278ydp6b494966yiv2653472512MsoNormal\" align=\"center\"><span lang=\"ES-TRAD\">*****\u00a0\u00a0\u00a0\u00a0\u00a0*****\u00a0\u00a0\u00a0\u00a0\u00a0*****<\/span><\/p>\n<p class=\"m_3417229123112510151m_4288443592370970278ydp6b494966yiv2653472512MsoNormal\" align=\"center\"><span lang=\"ES-TRAD\"><a href=\"http:\/\/bit.ly\/2zVxWcl\" target=\"_blank\" rel=\"nofollow\" data-saferedirecturl=\"https:\/\/www.google.com\/url?q=http:\/\/bit.ly\/2zVxWcl&amp;source=gmail&amp;ust=1533063188377000&amp;usg=AFQjCNEXQHVqT5NRCKesHjHN9iRZjLY2Qg\"><b><i>Presentaci\u00f3n de Perfiles Latinoamericanos No. 52.\u00a0\u00a0Video, 2 minutos<\/i><\/b><\/a><\/span><\/p>\n<p class=\"m_3417229123112510151m_4288443592370970278ydp6b494966yiv2653472512MsoNormal\"><span lang=\"ES-TRAD\"><a href=\"http:\/\/bit.ly\/1eSUPvn\" target=\"_blank\" rel=\"nofollow\" data-saferedirecturl=\"https:\/\/www.google.com\/url?q=http:\/\/bit.ly\/1eSUPvn&amp;source=gmail&amp;ust=1533063188377000&amp;usg=AFQjCNH3h9wmCZm2_iup4ituTO9NWSUhUg\"><b><i>Perfiles Latinoamericanos<\/i><\/b><\/a><\/span><span lang=\"ES-TRAD\">\u00a0mantiene su lugar en las 39 revistas mexicanas incluidas en el\u00a0<i>Journal Citations Report<\/i>, dentro de la colecci\u00f3n principal de los \u00edndices de citaci\u00f3n que conforman el<i>Web of Science<\/i>\u00a0con base en los indicadores de desempe\u00f1o de 2017. Perfiles es una publicaci\u00f3n consolidada a trav\u00e9s de 26 a\u00f1os de trayectoria ininterrumpida y tiene m\u00e1s de 450 art\u00edculos arbitrados. Est\u00e1 indexada en importantes \u00edndices a nivel nacional e internacional, como el mencionado\u00a0<i>Web of Science<\/i>, Scopus, \u00cdndice de Revistas Mexicanas de Investigaci\u00f3n Cient\u00edfica y Tecnol\u00f3gica del Conacyt,\u00a0<i>Social\u00a0<\/i><\/span><i><span lang=\"ES-TRAD\">Sciences Citation Index Journal<\/span><\/i><span lang=\"ES-TRAD\">,\u00a0<i>Citation Reports<\/i>,\u00a0<i>Social Sciences Edition<\/i>, Latindex, y Scielo-M\u00e9xico, entre otros.<\/span><\/p>\n<p class=\"m_3417229123112510151m_4288443592370970278ydp6b494966yiv2653472512MsoNormal\"><span lang=\"ES-TRAD\">Para mayor informaci\u00f3n o para someter art\u00edculos a la consideraci\u00f3n editorial de la revista, por favor dir\u00edjase a\u00a0<\/span><span lang=\"ES-TRAD\"><a href=\"mailto:perfiles@flacso.edu.mx\" target=\"_blank\" rel=\"nofollow\">perfiles@flacso.edu.mx<\/a><\/span><span lang=\"ES-TRAD\">.<\/span><\/p>\n<p class=\"m_3417229123112510151m_4288443592370970278ydp6b494966yiv2653472512MsoNormal\" align=\"center\"><span lang=\"ES-TRAD\">*****\u00a0\u00a0\u00a0\u00a0\u00a0*****\u00a0\u00a0\u00a0\u00a0\u00a0*****<\/span><\/p>\n<p class=\"m_3417229123112510151m_4288443592370970278ydp6b494966yiv2653472512MsoNormal\"><span lang=\"ES-TRAD\">Desde su creaci\u00f3n en 1975, la Flacso M\u00e9xico ha sido una instituci\u00f3n en constante evoluci\u00f3n que ha logrado consolidarse como un centro de excelencia con amplio reconocimiento nacional e internacional. La Flacso M\u00e9xico forma recursos humanos altamente especializados, produce conocimiento de frontera y desarrolla programas de cooperaci\u00f3n t\u00e9cnica. Cuenta con una planta docente y de investigaci\u00f3n plural, multidisciplinaria y multinacional.<\/span><\/p>\n<p class=\"m_3417229123112510151m_4288443592370970278ydp6b494966yiv2653472512MsoNormal\"><span lang=\"ES-TRAD\">\u00a0<\/span><\/p>\n","protected":false},"excerpt":{"rendered":"<p>PERFILES 52: METODOLOG\u00cdAS PARA LAS CIENCIAS SOCIALES, DIN\u00c1MICAS ECON\u00d3MICAS Y NUEVOS PROCESOS POL\u00cdTICOS DE AM\u00c9RICA LATINA Ciudad de M\u00e9xico, 24 de julio de 2018.\u00a0El n\u00famero 52 de la\u00a0Revista Perfiles Latinoamericanos, la revista acad\u00e9mica de la Flacso M\u00e9xico,\u00a0sale a la luz con el ensayo\u00a0Observaci\u00f3n, causalidad y explicaci\u00f3n causal\u00a0de\u00a0Fernando Cort\u00e9s, investigador em\u00e9rito de la Facultad Latinoamericana de [&hellip;]<\/p>\n","protected":false},"author":2,"featured_media":0,"parent":1367,"menu_order":0,"comment_status":"closed","ping_status":"closed","template":"","meta":{"footnotes":""},"class_list":["post-1852","page","type-page","status-publish","czr-hentry"],"_links":{"self":[{"href":"https:\/\/iips.usac.edu.gt\/index.php?rest_route=\/wp\/v2\/pages\/1852"}],"collection":[{"href":"https:\/\/iips.usac.edu.gt\/index.php?rest_route=\/wp\/v2\/pages"}],"about":[{"href":"https:\/\/iips.usac.edu.gt\/index.php?rest_route=\/wp\/v2\/types\/page"}],"author":[{"embeddable":true,"href":"https:\/\/iips.usac.edu.gt\/index.php?rest_route=\/wp\/v2\/users\/2"}],"replies":[{"embeddable":true,"href":"https:\/\/iips.usac.edu.gt\/index.php?rest_route=%2Fwp%2Fv2%2Fcomments&post=1852"}],"version-history":[{"count":4,"href":"https:\/\/iips.usac.edu.gt\/index.php?rest_route=\/wp\/v2\/pages\/1852\/revisions"}],"predecessor-version":[{"id":1859,"href":"https:\/\/iips.usac.edu.gt\/index.php?rest_route=\/wp\/v2\/pages\/1852\/revisions\/1859"}],"up":[{"embeddable":true,"href":"https:\/\/iips.usac.edu.gt\/index.php?rest_route=\/wp\/v2\/pages\/1367"}],"wp:attachment":[{"href":"https:\/\/iips.usac.edu.gt\/index.php?rest_route=%2Fwp%2Fv2%2Fmedia&parent=1852"}],"curies":[{"name":"wp","href":"https:\/\/api.w.org\/{rel}","templated":true}]}}