{"id":194,"date":"2017-09-25T15:35:38","date_gmt":"2017-09-25T15:35:38","guid":{"rendered":"http:\/\/c3.usac.edu.gt\/iips.usac.edu.gt\/public_html\/?page_id=194"},"modified":"2024-03-15T14:59:01","modified_gmt":"2024-03-15T14:59:01","slug":"objetivos","status":"publish","type":"page","link":"https:\/\/iips.usac.edu.gt\/?page_id=194","title":{"rendered":"Objetivos"},"content":{"rendered":"\n<ul class=\"wp-block-list\">\n<li>Definir el marco filos\u00f3fico y los principios \u00e9ticos que sustentan y regulan la investigaci\u00f3n y velar porque sus resultados se correspondan con ello.<\/li>\n\n\n\n<li>Definir, dise\u00f1ar y ejecutar las pol\u00edticas y l\u00edneas de investigaci\u00f3n y velas por su actualizaci\u00f3n en correspondencia con la realidad nacional e internacional<\/li>\n\n\n\n<li>Realizar estudios e investigaciones sobre temas y problemas pol\u00edticos y sociales, cuyos resultados se ajustan a est\u00e1ndares de calidad y se ofrezca con ellos alternativas de soluci\u00f3n a los problemas planteados.<\/li>\n\n\n\n<li>Dise\u00f1ar y ejecutar la pol\u00edtica de divulgaci\u00f3n y promoci\u00f3n de los servicios que oferta el instituto y evaluar su cumplimiento.<\/li>\n\n\n\n<li>Divulgar y promover los resultados de  las investigaciones, estudios o trabajos que lleve a cabo el Instituto, as\u00ed como los de entidades equivalentes que, por su nivel cient\u00edfico, lo amerite y lo juzgue conveniente.<\/li>\n\n\n\n<li>Complementar el proceso de aprendizaje de la Escuela de Ciencia Pol\u00edtica, divulgando conocimiento especializado como un servicio y apoyo para la comunidad educativa.<\/li>\n\n\n\n<li>Cooperar en todos aquellos proyectos o programas que la Universidad, entidades estatales, organismos internacionales p\u00fablicos o privados realicen con miras a lograr el desarrollo pol\u00edtico, econ\u00f3mico, social del pa\u00eds y en beneficio de su poblaci\u00f3n.<\/li>\n\n\n\n<li>Fomentar relaciones de cooperaci\u00f3n, coordinaci\u00f3n y\/o intercambio con institutos, centros de investigaci\u00f3n o redes dedicados a la producci\u00f3n y divulgaci\u00b4n de conocimiento cient\u00edfico.<\/li>\n\n\n\n<li>Fomentar las investigaciones inter y multidisciplinarias con otros institutos o centros de investigaci\u00f3n a lo interno de la universidad y hacia fuera para contribuir a un an\u00e1lisis integral y sist\u00e9mico de los temas.<\/li>\n\n\n\n<li>Promover y fomentar una participaci\u00f3n activa de la comunidad educativa de la Escuela hacia las actividades que desarrolla el Instituto.<\/li>\n<\/ul>\n","protected":false},"excerpt":{"rendered":"","protected":false},"author":2,"featured_media":0,"parent":143,"menu_order":1,"comment_status":"closed","ping_status":"closed","template":"","meta":{"footnotes":""},"class_list":["post-194","page","type-page","status-publish","czr-hentry"],"_links":{"self":[{"href":"https:\/\/iips.usac.edu.gt\/index.php?rest_route=\/wp\/v2\/pages\/194"}],"collection":[{"href":"https:\/\/iips.usac.edu.gt\/index.php?rest_route=\/wp\/v2\/pages"}],"about":[{"href":"https:\/\/iips.usac.edu.gt\/index.php?rest_route=\/wp\/v2\/types\/page"}],"author":[{"embeddable":true,"href":"https:\/\/iips.usac.edu.gt\/index.php?rest_route=\/wp\/v2\/users\/2"}],"replies":[{"embeddable":true,"href":"https:\/\/iips.usac.edu.gt\/index.php?rest_route=%2Fwp%2Fv2%2Fcomments&post=194"}],"version-history":[{"count":9,"href":"https:\/\/iips.usac.edu.gt\/index.php?rest_route=\/wp\/v2\/pages\/194\/revisions"}],"predecessor-version":[{"id":6328,"href":"https:\/\/iips.usac.edu.gt\/index.php?rest_route=\/wp\/v2\/pages\/194\/revisions\/6328"}],"up":[{"embeddable":true,"href":"https:\/\/iips.usac.edu.gt\/index.php?rest_route=\/wp\/v2\/pages\/143"}],"wp:attachment":[{"href":"https:\/\/iips.usac.edu.gt\/index.php?rest_route=%2Fwp%2Fv2%2Fmedia&parent=194"}],"curies":[{"name":"wp","href":"https:\/\/api.w.org\/{rel}","templated":true}]}}