{"id":202,"date":"2017-09-25T15:37:15","date_gmt":"2017-09-25T15:37:15","guid":{"rendered":"http:\/\/c3.usac.edu.gt\/iips.usac.edu.gt\/public_html\/?page_id=202"},"modified":"2021-02-05T01:36:12","modified_gmt":"2021-02-05T01:36:12","slug":"directorio","status":"publish","type":"page","link":"https:\/\/iips.usac.edu.gt\/?page_id=202","title":{"rendered":"Directorio"},"content":{"rendered":"<h1 style=\"text-align: center;\"><span style=\"color: #000080;\">Directorio<\/span><\/h1>\n<p style=\"text-align: center;\"><span style=\"color: #000080;\">Instituto de Investigaciones Pol\u00edticas y Sociales,<\/span><\/p>\n<p style=\"text-align: center;\"><span style=\"color: #000080;\">&#8220;Dr. Ren\u00e9 Eduardo Poitevin Dard\u00f3n&#8221;<\/span><\/p>\n<p style=\"text-align: center;\"><span style=\"color: #000080;\"><strong>Director:\u00a0 \u00a0<\/strong><\/span><\/p>\n<p style=\"text-align: center;\"><span style=\"color: #000080;\">Dr. Carlos Fredy Ochoa<\/span><\/p>\n<p style=\"text-align: center;\"><span style=\"color: #000080;\"><strong>Equipo\u00a0de Investigadores:<\/strong><\/span><\/p>\n<p style=\"text-align: center;\"><span style=\"color: #000080;\">MSc. Jorge Arag\u00f3n\u00a0<\/span><\/p>\n<p style=\"text-align: center;\"><span style=\"color: #000080;\">Licda. Karen Ar\u00e9valo Mej\u00eda<\/span><\/p>\n<p style=\"text-align: center;\"><span style=\"color: #000080;\">MSc. Rosaura Raguex<\/span><\/p>\n<p style=\"text-align: center;\"><span style=\"color: #000080;\">MSc. Gabriel Escobar<\/span><\/p>\n<p style=\"text-align: center;\"><span style=\"color: #000080;\"><strong>Auxiliares de Investigaci\u00f3n:<\/strong><\/span><\/p>\n<p style=\"text-align: center;\"><span style=\"color: #000080;\">Ana Esperanza S\u00e1enz de Tejada Garc\u00e9s<\/span><\/p>\n<p style=\"text-align: center;\"><span style=\"color: #000080;\">Alma Leticia Sagastume Mu\u00f1oz<\/span><\/p>\n<p style=\"text-align: center;\"><span style=\"color: #000080;\"><strong>Secretaria:<\/strong><\/span><\/p>\n<p style=\"text-align: center;\"><span style=\"color: #000080;\">Licda. Blanca Sosa de Leiva <\/span><\/p>\n<p style=\"text-align: center;\"><span style=\"color: #000080;\"><strong>Dise\u00f1ador:<\/strong><\/span><\/p>\n<p style=\"text-align: center;\"><span style=\"color: #000080;\">Lic. Milton Ju\u00e1rez<\/span><\/p>\n<p style=\"text-align: center;\"><span style=\"color: #000080;\"><strong>Tel\u00e9fono:<\/strong> (502) 2418-8705<\/span><\/p>\n<p style=\"text-align: center;\"><span style=\"color: #000080;\"><strong>P\u00e1gina web:<\/strong> iips.usac.edu.gt<\/span><\/p>\n<p style=\"text-align: center;\"><span style=\"color: #000080;\"><strong>E-mail:<\/strong> iipsecp@gmail.com<\/span><\/p>\n<p style=\"text-align: center;\"><span style=\"color: #000080;\"><strong>Twitter:<\/strong>\u00a0<span class=\"DashboardProfileCard-screenname u-inlineBlock u-dir\" dir=\"ltr\"><a class=\"DashboardProfileCard-screennameLink u-linkComplex u-linkClean js-nav\" style=\"color: #000080;\" href=\"https:\/\/twitter.com\/iips_usac\" rel=\"noopener\"><span class=\"username u-dir\" dir=\"ltr\">@<b class=\"u-linkComplex-target\">iips_usac<\/b><\/span><\/a><\/span><\/span><\/p>\n<p style=\"text-align: center;\"><span style=\"color: #000080;\"><strong>Facebook:<a style=\"color: #000080;\" href=\"https:\/\/www.facebook.com\/pg\/IIPS.ECP\/posts\/?ref=page_internal\">\u00a0IIPS.ECP<\/a><\/strong><\/span><\/p>\n<p style=\"text-align: center;\"><span style=\"color: #000080;\">Ciudad de Guatemala, zona 12, Ciudad Universitaria, Edificio M5, segundo nivel.<\/span><\/p>\n<hr \/>\n<p style=\"text-align: center;\">Organigrama:<\/p>\n<p style=\"text-align: center;\"><img loading=\"lazy\" decoding=\"async\" class=\"alignleft wp-image-1850 size-full\" src=\"https:\/\/iips.usac.edu.gt\/wp-content\/uploads\/2017\/09\/organigrama-IIPS-1.jpg\" width=\"696\" height=\"564\" srcset=\"https:\/\/iips.usac.edu.gt\/wp-content\/uploads\/2017\/09\/organigrama-IIPS-1.jpg 696w, https:\/\/iips.usac.edu.gt\/wp-content\/uploads\/2017\/09\/organigrama-IIPS-1-300x243.jpg 300w\" sizes=\"(max-width: 696px) 100vw, 696px\" \/><\/p>\n","protected":false},"excerpt":{"rendered":"<p>Directorio Instituto de Investigaciones Pol\u00edticas y Sociales, &#8220;Dr. Ren\u00e9 Eduardo Poitevin Dard\u00f3n&#8221; Director:\u00a0 \u00a0 Dr. Carlos Fredy Ochoa Equipo\u00a0de Investigadores: MSc. Jorge Arag\u00f3n\u00a0 Licda. Karen Ar\u00e9valo Mej\u00eda MSc. Rosaura Raguex MSc. Gabriel Escobar Auxiliares de Investigaci\u00f3n: Ana Esperanza S\u00e1enz de Tejada Garc\u00e9s Alma Leticia Sagastume Mu\u00f1oz Secretaria: Licda. Blanca Sosa de Leiva Dise\u00f1ador: Lic. Milton [&hellip;]<\/p>\n","protected":false},"author":2,"featured_media":0,"parent":143,"menu_order":1,"comment_status":"closed","ping_status":"closed","template":"","meta":{"footnotes":""},"class_list":["post-202","page","type-page","status-publish","czr-hentry"],"_links":{"self":[{"href":"https:\/\/iips.usac.edu.gt\/index.php?rest_route=\/wp\/v2\/pages\/202"}],"collection":[{"href":"https:\/\/iips.usac.edu.gt\/index.php?rest_route=\/wp\/v2\/pages"}],"about":[{"href":"https:\/\/iips.usac.edu.gt\/index.php?rest_route=\/wp\/v2\/types\/page"}],"author":[{"embeddable":true,"href":"https:\/\/iips.usac.edu.gt\/index.php?rest_route=\/wp\/v2\/users\/2"}],"replies":[{"embeddable":true,"href":"https:\/\/iips.usac.edu.gt\/index.php?rest_route=%2Fwp%2Fv2%2Fcomments&post=202"}],"version-history":[{"count":24,"href":"https:\/\/iips.usac.edu.gt\/index.php?rest_route=\/wp\/v2\/pages\/202\/revisions"}],"predecessor-version":[{"id":5734,"href":"https:\/\/iips.usac.edu.gt\/index.php?rest_route=\/wp\/v2\/pages\/202\/revisions\/5734"}],"up":[{"embeddable":true,"href":"https:\/\/iips.usac.edu.gt\/index.php?rest_route=\/wp\/v2\/pages\/143"}],"wp:attachment":[{"href":"https:\/\/iips.usac.edu.gt\/index.php?rest_route=%2Fwp%2Fv2%2Fmedia&parent=202"}],"curies":[{"name":"wp","href":"https:\/\/api.w.org\/{rel}","templated":true}]}}