{"id":2075,"date":"2018-10-02T18:17:43","date_gmt":"2018-10-02T18:17:43","guid":{"rendered":"https:\/\/iips.usac.edu.gt\/?page_id=2075"},"modified":"2018-10-02T18:22:47","modified_gmt":"2018-10-02T18:22:47","slug":"40-anos-de-la-carrera-de-sociologia-escuela-de-ciencia-politica-usac","status":"publish","type":"page","link":"https:\/\/iips.usac.edu.gt\/?page_id=2075","title":{"rendered":"40 a\u00f1os de la carrera de Sociolog\u00eda &#8211; Escuela de Ciencia Pol\u00edtica, USAC"},"content":{"rendered":"<p><img loading=\"lazy\" decoding=\"async\" class=\"alignleft size-full wp-image-2076\" src=\"https:\/\/iips.usac.edu.gt\/wp-content\/uploads\/2018\/10\/Afiche-Master-40-an\u0303os-de-Sociologi\u0301a.jpg\" alt=\"\" width=\"2550\" height=\"3300\" srcset=\"https:\/\/iips.usac.edu.gt\/wp-content\/uploads\/2018\/10\/Afiche-Master-40-an\u0303os-de-Sociologi\u0301a.jpg 2550w, https:\/\/iips.usac.edu.gt\/wp-content\/uploads\/2018\/10\/Afiche-Master-40-an\u0303os-de-Sociologi\u0301a-232x300.jpg 232w, https:\/\/iips.usac.edu.gt\/wp-content\/uploads\/2018\/10\/Afiche-Master-40-an\u0303os-de-Sociologi\u0301a-768x994.jpg 768w, https:\/\/iips.usac.edu.gt\/wp-content\/uploads\/2018\/10\/Afiche-Master-40-an\u0303os-de-Sociologi\u0301a-791x1024.jpg 791w\" sizes=\"(max-width: 2550px) 100vw, 2550px\" \/><\/p>\n","protected":false},"excerpt":{"rendered":"","protected":false},"author":2,"featured_media":0,"parent":0,"menu_order":0,"comment_status":"closed","ping_status":"closed","template":"","meta":{"footnotes":""},"class_list":["post-2075","page","type-page","status-publish","czr-hentry"],"_links":{"self":[{"href":"https:\/\/iips.usac.edu.gt\/index.php?rest_route=\/wp\/v2\/pages\/2075"}],"collection":[{"href":"https:\/\/iips.usac.edu.gt\/index.php?rest_route=\/wp\/v2\/pages"}],"about":[{"href":"https:\/\/iips.usac.edu.gt\/index.php?rest_route=\/wp\/v2\/types\/page"}],"author":[{"embeddable":true,"href":"https:\/\/iips.usac.edu.gt\/index.php?rest_route=\/wp\/v2\/users\/2"}],"replies":[{"embeddable":true,"href":"https:\/\/iips.usac.edu.gt\/index.php?rest_route=%2Fwp%2Fv2%2Fcomments&post=2075"}],"version-history":[{"count":1,"href":"https:\/\/iips.usac.edu.gt\/index.php?rest_route=\/wp\/v2\/pages\/2075\/revisions"}],"predecessor-version":[{"id":2078,"href":"https:\/\/iips.usac.edu.gt\/index.php?rest_route=\/wp\/v2\/pages\/2075\/revisions\/2078"}],"wp:attachment":[{"href":"https:\/\/iips.usac.edu.gt\/index.php?rest_route=%2Fwp%2Fv2%2Fmedia&parent=2075"}],"curies":[{"name":"wp","href":"https:\/\/api.w.org\/{rel}","templated":true}]}}