{"id":2348,"date":"2019-01-11T18:11:01","date_gmt":"2019-01-11T18:11:01","guid":{"rendered":"https:\/\/iips.usac.edu.gt\/?page_id=2348"},"modified":"2024-03-18T15:29:33","modified_gmt":"2024-03-18T15:29:33","slug":"2019-2","status":"publish","type":"page","link":"https:\/\/iips.usac.edu.gt\/?page_id=2348","title":{"rendered":"2019"},"content":{"rendered":"\n<ul class=\"wp-block-list\">\n<li><a href=\"https:\/\/iips.usac.edu.gt\/wp-content\/uploads\/2019\/01\/IIPS-Opina-No.-1-Primer-Semestre-2019-Master.pdf\">IIPS Opina No. 1 &#8211; \u00bfUn ordenamiento social territorial para Guatemala?<\/a> &#8211; Jorge Arag\u00f3n<\/li>\n\n\n\n<li><a href=\"https:\/\/iips.usac.edu.gt\/wp-content\/uploads\/2019\/01\/IIPS-Opina-No.-2-Primer-Semestre-2019.pdf\">IIPS Opina No. 2 &#8211; NO<\/a> &#8211; Manuel Rivera<\/li>\n\n\n\n<li><a href=\"https:\/\/iips.usac.edu.gt\/wp-content\/uploads\/2019\/01\/IIPS-Opina-No.-3-Primer-Semestre-2019.pdf\">IIPS Opina No. 3 &#8211; Caravanas de migrantes\u2026 \u00bfnuevas formas de movilidad o estrategia de intervenci\u00f3n?<\/a> &#8211; Francisco Sim\u00f3n Francisco<\/li>\n\n\n\n<li><a href=\"https:\/\/iips.usac.edu.gt\/wp-content\/uploads\/2019\/02\/IIPS-Opina-No.4.pdf\">IIPS Opina No. 4 &#8211; Tat Humberto Ak&#8217;abal Mam aj tz&#8217;ibi kironel&#8217; e solonel&#8217;. Abuelo de las letras emancipatorias<\/a> &#8211; Rosaura Raguex<\/li>\n\n\n\n<li><a href=\"https:\/\/iips.usac.edu.gt\/wp-content\/uploads\/2019\/02\/IIPS-Opina-No.-5-Primer-Semestre-2019.pdf\">IIPS Opina No. 5 &#8211; Volv\u00e1monos adictos<\/a> &#8211; Milton Ju\u00e1rez<\/li>\n\n\n\n<li><a href=\"https:\/\/iips.usac.edu.gt\/wp-content\/uploads\/2020\/01\/IIPS-Opina-No.6-febrero-2019.pdf\">IIPS Opina No. 6 &#8211; \u00bfPor qu\u00e9 nadie est\u00e1 hablando sobre la crisis de Hait\u00ed?<\/a> &#8211; Andrea Hern\u00e1ndez<\/li>\n\n\n\n<li><a href=\"https:\/\/iips.usac.edu.gt\/wp-content\/uploads\/2019\/03\/IIPS-Opina-No.-7-Primer-Semestre-2019.pdf\">IIPS Opina No. 7 &#8211; Elegir y ser electo<\/a> &#8211; Gabriel Escobar<\/li>\n\n\n\n<li><a href=\"https:\/\/iips.usac.edu.gt\/wp-content\/uploads\/2019\/03\/IIPS-Opina-No.-8-Primer-Semestre-2019.pdf\">IIPS Opina No. 8 &#8211; A cien a\u00f1os de las Relaciones Internacionales: un camino de luces y sombras<\/a> &#8211; Karen Ar\u00e9valo<\/li>\n\n\n\n<li><a href=\"https:\/\/iips.usac.edu.gt\/wp-content\/uploads\/2019\/03\/IIPS-Opina-No.-9-Primer-Semestre-2019.pdf\">IIPS Opina No. 9 &#8211; \u00bfVivimos sin muros despu\u00e9s del hito Berl\u00edn?<\/a> &#8211; Cenia Marroqu\u00edn<\/li>\n\n\n\n<li><a href=\"https:\/\/iips.usac.edu.gt\/wp-content\/uploads\/2019\/03\/IIPS-Opina-No.-10-Primer-Semestre-2019.pdf\">IIPS Opina No. 10 &#8211; \u00bfTrump absuelto? \u00bfqu\u00e9 pasa con el imperio?<\/a> &#8211; Jos\u00e9 Cortez<\/li>\n\n\n\n<li><a href=\"https:\/\/iips.usac.edu.gt\/wp-content\/uploads\/2019\/04\/IIPS-Opina-No.-11-Primer-Semestre-2019.pdf\">IIPS Opina No. 11 &#8211; El mito pol\u00edtico como imago<\/a> &#8211; Jorge Arag\u00f3n<\/li>\n\n\n\n<li><a href=\"https:\/\/iips.usac.edu.gt\/wp-content\/uploads\/2019\/04\/IIPS-Opina-No.12-2019.pdf\">IIPS Opina No. 12 &#8211; Reveses migratorios de Donald Trump: balance de una gesti\u00f3n fallida <\/a>&#8211; Francisco Sim\u00f3n Francisco<\/li>\n\n\n\n<li><a href=\"https:\/\/iips.usac.edu.gt\/wp-content\/uploads\/2019\/05\/IIPS-Opina-No.-13-Primer-Semestre-2019.pdf\">IIPS Opina No. 13 &#8211; &#8220;Levanten sus ventas que ya son las doce\u2026&#8221;<\/a> &#8211; Rosaura Raguex<\/li>\n\n\n\n<li><a href=\"https:\/\/iips.usac.edu.gt\/wp-content\/uploads\/2019\/05\/IIPS-Opina-No.-14-Primer-Semestre-2019.pdf\">IIPS Opina No. 14 &#8211; Investigaci\u00f3n Social \u00bfPara qu\u00e9? (I)<\/a> &#8211; Manuel Rivera<\/li>\n\n\n\n<li><a href=\"https:\/\/iips.usac.edu.gt\/wp-content\/uploads\/2019\/05\/IIPS-Opina-No.15-20192.pdf\">IIPS Opina No. 15 &#8211; &#8220;Y ahora\u2026\u00bfpor qui\u00e9n voto? (I)<\/a> &#8211; Andrea Hern\u00e1ndez<\/li>\n\n\n\n<li><a href=\"https:\/\/iips.usac.edu.gt\/wp-content\/uploads\/2019\/05\/IIPS-Opina-No.16-2019.pdf\">IIPS Opina No. 16 &#8211; &#8220;Y ahora\u2026\u00bfpor qui\u00e9n voto? (II)<\/a> &#8211; Andrea Hern\u00e1ndez<\/li>\n\n\n\n<li><a href=\"https:\/\/iips.usac.edu.gt\/wp-content\/uploads\/2019\/05\/IIPS-Opina-No.-17-Primer-semestre-2019.pdf\">IIPS Opina No. 17 &#8211; La participaci\u00f3n de las personas con discapacidad en el proceso electoral de Guatemala 2019<\/a> &#8211; Gabriel Escobar<\/li>\n\n\n\n<li><a href=\"https:\/\/iips.usac.edu.gt\/wp-content\/uploads\/2019\/06\/IIPS-Opina-No.-18-Primer-Semestre-2019.pdf\">IIPS Opina No. 18 &#8211; \u00bfLos migrantes, una poblaci\u00f3n invisibilizada?<\/a> &#8211; Cenia Marroqu\u00edn<\/li>\n\n\n\n<li><a href=\"https:\/\/iips.usac.edu.gt\/wp-content\/uploads\/2019\/06\/IIPS-Opina-No.-19-Primer-Semestre-2019.pdf\">IIPS Opina No. 19 &#8211; Ofensiva migratoria: Geopol\u00edtica recargada y soberan\u00eda vulnerada<\/a> &#8211; Francisco Sim\u00f3n Francisco<\/li>\n\n\n\n<li><a href=\"https:\/\/iips.usac.edu.gt\/wp-content\/uploads\/2019\/07\/IIPS-Opina-No.21-2019.pdf\">IIPS Opina No. 21 &#8211; \u00bfEstamos listos par aser un tercer pa\u00eds seguro?<\/a> &#8211; Andrea Hern\u00e1ndez<\/li>\n\n\n\n<li><a href=\"https:\/\/iips.usac.edu.gt\/wp-content\/uploads\/2019\/07\/IIPS-Opina-No.-22-Segundo-Semestre-2019.pdf\">IIPS Opina No. 22 &#8211; \u00bfQu\u00e9 podemos aprender de Salcaj\u00e1?<\/a> &#8211; Jorge Arag\u00f3n<\/li>\n\n\n\n<li><a href=\"https:\/\/iips.usac.edu.gt\/wp-content\/uploads\/2019\/07\/IIPS-Opina-No.-23-Segundo-Semestre-2019.pdf\">IIPS Opina No. 23 &#8211; Investigaci\u00f3n Social \u00bfPara qu\u00e9? (II)<\/a> &#8211; Manuel Rivera<\/li>\n\n\n\n<li><a href=\"https:\/\/iips.usac.edu.gt\/wp-content\/uploads\/2019\/07\/IIPS-Opina-No.-24-Segundo-Semestre-2019.pdf\">IIPS Opina No. 24 &#8211; In-pol\u00edtica migratoria: crisis institucional y contradicciones en la gesti\u00f3n de Jimmy Morales<\/a> &#8211; Francisco Sim\u00f3n Francisco<\/li>\n\n\n\n<li><a href=\"https:\/\/iips.usac.edu.gt\/wp-content\/uploads\/2019\/08\/IIPS-Opina-No.-25-Segundo-Semestre-2019.pdf\">IIPS Opina No. 25 &#8211; Y c\u00f3mo se sigue con los mismos errores<\/a> &#8211; Jos\u00e9 Cortez<\/li>\n\n\n\n<li><a href=\"https:\/\/iips.usac.edu.gt\/wp-content\/uploads\/2019\/08\/IIPS-Opina-No.-26-Segundo-Semestre-2019.pdf\">IIPS Opina No. 26 &#8211; La soberana dignidad del pensamiento libre es impostergable<\/a> &#8211; Rosaura Raguex<\/li>\n\n\n\n<li><a href=\"https:\/\/iips.usac.edu.gt\/wp-content\/uploads\/2019\/08\/IIPS-Opina-No.-27-Segundo-Semestre-2019.pdf\">IIPS Opina No. 27 &#8211; \u00bfQu\u00e9 tienen en com\u00fan las elecciones en Guatemala y Argentina?<\/a> &#8211; Andrea Hern\u00e1ndez<\/li>\n\n\n\n<li><a href=\"https:\/\/iips.usac.edu.gt\/wp-content\/uploads\/2019\/09\/IIPS-Opina-No.-28-Segundo-Semestre-2019-1.pdf\">IIPS Opina No. 28 &#8211; Medio ambiente\u2026 \u00bfo un caso de ambiente?<\/a> &#8211; Karen Ar\u00e9valo<\/li>\n\n\n\n<li><a href=\"https:\/\/iips.usac.edu.gt\/wp-content\/uploads\/2019\/09\/IIPS-Opina-No.-29-Segundo-Semestre-2019.pdf\">IIPS Opina No. 29 &#8211; \u00bfLiberados o condenados? Un futuro incierto en el sistema de justicia (I)<\/a> &#8211; Cenia Marroqu\u00edn<\/li>\n\n\n\n<li><a href=\"https:\/\/iips.usac.edu.gt\/wp-content\/uploads\/2019\/09\/IIPS-Opina-No.-30-Segundo-Semestre-2019.pdf\">IIPS Opina No. 30 &#8211; \u00bfLiberados o condenados? Un futuro incierto en el sistema de justicia (II)<\/a> &#8211; Cenia Marroqu\u00edn<\/li>\n\n\n\n<li><a href=\"https:\/\/iips.usac.edu.gt\/wp-content\/uploads\/2019\/09\/IIPS-Opina-No.-31-Segundo-Semestre-2019.pdf\">IIPS Opina No. 31 &#8211; Cultura del deseo, territorio y seducci\u00f3n de la mercanc\u00eda<\/a> &#8211; Jorge Arag\u00f3n<\/li>\n\n\n\n<li><a href=\"https:\/\/iips.usac.edu.gt\/wp-content\/uploads\/2019\/09\/IIPS-Opina-No.-32-Segundo-Semestre-2019.pdf\">IIPS Opina No. 32 &#8211; \u00bfEs la t\u00e9cnica del debate acad\u00e9mico un arte?<\/a> &#8211; Manuel Rivera<\/li>\n\n\n\n<li><a href=\"https:\/\/iips.usac.edu.gt\/wp-content\/uploads\/2019\/10\/IIPS-Opina-No.-33-Segundo-Semestre-2019.pdf\">IIPS Opina No. 33 &#8211; Censo 2018: \u00bfRealmente somos menos o estamos en otros lados?<\/a> &#8211; Francisco Sim\u00f3n Francisco<\/li>\n\n\n\n<li><a href=\"https:\/\/iips.usac.edu.gt\/wp-content\/uploads\/2019\/10\/IIPS-Opina-No.-34-Segundo-Semestre-2019.pdf\">IIPS Opina No. 34 &#8211; La ni\u00f1ez guatemalteca: entre penurias y abandonos<\/a> &#8211; Rosaura Raguex<\/li>\n\n\n\n<li><a href=\"https:\/\/iips.usac.edu.gt\/wp-content\/uploads\/2019\/10\/IIPS-Opina-No.-35-Segundo-Semestre-2019.pdf\">IIPS Opina No. 35 &#8211; Am\u00e9rica Latina convulsiona (parte I) <\/a>&#8211; Andrea Hern\u00e1ndez<\/li>\n\n\n\n<li><a href=\"https:\/\/iips.usac.edu.gt\/wp-content\/uploads\/2019\/10\/IIPS-Opina-No.-36-Segundo-Semestre-2019.pdf\">IIPS Opina No. 36 &#8211; Am\u00e9rica Latina convulsiona (parte II)<\/a> &#8211; Andrea Hern\u00e1ndez<\/li>\n\n\n\n<li><a href=\"https:\/\/iips.usac.edu.gt\/wp-content\/uploads\/2019\/11\/IIPS-Opina-No.-37-Segundo-Semestre-2019.pdf\">IIPS Opina No. 37 &#8211; La invisibilidad de las personas con discapacidad <\/a>&#8211; Gabriel Escobar<\/li>\n\n\n\n<li><a href=\"https:\/\/iips.usac.edu.gt\/wp-content\/uploads\/2019\/11\/IIPS-Opina-No.-38-Segundo-Semestre-2019.pdf\">IIPS Opina No. 38 &#8211; China: El drag\u00f3n estratega<\/a> &#8211; Karen Ar\u00e9valo<\/li>\n\n\n\n<li><a href=\"https:\/\/iips.usac.edu.gt\/wp-content\/uploads\/2019\/11\/IIPS-Opina-No.-39-Segundo-Semestre-2019.pdf\">IIPS Opina No. 39 &#8211; La ciudad y la pol\u00edtica: la polis griega como imaginario<\/a> &#8211; Jorge Arag\u00f3n<\/li>\n\n\n\n<li><a href=\"https:\/\/iips.usac.edu.gt\/wp-content\/uploads\/2019\/11\/IIPS-Opina-No.-40-Segundo-Semestre-2019.pdf\">IIPS Opina No. 40 &#8211; A cien a\u00f1os de la conmemoraci\u00f3n<\/a> &#8211; Cenia Marroqu\u00edn<\/li>\n\n\n\n<li><a href=\"https:\/\/iips.usac.edu.gt\/wp-content\/uploads\/2019\/11\/IIPS-Opina-No.-41-Segundo-Semestre-2019.pdf\">IIPS Opina No. 41 &#8211; Agredir a las ciencias sociales<\/a> &#8211; Manuel Rivera<\/li>\n\n\n\n<li><a href=\"https:\/\/iips.usac.edu.gt\/wp-content\/uploads\/2019\/11\/IIPS-Opina-No.-42-Segundo-Semestre-2019.pdf\">IIPS Opina No. 42 &#8211; Megaproyectos y migraci\u00f3n forzada del pueblo Q&#8217;anjob&#8217;al<\/a> &#8211; Francisco Sim\u00f3n Francisco<\/li>\n<\/ul>\n","protected":false},"excerpt":{"rendered":"","protected":false},"author":2,"featured_media":0,"parent":0,"menu_order":0,"comment_status":"closed","ping_status":"closed","template":"","meta":{"footnotes":""},"class_list":["post-2348","page","type-page","status-publish","czr-hentry"],"_links":{"self":[{"href":"https:\/\/iips.usac.edu.gt\/index.php?rest_route=\/wp\/v2\/pages\/2348"}],"collection":[{"href":"https:\/\/iips.usac.edu.gt\/index.php?rest_route=\/wp\/v2\/pages"}],"about":[{"href":"https:\/\/iips.usac.edu.gt\/index.php?rest_route=\/wp\/v2\/types\/page"}],"author":[{"embeddable":true,"href":"https:\/\/iips.usac.edu.gt\/index.php?rest_route=\/wp\/v2\/users\/2"}],"replies":[{"embeddable":true,"href":"https:\/\/iips.usac.edu.gt\/index.php?rest_route=%2Fwp%2Fv2%2Fcomments&post=2348"}],"version-history":[{"count":2,"href":"https:\/\/iips.usac.edu.gt\/index.php?rest_route=\/wp\/v2\/pages\/2348\/revisions"}],"predecessor-version":[{"id":6377,"href":"https:\/\/iips.usac.edu.gt\/index.php?rest_route=\/wp\/v2\/pages\/2348\/revisions\/6377"}],"wp:attachment":[{"href":"https:\/\/iips.usac.edu.gt\/index.php?rest_route=%2Fwp%2Fv2%2Fmedia&parent=2348"}],"curies":[{"name":"wp","href":"https:\/\/api.w.org\/{rel}","templated":true}]}}