{"id":2351,"date":"2019-01-11T18:11:35","date_gmt":"2019-01-11T18:11:35","guid":{"rendered":"https:\/\/iips.usac.edu.gt\/?page_id=2351"},"modified":"2019-07-15T16:42:57","modified_gmt":"2019-07-15T16:42:57","slug":"observatorio-electoral","status":"publish","type":"page","link":"https:\/\/iips.usac.edu.gt\/?page_id=2351","title":{"rendered":"Observatorio Electoral 2019"},"content":{"rendered":"<p><img loading=\"lazy\" decoding=\"async\" class=\"alignleft size-full wp-image-2506\" src=\"https:\/\/iips.usac.edu.gt\/wp-content\/uploads\/2019\/02\/Observatorio-Electoral-IIPS-2019-Master.jpg\" alt=\"\" width=\"760\" height=\"515\" srcset=\"https:\/\/iips.usac.edu.gt\/wp-content\/uploads\/2019\/02\/Observatorio-Electoral-IIPS-2019-Master.jpg 760w, https:\/\/iips.usac.edu.gt\/wp-content\/uploads\/2019\/02\/Observatorio-Electoral-IIPS-2019-Master-300x203.jpg 300w\" sizes=\"(max-width: 760px) 100vw, 760px\" \/><\/p>\n<p><a href=\"https:\/\/iips.usac.edu.gt\/wp-content\/uploads\/2019\/02\/Nota-Observatorio-Electoral-2019.pdf\" target=\"_blank\" rel=\"noopener\"><img loading=\"lazy\" decoding=\"async\" class=\"alignleft wp-image-2502\" src=\"https:\/\/iips.usac.edu.gt\/wp-content\/uploads\/2019\/02\/Nota-Observatorio-Electoral-19-1-1-e1549564400507.jpg\" alt=\"\" width=\"781\" height=\"1010\" \/><\/a><a href=\"https:\/\/iips.usac.edu.gt\/wp-content\/uploads\/2019\/02\/1-2019.pdf\" target=\"_blank\" rel=\"noopener\"><img loading=\"lazy\" decoding=\"async\" class=\"alignleft wp-image-2472 \" src=\"https:\/\/iips.usac.edu.gt\/wp-content\/uploads\/2019\/02\/ilustracion-tse-convoca-a-elecciones-2019-21Ene2019-1024x591.png\" alt=\"\" width=\"749\" height=\"432\" srcset=\"https:\/\/iips.usac.edu.gt\/wp-content\/uploads\/2019\/02\/ilustracion-tse-convoca-a-elecciones-2019-21Ene2019-1024x591.png 1024w, https:\/\/iips.usac.edu.gt\/wp-content\/uploads\/2019\/02\/ilustracion-tse-convoca-a-elecciones-2019-21Ene2019-1024x591-300x173.png 300w, https:\/\/iips.usac.edu.gt\/wp-content\/uploads\/2019\/02\/ilustracion-tse-convoca-a-elecciones-2019-21Ene2019-1024x591-768x443.png 768w\" sizes=\"(max-width: 749px) 100vw, 749px\" \/><\/a><a href=\"https:\/\/iips.usac.edu.gt\/wp-content\/uploads\/2019\/02\/LEPP.pdf\" target=\"_blank\" rel=\"noopener\"><img loading=\"lazy\" decoding=\"async\" class=\"alignleft wp-image-2481 size-full\" src=\"https:\/\/iips.usac.edu.gt\/wp-content\/uploads\/2019\/02\/LEPP.png\" alt=\"\" width=\"554\" height=\"730\" srcset=\"https:\/\/iips.usac.edu.gt\/wp-content\/uploads\/2019\/02\/LEPP.png 554w, https:\/\/iips.usac.edu.gt\/wp-content\/uploads\/2019\/02\/LEPP-228x300.png 228w\" sizes=\"(max-width: 554px) 100vw, 554px\" \/><\/a><\/p>\n<p><img loading=\"lazy\" decoding=\"async\" class=\"alignleft wp-image-2545\" src=\"https:\/\/iips.usac.edu.gt\/wp-content\/uploads\/2019\/02\/Piktochat.png\" alt=\"\" width=\"737\" height=\"1034\" \/><\/p>\n<p><a href=\"https:\/\/iips.usac.edu.gt\/wp-content\/uploads\/2019\/05\/Partidos-pol\u00edticos-inscritos-y-contexto-electoral-actualizado-22-de-mayo-de-2019.pdf\" target=\"_blank\" rel=\"noopener\"><img loading=\"lazy\" decoding=\"async\" class=\"alignleft wp-image-2703 size-full\" src=\"https:\/\/iips.usac.edu.gt\/wp-content\/uploads\/2019\/03\/Partidos-y-contexto.png\" alt=\"\" width=\"1424\" height=\"934\" srcset=\"https:\/\/iips.usac.edu.gt\/wp-content\/uploads\/2019\/03\/Partidos-y-contexto.png 1424w, https:\/\/iips.usac.edu.gt\/wp-content\/uploads\/2019\/03\/Partidos-y-contexto-300x197.png 300w, https:\/\/iips.usac.edu.gt\/wp-content\/uploads\/2019\/03\/Partidos-y-contexto-768x504.png 768w, https:\/\/iips.usac.edu.gt\/wp-content\/uploads\/2019\/03\/Partidos-y-contexto-1024x672.png 1024w\" sizes=\"(max-width: 1424px) 100vw, 1424px\" \/><\/a><\/p>\n<p><a href=\"https:\/\/iips.usac.edu.gt\/wp-content\/uploads\/2019\/04\/COMPARACI\u00d3N-GR\u00c1FICA-DE-PARTIDOS-POL\u00cdTICOS-DE-LAS-\u00daLTIMAS-3-ELECCIONES-1-1.pdf\" target=\"_blank\" rel=\"noopener\"><img loading=\"lazy\" decoding=\"async\" class=\"alignleft wp-image-2583\" src=\"https:\/\/iips.usac.edu.gt\/wp-content\/uploads\/2019\/03\/Comparaci\u00f3n-gr\u00e1fica.png\" alt=\"\" width=\"768\" height=\"583\" srcset=\"https:\/\/iips.usac.edu.gt\/wp-content\/uploads\/2019\/03\/Comparaci\u00f3n-gr\u00e1fica.png 1111w, https:\/\/iips.usac.edu.gt\/wp-content\/uploads\/2019\/03\/Comparaci\u00f3n-gr\u00e1fica-300x228.png 300w, https:\/\/iips.usac.edu.gt\/wp-content\/uploads\/2019\/03\/Comparaci\u00f3n-gr\u00e1fica-768x583.png 768w, https:\/\/iips.usac.edu.gt\/wp-content\/uploads\/2019\/03\/Comparaci\u00f3n-gr\u00e1fica-1024x777.png 1024w\" sizes=\"(max-width: 768px) 100vw, 768px\" \/><\/a><\/p>\n<p><a href=\"https:\/\/iips.usac.edu.gt\/wp-content\/uploads\/2019\/03\/VOTO-EN-EL-EXTRANJERO-EN-GUATEMALA.pdf\" target=\"_blank\" rel=\"noopener\"><img loading=\"lazy\" decoding=\"async\" class=\"alignleft wp-image-2658 size-full\" src=\"https:\/\/iips.usac.edu.gt\/wp-content\/uploads\/2019\/03\/Voto-en-el-extranjero.png\" alt=\"\" width=\"1331\" height=\"841\" srcset=\"https:\/\/iips.usac.edu.gt\/wp-content\/uploads\/2019\/03\/Voto-en-el-extranjero.png 1331w, https:\/\/iips.usac.edu.gt\/wp-content\/uploads\/2019\/03\/Voto-en-el-extranjero-300x190.png 300w, https:\/\/iips.usac.edu.gt\/wp-content\/uploads\/2019\/03\/Voto-en-el-extranjero-768x485.png 768w, https:\/\/iips.usac.edu.gt\/wp-content\/uploads\/2019\/03\/Voto-en-el-extranjero-1024x647.png 1024w\" sizes=\"(max-width: 1331px) 100vw, 1331px\" \/><\/a><\/p>\n<p><a href=\"https:\/\/iips.usac.edu.gt\/wp-content\/uploads\/2019\/03\/Sobre-el-Voto-Nulo.png\" target=\"_blank\" rel=\"noopener\"><img loading=\"lazy\" decoding=\"async\" class=\"alignleft wp-image-2734 size-full\" src=\"https:\/\/iips.usac.edu.gt\/wp-content\/uploads\/2019\/03\/Voto-nulooo.png\" alt=\"\" width=\"1432\" height=\"928\" srcset=\"https:\/\/iips.usac.edu.gt\/wp-content\/uploads\/2019\/03\/Voto-nulooo.png 1432w, https:\/\/iips.usac.edu.gt\/wp-content\/uploads\/2019\/03\/Voto-nulooo-300x194.png 300w, https:\/\/iips.usac.edu.gt\/wp-content\/uploads\/2019\/03\/Voto-nulooo-768x498.png 768w, https:\/\/iips.usac.edu.gt\/wp-content\/uploads\/2019\/03\/Voto-nulooo-1024x664.png 1024w\" sizes=\"(max-width: 1432px) 100vw, 1432px\" \/><\/a><\/p>\n<p><img loading=\"lazy\" decoding=\"async\" class=\"alignleft size-full wp-image-2865\" src=\"https:\/\/iips.usac.edu.gt\/wp-content\/uploads\/2019\/04\/Padr\u00f3n-electoral-2019.png\" alt=\"\" width=\"700\" height=\"700\" srcset=\"https:\/\/iips.usac.edu.gt\/wp-content\/uploads\/2019\/04\/Padr\u00f3n-electoral-2019.png 700w, https:\/\/iips.usac.edu.gt\/wp-content\/uploads\/2019\/04\/Padr\u00f3n-electoral-2019-150x150.png 150w, https:\/\/iips.usac.edu.gt\/wp-content\/uploads\/2019\/04\/Padr\u00f3n-electoral-2019-300x300.png 300w, https:\/\/iips.usac.edu.gt\/wp-content\/uploads\/2019\/04\/Padr\u00f3n-electoral-2019-270x270.png 270w, https:\/\/iips.usac.edu.gt\/wp-content\/uploads\/2019\/04\/Padr\u00f3n-electoral-2019-230x230.png 230w\" sizes=\"(max-width: 700px) 100vw, 700px\" \/> <img loading=\"lazy\" decoding=\"async\" class=\"alignleft size-full wp-image-2866\" src=\"https:\/\/iips.usac.edu.gt\/wp-content\/uploads\/2019\/04\/Padron-electoral-et\u00e1reo.png\" alt=\"\" width=\"700\" height=\"700\" srcset=\"https:\/\/iips.usac.edu.gt\/wp-content\/uploads\/2019\/04\/Padron-electoral-et\u00e1reo.png 700w, https:\/\/iips.usac.edu.gt\/wp-content\/uploads\/2019\/04\/Padron-electoral-et\u00e1reo-150x150.png 150w, https:\/\/iips.usac.edu.gt\/wp-content\/uploads\/2019\/04\/Padron-electoral-et\u00e1reo-300x300.png 300w, https:\/\/iips.usac.edu.gt\/wp-content\/uploads\/2019\/04\/Padron-electoral-et\u00e1reo-270x270.png 270w, https:\/\/iips.usac.edu.gt\/wp-content\/uploads\/2019\/04\/Padron-electoral-et\u00e1reo-230x230.png 230w\" sizes=\"(max-width: 700px) 100vw, 700px\" \/><\/p>\n<p><a href=\"https:\/\/iips.usac.edu.gt\/wp-content\/uploads\/2019\/05\/Candidatos-con-discapacidad.pdf\" target=\"_blank\" rel=\"noopener\"><img loading=\"lazy\" decoding=\"async\" class=\"alignleft wp-image-3055 size-full\" src=\"https:\/\/iips.usac.edu.gt\/wp-content\/uploads\/2019\/05\/Discapacidad.png\" alt=\"\" width=\"1256\" height=\"914\" srcset=\"https:\/\/iips.usac.edu.gt\/wp-content\/uploads\/2019\/05\/Discapacidad.png 1256w, https:\/\/iips.usac.edu.gt\/wp-content\/uploads\/2019\/05\/Discapacidad-300x218.png 300w, https:\/\/iips.usac.edu.gt\/wp-content\/uploads\/2019\/05\/Discapacidad-768x559.png 768w, https:\/\/iips.usac.edu.gt\/wp-content\/uploads\/2019\/05\/Discapacidad-1024x745.png 1024w\" sizes=\"(max-width: 1256px) 100vw, 1256px\" \/><\/a><a href=\"https:\/\/iips.usac.edu.gt\/wp-content\/uploads\/2019\/05\/OPINIONES-EQUIPO-IIPS-VOTO-EN-EL-EXTRANJERO.pdf\" target=\"_blank\" rel=\"noopener\"><img loading=\"lazy\" decoding=\"async\" class=\"alignleft wp-image-2886 size-full\" src=\"https:\/\/iips.usac.edu.gt\/wp-content\/uploads\/2019\/04\/M\u00f3dulos-Educativos-1.png\" alt=\"\" width=\"1336\" height=\"894\" srcset=\"https:\/\/iips.usac.edu.gt\/wp-content\/uploads\/2019\/04\/M\u00f3dulos-Educativos-1.png 1336w, https:\/\/iips.usac.edu.gt\/wp-content\/uploads\/2019\/04\/M\u00f3dulos-Educativos-1-300x201.png 300w, https:\/\/iips.usac.edu.gt\/wp-content\/uploads\/2019\/04\/M\u00f3dulos-Educativos-1-768x514.png 768w, https:\/\/iips.usac.edu.gt\/wp-content\/uploads\/2019\/04\/M\u00f3dulos-Educativos-1-1024x685.png 1024w\" sizes=\"(max-width: 1336px) 100vw, 1336px\" \/><br \/>\n<img loading=\"lazy\" decoding=\"async\" class=\"alignleft wp-image-3176 size-full\" src=\"https:\/\/iips.usac.edu.gt\/wp-content\/uploads\/2019\/07\/Opiniones-Equipo-IIPS-VOTO-EN-EL-EXTRANJERO.-Per\u00edodo-electoral-2019.png\" alt=\"\" width=\"800\" height=\"800\" srcset=\"https:\/\/iips.usac.edu.gt\/wp-content\/uploads\/2019\/07\/Opiniones-Equipo-IIPS-VOTO-EN-EL-EXTRANJERO.-Per\u00edodo-electoral-2019.png 800w, https:\/\/iips.usac.edu.gt\/wp-content\/uploads\/2019\/07\/Opiniones-Equipo-IIPS-VOTO-EN-EL-EXTRANJERO.-Per\u00edodo-electoral-2019-150x150.png 150w, https:\/\/iips.usac.edu.gt\/wp-content\/uploads\/2019\/07\/Opiniones-Equipo-IIPS-VOTO-EN-EL-EXTRANJERO.-Per\u00edodo-electoral-2019-300x300.png 300w, https:\/\/iips.usac.edu.gt\/wp-content\/uploads\/2019\/07\/Opiniones-Equipo-IIPS-VOTO-EN-EL-EXTRANJERO.-Per\u00edodo-electoral-2019-768x768.png 768w, https:\/\/iips.usac.edu.gt\/wp-content\/uploads\/2019\/07\/Opiniones-Equipo-IIPS-VOTO-EN-EL-EXTRANJERO.-Per\u00edodo-electoral-2019-270x270.png 270w, https:\/\/iips.usac.edu.gt\/wp-content\/uploads\/2019\/07\/Opiniones-Equipo-IIPS-VOTO-EN-EL-EXTRANJERO.-Per\u00edodo-electoral-2019-230x230.png 230w\" sizes=\"(max-width: 800px) 100vw, 800px\" \/><\/a><a href=\"https:\/\/iips.usac.edu.gt\/wp-content\/uploads\/2019\/07\/NUEVA-LEGISLATURA-2020-2024-IIPS.pdf\" target=\"_blank\" rel=\"noopener\"><img loading=\"lazy\" decoding=\"async\" class=\"alignleft wp-image-3174 size-full\" src=\"https:\/\/iips.usac.edu.gt\/wp-content\/uploads\/2019\/07\/Opiniones-Equipo-IIPS-PARIDAD-DE-G\u00c9NERO.-Per\u00edodo-electoral-2019.png\" alt=\"\" width=\"800\" height=\"800\" srcset=\"https:\/\/iips.usac.edu.gt\/wp-content\/uploads\/2019\/07\/Opiniones-Equipo-IIPS-PARIDAD-DE-G\u00c9NERO.-Per\u00edodo-electoral-2019.png 800w, https:\/\/iips.usac.edu.gt\/wp-content\/uploads\/2019\/07\/Opiniones-Equipo-IIPS-PARIDAD-DE-G\u00c9NERO.-Per\u00edodo-electoral-2019-150x150.png 150w, https:\/\/iips.usac.edu.gt\/wp-content\/uploads\/2019\/07\/Opiniones-Equipo-IIPS-PARIDAD-DE-G\u00c9NERO.-Per\u00edodo-electoral-2019-300x300.png 300w, https:\/\/iips.usac.edu.gt\/wp-content\/uploads\/2019\/07\/Opiniones-Equipo-IIPS-PARIDAD-DE-G\u00c9NERO.-Per\u00edodo-electoral-2019-768x768.png 768w, https:\/\/iips.usac.edu.gt\/wp-content\/uploads\/2019\/07\/Opiniones-Equipo-IIPS-PARIDAD-DE-G\u00c9NERO.-Per\u00edodo-electoral-2019-270x270.png 270w, https:\/\/iips.usac.edu.gt\/wp-content\/uploads\/2019\/07\/Opiniones-Equipo-IIPS-PARIDAD-DE-G\u00c9NERO.-Per\u00edodo-electoral-2019-230x230.png 230w\" sizes=\"(max-width: 800px) 100vw, 800px\" \/><img loading=\"lazy\" decoding=\"async\" class=\"alignleft wp-image-3187 size-full\" src=\"https:\/\/iips.usac.edu.gt\/wp-content\/uploads\/2019\/07\/NUEVA-LEGISLATURA-2020-2024-IIPS.jpg\" alt=\"\" width=\"1275\" height=\"1650\" srcset=\"https:\/\/iips.usac.edu.gt\/wp-content\/uploads\/2019\/07\/NUEVA-LEGISLATURA-2020-2024-IIPS.jpg 1275w, https:\/\/iips.usac.edu.gt\/wp-content\/uploads\/2019\/07\/NUEVA-LEGISLATURA-2020-2024-IIPS-232x300.jpg 232w, https:\/\/iips.usac.edu.gt\/wp-content\/uploads\/2019\/07\/NUEVA-LEGISLATURA-2020-2024-IIPS-768x994.jpg 768w, https:\/\/iips.usac.edu.gt\/wp-content\/uploads\/2019\/07\/NUEVA-LEGISLATURA-2020-2024-IIPS-791x1024.jpg 791w\" sizes=\"(max-width: 1275px) 100vw, 1275px\" \/><\/a><\/p>\n","protected":false},"excerpt":{"rendered":"","protected":false},"author":2,"featured_media":2502,"parent":0,"menu_order":0,"comment_status":"closed","ping_status":"closed","template":"","meta":{"footnotes":""},"class_list":["post-2351","page","type-page","status-publish","has-post-thumbnail","czr-hentry"],"_links":{"self":[{"href":"https:\/\/iips.usac.edu.gt\/index.php?rest_route=\/wp\/v2\/pages\/2351"}],"collection":[{"href":"https:\/\/iips.usac.edu.gt\/index.php?rest_route=\/wp\/v2\/pages"}],"about":[{"href":"https:\/\/iips.usac.edu.gt\/index.php?rest_route=\/wp\/v2\/types\/page"}],"author":[{"embeddable":true,"href":"https:\/\/iips.usac.edu.gt\/index.php?rest_route=\/wp\/v2\/users\/2"}],"replies":[{"embeddable":true,"href":"https:\/\/iips.usac.edu.gt\/index.php?rest_route=%2Fwp%2Fv2%2Fcomments&post=2351"}],"version-history":[{"count":36,"href":"https:\/\/iips.usac.edu.gt\/index.php?rest_route=\/wp\/v2\/pages\/2351\/revisions"}],"predecessor-version":[{"id":3196,"href":"https:\/\/iips.usac.edu.gt\/index.php?rest_route=\/wp\/v2\/pages\/2351\/revisions\/3196"}],"wp:featuredmedia":[{"embeddable":true,"href":"https:\/\/iips.usac.edu.gt\/index.php?rest_route=\/wp\/v2\/media\/2502"}],"wp:attachment":[{"href":"https:\/\/iips.usac.edu.gt\/index.php?rest_route=%2Fwp%2Fv2%2Fmedia&parent=2351"}],"curies":[{"name":"wp","href":"https:\/\/api.w.org\/{rel}","templated":true}]}}