{"id":340,"date":"2017-11-13T16:07:38","date_gmt":"2017-11-13T16:07:38","guid":{"rendered":"http:\/\/c3.usac.edu.gt\/iips.usac.edu.gt\/public_html\/?page_id=340"},"modified":"2017-11-13T16:07:38","modified_gmt":"2017-11-13T16:07:38","slug":"segunda-semana-academica-de-la-investigacion","status":"publish","type":"page","link":"https:\/\/iips.usac.edu.gt\/?page_id=340","title":{"rendered":"Segunda Semana Acad\u00e9mica de la Investigaci\u00f3n"},"content":{"rendered":"<p><strong>SEGUNDA SEMANA ACADEMICA DE LA INVESTIGACION \u2013II SAI-<\/strong><\/p>\n<p>-IIPS\/ECP-<\/p>\n<p>&nbsp;<\/p>\n<p>Entre el 22 y 26 de febrero del 2016, el Instituto de Investigaciones Pol\u00edticas y Sociales \u201cDr. Ren\u00e9 Poitevin\u201d \u2013IIPS- tuvo a su cargo la coordinaci\u00f3n de la Segunda Semana Acad\u00e9mica de la Investigaci\u00f3n (SAI).<\/p>\n<p>&nbsp;<\/p>\n<p>Los Objetivos de este importante evento acad\u00e9mico se centraron en: a) la promoci\u00f3n de un espacio de interacci\u00f3n y de intercambio de conocimientos entre estudiantes, docentes e investigadores de la Escuela de Ciencia Pol\u00edtica y otras Universidades y Centros de Investigaci\u00f3n del pa\u00eds, con el af\u00e1n de fortalecer aspectos te\u00f3ricosy metodol\u00f3gicos; b) el impulso de acciones orientadas hacia el an\u00e1lisis y reflexi\u00f3n de acontecimientos pol\u00edticos, econ\u00f3micos, sociales y culturales en Guatemala, para fortalecer la cultura de investigaci\u00f3n deestudiantes, docentes y profesionales de la comunidad acad\u00e9mica universitaria; y, c) la generaci\u00f3n de di\u00e1logos y debatessobre los problemas nacionales con otras instancias, universidades y tanques de pensamiento que realizan investigaci\u00f3n en el pa\u00eds, con el fin de generar propuestas serias y viables que coadyuven al entendimiento y resoluci\u00f3n de los problemas sustantivos de nuestro pa\u00eds.<\/p>\n<p>&nbsp;<\/p>\n<p>Los Ejes y Sub-Ejes Tem\u00e1ticos sobre los cuales se finc\u00f3 la discusi\u00f3n y an\u00e1lisis en la Semana Acad\u00e9mica fueron los siguientes:<strong>Investigaci\u00f3n y Ciencias Sociales<\/strong> (Desaf\u00edos de la docencia y lainvestigaci\u00f3n social en la educaci\u00f3n superior; Usos de metodolog\u00edas\u00a0 y proyectos de investigaci\u00f3n en la Universidad de San Carlos de Guatemala; El papel de la epistemolog\u00eda en la investigaci\u00f3n social). <strong>Coyuntura Pol\u00edtica Nacional<\/strong> (Estado y democracia; Proceso electoral en Guatemala 2015; Sistema y crisis pol\u00edtica; Seguridad y violencia). <strong>Sistema y orden internacional (<\/strong>Geopol\u00edtica y seguridad Internacional; Negociaci\u00f3n internacional; Migraciones Internacionales; Pol\u00edtica econ\u00f3mica internacional). <strong>Participaci\u00f3n Social<\/strong> (Conflictividad social y demandas ciudadanas; Formas y modelos de organizaci\u00f3n; Modernidad, democracia\u00a0 y desigualdades en Guatemala; Exclusi\u00f3n, discriminaci\u00f3n y racismo.<\/p>\n<p><strong>\u00a0<\/strong><\/p>\n<p>Adem\u00e1s de la inclusi\u00f3n de nuevas modalidades de participaci\u00f3n en las presentaciones y discusiones acad\u00e9micas, durante el evento se llevaron a cabo otras actividades que dieron una perspectiva m\u00e1s amplia y complementaria al quehacer investigativo, a saber: foros especializados, presentaci\u00f3n de libros y publicaciones de editoriales nacionales e internacionales -incluyendo la Revista Pol\u00edtica y Sociedad No. 52 del IIPS y el Informe del Observatorio Electoral, USAC 2015-, stands de editoriales nacionales, feria y promoci\u00f3n de becas al exterior,y actividades culturales diversas.<\/p>\n<p>&nbsp;<\/p>\n","protected":false},"excerpt":{"rendered":"<p>SEGUNDA SEMANA ACADEMICA DE LA INVESTIGACION \u2013II SAI- -IIPS\/ECP- &nbsp; Entre el 22 y 26 de febrero del 2016, el Instituto de Investigaciones Pol\u00edticas y Sociales \u201cDr. Ren\u00e9 Poitevin\u201d \u2013IIPS- tuvo a su cargo la coordinaci\u00f3n de la Segunda Semana Acad\u00e9mica de la Investigaci\u00f3n (SAI). &nbsp; Los Objetivos de este importante evento acad\u00e9mico se centraron [&hellip;]<\/p>\n","protected":false},"author":2,"featured_media":0,"parent":212,"menu_order":0,"comment_status":"closed","ping_status":"closed","template":"","meta":{"footnotes":""},"class_list":["post-340","page","type-page","status-publish","czr-hentry"],"_links":{"self":[{"href":"https:\/\/iips.usac.edu.gt\/index.php?rest_route=\/wp\/v2\/pages\/340"}],"collection":[{"href":"https:\/\/iips.usac.edu.gt\/index.php?rest_route=\/wp\/v2\/pages"}],"about":[{"href":"https:\/\/iips.usac.edu.gt\/index.php?rest_route=\/wp\/v2\/types\/page"}],"author":[{"embeddable":true,"href":"https:\/\/iips.usac.edu.gt\/index.php?rest_route=\/wp\/v2\/users\/2"}],"replies":[{"embeddable":true,"href":"https:\/\/iips.usac.edu.gt\/index.php?rest_route=%2Fwp%2Fv2%2Fcomments&post=340"}],"version-history":[{"count":1,"href":"https:\/\/iips.usac.edu.gt\/index.php?rest_route=\/wp\/v2\/pages\/340\/revisions"}],"predecessor-version":[{"id":341,"href":"https:\/\/iips.usac.edu.gt\/index.php?rest_route=\/wp\/v2\/pages\/340\/revisions\/341"}],"up":[{"embeddable":true,"href":"https:\/\/iips.usac.edu.gt\/index.php?rest_route=\/wp\/v2\/pages\/212"}],"wp:attachment":[{"href":"https:\/\/iips.usac.edu.gt\/index.php?rest_route=%2Fwp%2Fv2%2Fmedia&parent=340"}],"curies":[{"name":"wp","href":"https:\/\/api.w.org\/{rel}","templated":true}]}}