{"id":346,"date":"2017-11-13T16:12:24","date_gmt":"2017-11-13T16:12:24","guid":{"rendered":"http:\/\/c3.usac.edu.gt\/iips.usac.edu.gt\/public_html\/?page_id=346"},"modified":"2017-11-13T16:26:34","modified_gmt":"2017-11-13T16:26:34","slug":"ii-encuentro-de-estudiantes-de-ciencia-politica-accionpolitica-y-nuevos-modelos-de-pensamiento-y-gestion-en-centroamerica","status":"publish","type":"page","link":"https:\/\/iips.usac.edu.gt\/?page_id=346","title":{"rendered":"II Encuentro de estudiantes de Ciencia Pol\u00edtica"},"content":{"rendered":"<p><strong>II ENCUENTRO DE ESTUDIANTES DE CIENCIA POL\u00cdTICA:<\/strong><\/p>\n<p><strong>\u00a0\u201cACCI\u00d3N POL\u00cdTICA Y NUEVOS MODELOS DE PENSAMIENTO Y GESTI\u00d3N EN CENTROAM\u00c9RICA\u201d<\/strong><\/p>\n<p>ACCPP\/ECP<\/p>\n<p>El II Encuentro de Estudiantes de Ciencia Pol\u00edtica, realizado en la Ciudad de Guatemala durante los d\u00edas de 4 y 5 de agosto del 2016, cont\u00f3 con la participaci\u00f3n de estudiantes y profesores de Universidades de Centroam\u00e9rica y de las Universidades guatemaltecas que cuentan los las carreras de Ciencia Pol\u00edtica y Relaciones Internacionales.<\/p>\n<p>Teniendo como objetivo central la consolidaci\u00f3n del trabajo integrado y comparado sobre la institucionalidad y fen\u00f3menos pol\u00edticos en Centroam\u00e9rica, este evento fue inaugurado por el ex Vicepresidente de la Rep\u00fablica de Guatemala, Dr. Juan Alfonso Fuentes Soria, quien disert\u00f3 en Conferencia Magistral sobre los <em>\u201cRetos asumidos por Gobierno de Transici\u00f3n tras los esc\u00e1ndalos de Corrupci\u00f3n en 2015.\u201d<\/em><\/p>\n<p>Expertos de la regi\u00f3n centroamericana expusieron sobre los Procesos de Reforma Electoral y Coyuntura Pol\u00edtica en los pa\u00edses de la regi\u00f3n y, en Mesas de Discusi\u00f3n simult\u00e1neas, estudiantes participaron con ponencias que profundizaron en el an\u00e1lisis sobre: a) Movilizaci\u00f3n y Participaci\u00f3n Social en la Regi\u00f3n; b) Pol\u00edtica Exterior; y, c) Pol\u00edticas p\u00fablicas.<\/p>\n<p>Tomando en cuenta que la Escuela de Ciencia Pol\u00edtica fue seleccionada, durante la realizaci\u00f3n del VII Congreso Centroamericano de Ciencias Pol\u00edticas, como la pr\u00f3xima sede del VIII Congreso, este Encuentro Regional marc\u00f3 el inicio de las actividades para la organizaci\u00f3n del evento que se realizar\u00e1 en el a\u00f1o 2017.<\/p>\n<p>&nbsp;<\/p>\n","protected":false},"excerpt":{"rendered":"<p>II ENCUENTRO DE ESTUDIANTES DE CIENCIA POL\u00cdTICA: \u00a0\u201cACCI\u00d3N POL\u00cdTICA Y NUEVOS MODELOS DE PENSAMIENTO Y GESTI\u00d3N EN CENTROAM\u00c9RICA\u201d ACCPP\/ECP El II Encuentro de Estudiantes de Ciencia Pol\u00edtica, realizado en la Ciudad de Guatemala durante los d\u00edas de 4 y 5 de agosto del 2016, cont\u00f3 con la participaci\u00f3n de estudiantes y profesores de Universidades de [&hellip;]<\/p>\n","protected":false},"author":2,"featured_media":0,"parent":212,"menu_order":0,"comment_status":"closed","ping_status":"closed","template":"","meta":{"footnotes":""},"class_list":["post-346","page","type-page","status-publish","czr-hentry"],"_links":{"self":[{"href":"https:\/\/iips.usac.edu.gt\/index.php?rest_route=\/wp\/v2\/pages\/346"}],"collection":[{"href":"https:\/\/iips.usac.edu.gt\/index.php?rest_route=\/wp\/v2\/pages"}],"about":[{"href":"https:\/\/iips.usac.edu.gt\/index.php?rest_route=\/wp\/v2\/types\/page"}],"author":[{"embeddable":true,"href":"https:\/\/iips.usac.edu.gt\/index.php?rest_route=\/wp\/v2\/users\/2"}],"replies":[{"embeddable":true,"href":"https:\/\/iips.usac.edu.gt\/index.php?rest_route=%2Fwp%2Fv2%2Fcomments&post=346"}],"version-history":[{"count":4,"href":"https:\/\/iips.usac.edu.gt\/index.php?rest_route=\/wp\/v2\/pages\/346\/revisions"}],"predecessor-version":[{"id":357,"href":"https:\/\/iips.usac.edu.gt\/index.php?rest_route=\/wp\/v2\/pages\/346\/revisions\/357"}],"up":[{"embeddable":true,"href":"https:\/\/iips.usac.edu.gt\/index.php?rest_route=\/wp\/v2\/pages\/212"}],"wp:attachment":[{"href":"https:\/\/iips.usac.edu.gt\/index.php?rest_route=%2Fwp%2Fv2%2Fmedia&parent=346"}],"curies":[{"name":"wp","href":"https:\/\/api.w.org\/{rel}","templated":true}]}}