{"id":349,"date":"2017-11-13T16:14:24","date_gmt":"2017-11-13T16:14:24","guid":{"rendered":"http:\/\/c3.usac.edu.gt\/iips.usac.edu.gt\/public_html\/?page_id=349"},"modified":"2017-11-13T16:23:25","modified_gmt":"2017-11-13T16:23:25","slug":"ii-coloquio-regional-sobre-metodologias-de-analisis-aplicadas-al-proceso-de-la-integracion-centroamericana","status":"publish","type":"page","link":"https:\/\/iips.usac.edu.gt\/?page_id=349","title":{"rendered":"II Coloquio regional sobre metodolog\u00edas de an\u00e1lisis aplicadas al proceso de la integraci\u00f3n centroamericana"},"content":{"rendered":"<p><strong>II COLOQUIO REGIONAL SOBRE METODOLOG\u00cdAS DE AN\u00c1LISIS APLICADAS AL PROCESO DE LA INTEGRACI\u00d3N CENTROAMERICANA<\/strong><\/p>\n<p>-IIPS\/ECP-<\/p>\n<p>La Secretar\u00eda General del Sistema de la Integraci\u00f3n Centroamericana (SG-SICA) promovi\u00f3 la realizaci\u00f3n de este Coloquio durante el 11 y 12 de agosto del presente a\u00f1o.El objetivo principal del evento fue contribuir al proceso de integraci\u00f3ncentroamericano y a su fortalecimientodesde el desarrollode experiencias demovilidad acad\u00e9mica estudiantil en la regi\u00f3n, facilitando\u00a0 la reducci\u00f3n de asimetr\u00edas del conocimiento t\u00e9cnico-cient\u00edfico y la promoci\u00f3n de la consciencia de una cultura de la integraci\u00f3n, as\u00ed como establecer un di\u00e1logo con los becarios del Programa de Movilidad Regional para la realizaci\u00f3n efectiva y eficiente de su pasant\u00eda de investigaci\u00f3n, las cuales se llevar\u00e1n a cabo en instituciones de educaci\u00f3n superior e instancias del SICA.<\/p>\n<p>La actividad cont\u00f3 con la participaci\u00f3n de acad\u00e9micos e investigadores centroamericanos y extra regionales que impartieron conferencias magistrales, ponencias especializadas e intervinieron en espacios de debate con las y los becarios que provienen de diversas universidades de la regi\u00f3n;estudiantes de la Escuela de Ciencia Pol\u00edtica de la Universidad de San Carlos y de la Facultad de Ciencias Pol\u00edticas y Sociales de la Universidad Rafael Land\u00edvar, representaron a nuestro pa\u00eds.<\/p>\n<p>En la primera fase del Coloquio fueron presentadas diversas ponencias y conferencias magistrales, entre las que destacaron:<em>\u00b4\u00b4An\u00e1lisis comparado de los procesos de integraci\u00f3n en Am\u00e9rica Latina\u00b4\u00b4<\/em> a cargo del Dr. Ernani Contipelli, Director del Centro para la Investigaci\u00f3n Estrat\u00e9gica Europea;<em>\u00b4\u00b4Din\u00e1micas de integraci\u00f3n: un an\u00e1lisis desde los equilibrios institucionales inducidos\u00b4\u00b4<\/em>servida por el Dr. Jean-Paul Vargas, Director de Integraci\u00f3n de la Secretar\u00eda General del Sistema de Integraci\u00f3n Centroamericana.<\/p>\n<p>Las actividades de la segunda fase se concentraron en mesas de trabajo simult\u00e1neas y per\u00edodos para conferencias magistrales. Los cuatro Ejes desarrollados en esta jornada fueron:Movilidad Regional Centroamericana; Cambio\u00a0 Clim\u00e1tico,\u00a0 Gesti\u00f3n\u00a0 de\u00a0 Riesgos\u00a0 y\u00a0 Prevenci\u00f3n\u00a0 de\u00a0 Desastres en\u00a0 Centroam\u00e9rica; Ciencia\u00a0 y\u00a0 Tecnolog\u00eda,\u00a0 Innovaci\u00f3n\u00a0 y\u00a0 Desarrollo\u00a0 en\u00a0 Centroam\u00e9rica; y, Proceso\u00a0 de\u00a0 Integraci\u00f3n\u00a0 Centroamericana\u00a0 y\u00a0 Pol\u00edticas\u00a0 P\u00fablicasRegionales.<\/p>\n<p>Para la regi\u00f3n centroamericana es primordial contar con una estrategia de seguridad, por esta raz\u00f3n en la ponencia de cierre se hizo una retrospectiva de los procesos de Esquipulas y los avances y retrocesos que se han tenido en la regi\u00f3n. Esta revisi\u00f3n surge a partir de problem\u00e1ticas como la alta violencia y la influencia del crimen organizado en el \u00e1rea centroamericana, la posici\u00f3n geoestrat\u00e9gica en la que se encuentran nuestros pa\u00edses y la necesidad de una visi\u00f3n compartida que integre acciones y recursos para atender las necesidades del istmo. Las sociedades de Centroam\u00e9rica tienen grandes desaf\u00edos para mejorar la efectividad de las propuestas y proyectos aludidos, pero, sobre todo, deben considerar las potencialidades de acompa\u00f1amiento a las nuevas propuestas que los j\u00f3venes becarios est\u00e1n realizando en las instituciones de SG-SICA.<\/p>\n<p>&nbsp;<\/p>\n<p>&nbsp;<\/p>\n<p><strong>\u00a0<\/strong><\/p>\n<p><strong>\u00a0<\/strong><\/p>\n","protected":false},"excerpt":{"rendered":"<p>II COLOQUIO REGIONAL SOBRE METODOLOG\u00cdAS DE AN\u00c1LISIS APLICADAS AL PROCESO DE LA INTEGRACI\u00d3N CENTROAMERICANA -IIPS\/ECP- La Secretar\u00eda General del Sistema de la Integraci\u00f3n Centroamericana (SG-SICA) promovi\u00f3 la realizaci\u00f3n de este Coloquio durante el 11 y 12 de agosto del presente a\u00f1o.El objetivo principal del evento fue contribuir al proceso de integraci\u00f3ncentroamericano y a su fortalecimientodesde [&hellip;]<\/p>\n","protected":false},"author":2,"featured_media":0,"parent":212,"menu_order":0,"comment_status":"closed","ping_status":"closed","template":"","meta":{"footnotes":""},"class_list":["post-349","page","type-page","status-publish","czr-hentry"],"_links":{"self":[{"href":"https:\/\/iips.usac.edu.gt\/index.php?rest_route=\/wp\/v2\/pages\/349"}],"collection":[{"href":"https:\/\/iips.usac.edu.gt\/index.php?rest_route=\/wp\/v2\/pages"}],"about":[{"href":"https:\/\/iips.usac.edu.gt\/index.php?rest_route=\/wp\/v2\/types\/page"}],"author":[{"embeddable":true,"href":"https:\/\/iips.usac.edu.gt\/index.php?rest_route=\/wp\/v2\/users\/2"}],"replies":[{"embeddable":true,"href":"https:\/\/iips.usac.edu.gt\/index.php?rest_route=%2Fwp%2Fv2%2Fcomments&post=349"}],"version-history":[{"count":3,"href":"https:\/\/iips.usac.edu.gt\/index.php?rest_route=\/wp\/v2\/pages\/349\/revisions"}],"predecessor-version":[{"id":355,"href":"https:\/\/iips.usac.edu.gt\/index.php?rest_route=\/wp\/v2\/pages\/349\/revisions\/355"}],"up":[{"embeddable":true,"href":"https:\/\/iips.usac.edu.gt\/index.php?rest_route=\/wp\/v2\/pages\/212"}],"wp:attachment":[{"href":"https:\/\/iips.usac.edu.gt\/index.php?rest_route=%2Fwp%2Fv2%2Fmedia&parent=349"}],"curies":[{"name":"wp","href":"https:\/\/api.w.org\/{rel}","templated":true}]}}