{"id":351,"date":"2017-11-13T16:19:54","date_gmt":"2017-11-13T16:19:54","guid":{"rendered":"http:\/\/c3.usac.edu.gt\/iips.usac.edu.gt\/public_html\/?page_id=351"},"modified":"2017-11-13T16:19:54","modified_gmt":"2017-11-13T16:19:54","slug":"encuentros-academicos-y-congresos","status":"publish","type":"page","link":"https:\/\/iips.usac.edu.gt\/?page_id=351","title":{"rendered":"Encuentros acad\u00e9micos y Congresos"},"content":{"rendered":"<p><strong>I ENCUENTRO LATINOAMERICANO DE CARRERAS DE SOCIOLOG\u00cdA<\/strong><\/p>\n<p>-AS\/ECP-<\/p>\n<p>El Centro de Formaci\u00f3n de la Cooperaci\u00f3n Espa\u00f1ola en La Antigua Guatemala (CFCE) fue la sede, durante el 18 y 19 de agosto del 20o16, del <em>Primer Encuentro Latinoamericano de Carreras de Sociolog\u00eda<\/em>. Este evento acad\u00e9mico fue organizado por la Coordinaci\u00f3n del \u00c1rea de Sociolog\u00eda (j.m.) de la Escuela de Ciencia Pol\u00edtica y la Asociaci\u00f3n Latinoamericana de Sociolog\u00eda \u2013ALAS-.<\/p>\n<p>Con el objetivo de lograr los acuerdos necesarios para iniciar las actividades de la Red de Carreras de Sociolog\u00eda en Am\u00e9rica Latina y el Caribe, en esta reuni\u00f3n se discuti\u00f3 y se recopil\u00f3 la informaci\u00f3n sobre las caracter\u00edsticas de las estructuras y el funcionamiento de las carreras de Sociolog\u00eda del continente, los principales rasgos que presenta la matr\u00edcula estudiantil en cada pa\u00eds, y las principales problem\u00e1ticas que afrontan los egresados de la disciplina sociol\u00f3gica en los procesos de incorporaci\u00f3n al mercado laboral.<\/p>\n<p>La sistematizaci\u00f3n de los resultados y los Acuerdos y el Plan de Acci\u00f3n de la Red ser\u00e1n presentados -en el mes de noviembre- a todas las Universidades latinoamericanas que incluyen dentro de su pensum de estudios la carrera de Sociolog\u00eda y las especialidades recurrentes.<\/p>\n<p>&nbsp;<\/p>\n<p><strong>ASAMBLEA GENERAL DE LA UNI\u00d3N MUNDIAL DE CIEGOS<\/strong><\/p>\n<p>-IIPS\/ECP-<\/p>\n<p>Del 18 al 26 de agosto del 2016 se llev\u00f3 a cabo en la ciudad de Orlando, Florida, la Asamblea General de la Uni\u00f3n Mundial de Ciegos \u2013UMC-, evento en el cual particip\u00f3 el Licenciado Edvin Gabriel Escobar Morales, investigador del IIPS.<\/p>\n<p>La agenda de la actividad estuvo dirigida hacia una serie de temas que, en los \u00faltimos a\u00f1os, han sido priorizados dentro de las acciones y tareas de personas e instituciones que trabajan con personas con discapacidades visuales, y que hasta hace apenas una d\u00e9cada no eran considerados como parte de las estrategias integrales de sobrevivencia de estos sectores de las sociedades del mundo.<\/p>\n<p>En consecuencia, y dentro del marco de la tem\u00e1tica de la <em>Preparaci\u00f3n para casos de emergencia<\/em>, el Presidente de la Asociaci\u00f3n de Amistad de los Ciegos (Jordania), Ahmed Mohammad Mousa Allouzi, expuso sobre los <em>\u201cLos Refugiados Sirios con discapacidad\u201d;<\/em>la Directora Ejecutiva de la Uni\u00f3n Ruandesa de Ciegos, Donatilla Kanimba, expuso la ponencia titulada <em>Vivir como Refugiado Ciego\u201d<\/em>; <em>\u201cVulnerabilidad a los Desastres Naturales\u201d<\/em>, fue el tema sobre el cual disert\u00f3 el Licenciado Gabriel Escobar, guatemalteco e Internacionalista egresado de la Escuela de Ciencia Pol\u00edtica; por su parte Marcie Roth, Directora de la Oficina de Integraci\u00f3n y Coordinaci\u00f3n de \u00f1a Discapacidad del Departamento de EEUU de Seguridad Nacional \u2013FEMA-, se dirigi\u00f3 a la audiencia presentando el tema sobre <em>\u201cReducci\u00f3n de riesgos de desastre que incluya a la discapacidad, roles de las organizaciones de personas con discapacidad\u201d<\/em>.<\/p>\n<p>Seg\u00fan lo expuesto por el Licenciado Escobar Morales:[[\u2026esta experiencia permiti\u00f3 que se posicionaraen el contexto latinoamericano los bajos niveles de vulnerabilidad a los desastres que constantemente tiene nuestra geograf\u00eda y principalmente el papel de los Gobiernos en respuesta a la prevenci\u00f3n, informaci\u00f3n y respuesta durante y despu\u00e9s de las emergencias\u2026]]<\/p>\n<p>La Asamblea General present\u00f3 como expectativas sobre el tema en cuesti\u00f3n: a) Am\u00e9rica Latina al ser un territorio vulnerable frente a desastres debe fortalecer su estructura de respuesta ante las emergencias humanitarias, tomando de base su inversi\u00f3n de Estado; adem\u00e1s, debe incluir a la cooperaci\u00f3n internacional para que intervengan ante estas circunstancias; b) Se enfatiza en las herramientas jur\u00eddicas vinculantes y no vinculantes que dan respuesta para cubrir las necesidades b\u00e1sicas de las poblaciones vulneradas frente al riesgo de desastres, tanto naturales como ocasionados por el hombre; c) La Convenci\u00f3n sobre Derechos de las Personas con Discapacidad, en elArt\u00edculo 11, prev\u00e9 el tema de situaciones frente a desastres y emergencias humanitarias, donde el Estado asume compromisos para generar servicios adecuados para personas en condici\u00f3n de discapacidad, y con ello eliminar barreras de distancia abismal en funci\u00f3n de garantizar la vida de estas personas.<\/p>\n<p>Las conclusiones y lecciones aprendidas en este evento, las orienta el Licenciado Escobar Morales en los siguientes t\u00e9rminos:<\/p>\n<ul>\n<li>Se facilit\u00f3 la ponencia sobre el contexto latinoamericano como regi\u00f3n potencial frente a desastres, donde las personas con discapacidad visual no est\u00e1n siendo tomadas en cuenta como poblaci\u00f3n vulnerable y con mayor riesgo frente al tema.<\/li>\n<li>Guatemala refleja una d\u00e9bil puesta en marcha de inclusi\u00f3n de gesti\u00f3n de riesgos hacia la poblaci\u00f3n con discapacidad.<\/li>\n<li>La Uni\u00f3n Mundial de Ciegos, es la conferencia mundial donde representantes de cada pa\u00eds asume un trabajo frente a la inclusi\u00f3n de las personas con discapacidad visual y frente a los distintos temas considerados de manera transversal e interseccional.<\/li>\n<li>Se conocen los esfuerzos de los Estados a trav\u00e9s del Marco de Sendai, donde se establece un trabajo inclusivo con personas mayores, mujeres, ni\u00f1ez y personas con discapacidad y con ello buscar tener comunidades resilientes.<\/li>\n<li>El Instituto de Investigaciones Pol\u00edticas y Sociales de la Escuela de Ciencia pol\u00edtica fue fundamental en esta participaci\u00f3n, generando los aportes administrativos para consolidar los recursos financieros de traslado v\u00eda a\u00e9rea y vi\u00e1ticos, lo que permiti\u00f3 visibilizar el rol de la Universidad de San Carlos de Guatemala.<\/li>\n<li>Para la participaci\u00f3n fue valioso el aporte del Comit\u00e9 Pro-Ciegos y Sordos de Guatemala asumiendo otros costos de intervenci\u00f3n en la Asamblea General de la UMC, lo que permite esa alianza interinstitucional que fortalece el quehacer acad\u00e9mico de las personas ciegas y sordas del pa\u00eds.<\/li>\n<\/ul>\n<p>&nbsp;<\/p>\n<p><strong>I SEMANA CIENT\u00cdFICA: UNIVERSIDAD, CIENCIA Y TRANSFORMACI\u00d3N SOCIALISE-URL<\/strong><\/p>\n<p>-IIPS\/ECP-<\/p>\n<p>En el marco del Programa Refundaci\u00f3n del Estado del Instituto de Investigaciones y Proyecci\u00f3n sobre el Estado de la Vicerrector\u00eda de Investigaci\u00f3n y Proyecci\u00f3n de la Universidad Rafael Landivar, fue convocado el Instituto de Investigaciones Pol\u00edticas y Sociales \u201cDr. Ren\u00e9 Poitevin\u201d de la Escuela de Ciencia Pol\u00edtica para presentar los avances de investigaci\u00f3n vinculados a la tem\u00e1tica sustantiva del Programa citado.<\/p>\n<p>Atendiendo a esta invitaci\u00f3n, el \u00c1rea de Estudios Pol\u00edticos del IIPS present\u00f3, el 21 de septiembre del 2016, la ponencia titulada <em>\u201cParticipaci\u00f3n Pol\u00edtica y Ciudadan\u00eda Municipal en Guatemala\u201d<\/em>. En esta propuesta de investigaci\u00f3n se hace \u00e9nfasis en las implicaciones y en los efectos que, potencialmente, tendr\u00e1 sobre la ciudadan\u00eda local la creaci\u00f3n de nuevos municipios en Guatemala.<\/p>\n<p>Es importante destacar que con este evento el IIPS ha establecido un nuevo mecanismo de intercambio y colaboraci\u00f3n que busca interconectar a todas aquellas instituciones universitarias de investigaci\u00f3n social, con el fin de crear un espacio acad\u00e9mico de discusi\u00f3n sobre temas y problemas comunes.\u00a0 A las expectativas de esta experiencia, se suma el trabajo que actualmente realiza el IIPS con los Centros de Investigaci\u00f3n de Guatemala adscritos a CLACSO, y cuya meta tambi\u00e9n es conjuntar propuestas de trabajo que a partir del di\u00e1logo y el debate nos conduzcan a la elaboraci\u00f3n de estrategias y acciones que contribuyan a la comprensi\u00f3n y soluci\u00f3n de los principales problemas sociales de nuestro pa\u00eds.<\/p>\n<p>&nbsp;<\/p>\n<p><strong>II CONGRESO NACIONAL DE RELACIONES INTERNACIONALES:<\/strong><\/p>\n<p><strong>NTEGRACI\u00d3N Y DESARROLLO REGIONAL<\/strong><\/p>\n<p>-CCI\/ARRII\/ECP-<\/p>\n<p>Teniendo como principal objetivo reunir a acad\u00e9micos, diplom\u00e1ticos y pol\u00edticos de la regi\u00f3n latinoamericana y de otros pa\u00edses, y con el prop\u00f3sito de reflexionar sobre los desaf\u00edos actuales y futuros que se expresan en el marco de las Relaciones Internacionales a nivel mundial, el 29 y 30 de septiembre de los corrientes, se llev\u00f3 a cabo en la Ciudad de Guatemala el II Congreso Nacional de Relaciones Internacionales.<\/p>\n<p>Los Ejes Tem\u00e1ticos que orientaron la discusi\u00f3n de este evento se focalizaron en: a) \u00a0Procesos de Integraci\u00f3n Regional (Fortalezas y debilidades de la integraci\u00f3n Centroamericana y alternativas para su desarrollo; El Tri\u00e1ngulo Norte de Centroam\u00e9rica y el Plan Alianza para la Prosperidad; La integraci\u00f3n y los Bloques Debilitados; La OEA versus la Comunidad de Estados Latinoamericanos y Caribe\u00f1os \u2013CELAC-); La Seguridad Internacional (Las Grandes Potencias y sus acciones frente a las Amenazas Mundiales; Los Estados Fallidos y el Terrorismo Global; Refugiados y las Migraciones Regionales y Mundiales; Las Naciones Unidas y su rol en la Seguridad y la Paz Mundial); Comercio Internacional y Desarrollo Sostenible (Nuevas Agendas de Pol\u00edtica Exterior en Comercio y Desarrollo Sostenible, Energ\u00edas Renovables y no Renovables: Aliados o Enemigos; Cambio Clim\u00e1tico); La Cooperaci\u00f3n Internacional (Desaf\u00edo de la Cooperaci\u00f3n Internacional en materia de Desarrollo Social; El Rol de la Cooperaci\u00f3n Internacional en el marco de la Seguridad y la Justicia; La Cooperaci\u00f3n Internacional y la Soberan\u00eda Nacional).<\/p>\n<p>El Congreso cont\u00f3 con el apoyo de la Secretaria General del Sistema de Integraci\u00f3n Centroamericana \u2013SG SICA-, el Parlamento Centroamericano, el Consejo Superior Universitario Centroamericano \u2013CSUCA- y la Embajada de la Rep\u00fablica de Chile y el Ministerio de Cultura y Deportes.<\/p>\n<p>&nbsp;<\/p>\n<p><strong>XV CONGRESO CENTROAMERICANO DE SOCIOLOG\u00cdA<\/strong><\/p>\n<p><strong>\u201cCENTROAM\u00c9RICA EN CRISIS: DI\u00c1LOGOS Y AN\u00c1LISIS INTERDISCIPLINARIOS\u201d<\/strong><\/p>\n<p>-AS\/ECP-<\/p>\n<p>A diez a\u00f1os del resurgimiento de los Congresos bianuales de la Asociaci\u00f3n Centroamericana de Sociolog\u00eda (ACAS), del 11 al 14 de octubre del 2016 se llev\u00f3 a cabo en la Ciudad de Managua, Nicaragua, la versi\u00f3n n\u00famero XV de este importante evento regional.<\/p>\n<p>El Congreso fue inaugurado por el Dr. Boaventura de Sousa Santos, quien en su disertaci\u00f3n hizo \u00e9nfasis en los factores que no permiten la descolonizaci\u00f3n de las sociedades del mundo subdesarrollado y de los obst\u00e1culos que el neoliberalismo les impone.<\/p>\n<p>Proyectando \u201c\u2026analizar las crisis de las sociedades centroamericanas desde una perspectiva interdisciplinaria para el fortalecimiento del pensamiento cr\u00edtico centroamericano y la b\u00fasqueda de alternativas para el cambio social\u2026\u201d, el evento se desarroll\u00f3 en torno a trece Ejes Tem\u00e1ticos -con sus respectivos Sub-Temas de an\u00e1lisis espec\u00edficos-, y 14 Paneles de Discusi\u00f3n,dentro de los cuales se destac\u00f3 la participaci\u00f3n de docentes, investigadores y estudiantes de la Escuela de Ciencia Pol\u00edtica de la USAC.<\/p>\n<p>Con la presencia de m\u00e1s de 500 participantes de todos los pa\u00edses de Centroam\u00e9rica y de otras regiones del sur y norte del continente, y con la presentaci\u00f3n de m\u00e1s de 140 ponencias, las Mesas de Discusi\u00f3n y Paneles permitieron realizar una mirada propia a temas y problem\u00e1ticas comunes a nuestros pa\u00edses\u2026desde los intereses epistemol\u00f3gicos y te\u00f3ricos de la disciplina sociol\u00f3gica, hasta el entendimiento de los factores econ\u00f3micos, sociales, pol\u00edticos y culturales que nos perfilan como una regi\u00f3n que debe repensarse y transformarse para superar sus recurrentes crisis.<\/p>\n<p>&nbsp;<\/p>\n<p><strong>XXX CONGRESO ANUAL SOBRE \u00b4\u00b4COOPERACI\u00d3N TRANSFRONTERIZA Y DESAF\u00cdOS DEL DESARROLLO GLOBAL\u2019\u2019, ASOCIACI\u00d3N MEXICANA DE ESTUDIOS INTERNACIONALES -AMEI-.\u00a0 TIJUANA, BAJA CALIFORNIA, M\u00c9XICO<\/strong><\/p>\n<p>-ARRII\/ECP-<\/p>\n<p>Este Congreso de Relaciones Internacionales se llev\u00f3 a cabo los d\u00edas 13 al 15 de Octubre en las instalaciones de la Universidad Aut\u00f3noma de Baja California; la inauguraci\u00f3n del evento estuvo a cargo del presidente de la AMEI, Dr. Rafael Vel\u00e1squez Flores.<\/p>\n<p>Durante la actividad se cont\u00f3 con la participaci\u00f3n de estudiantes y profesionales de las Universidades de M\u00e9xico, de la Universidad de San Diego, California, \u00a0y de la Escuela de Ciencia Pol\u00edtica de la Universidad de San Carlos de Guatemala; Alemania fue el pa\u00eds invitado a este importante encuentro acad\u00e9mico, ya que el 2016 es el a\u00f1o dual de la relaci\u00f3n bilateral entre dicho pa\u00eds y la naci\u00f3n anfitriona; los participantes en el congreso aportaron un enriquecedor an\u00e1lisis sobre los v\u00ednculos entre Alemania y M\u00e9xico, y tambi\u00e9n enfatizaron en la relaci\u00f3n de Alemania con la regi\u00f3n latinoamericana en temas de cooperaci\u00f3n.<\/p>\n<p>Durante el Congreso se realizaron cuatro Conferencias Magistrales y un Taller dedicado espec\u00edficamente al pa\u00eds invitado.\u00a0 Se cont\u00f3 con la presencia de personeros de la Fundaci\u00f3n Konrad Adenauer(KAS) y de la Fundaci\u00f3n Friedrich-Ebert (FES), Stefan Jostrepresentante de la KAS en M\u00e9xico y\u00a0 Christian Denzin, encargado de algunos programas de la FES.<\/p>\n<p>Los principales temas abordados durante el Congreso se orientaron hacia: la cooperaci\u00f3n y seguridad transfronteriza, la migraci\u00f3n, el cambio clim\u00e1tico, el medio oriente, los desaf\u00edos de las relaciones econ\u00f3micas entre las regiones, el crimen organizado y el narcotr\u00e1fico, la cooperaci\u00f3n alemana, y otros temas de gran importancia para el estudio desde las Relaciones Internacionales.<\/p>\n<p>&nbsp;<\/p>\n<p>&nbsp;<\/p>\n","protected":false},"excerpt":{"rendered":"<p>I ENCUENTRO LATINOAMERICANO DE CARRERAS DE SOCIOLOG\u00cdA -AS\/ECP- El Centro de Formaci\u00f3n de la Cooperaci\u00f3n Espa\u00f1ola en La Antigua Guatemala (CFCE) fue la sede, durante el 18 y 19 de agosto del 20o16, del Primer Encuentro Latinoamericano de Carreras de Sociolog\u00eda. Este evento acad\u00e9mico fue organizado por la Coordinaci\u00f3n del \u00c1rea de Sociolog\u00eda (j.m.) de [&hellip;]<\/p>\n","protected":false},"author":2,"featured_media":0,"parent":212,"menu_order":0,"comment_status":"closed","ping_status":"closed","template":"","meta":{"footnotes":""},"class_list":["post-351","page","type-page","status-publish","czr-hentry"],"_links":{"self":[{"href":"https:\/\/iips.usac.edu.gt\/index.php?rest_route=\/wp\/v2\/pages\/351"}],"collection":[{"href":"https:\/\/iips.usac.edu.gt\/index.php?rest_route=\/wp\/v2\/pages"}],"about":[{"href":"https:\/\/iips.usac.edu.gt\/index.php?rest_route=\/wp\/v2\/types\/page"}],"author":[{"embeddable":true,"href":"https:\/\/iips.usac.edu.gt\/index.php?rest_route=\/wp\/v2\/users\/2"}],"replies":[{"embeddable":true,"href":"https:\/\/iips.usac.edu.gt\/index.php?rest_route=%2Fwp%2Fv2%2Fcomments&post=351"}],"version-history":[{"count":1,"href":"https:\/\/iips.usac.edu.gt\/index.php?rest_route=\/wp\/v2\/pages\/351\/revisions"}],"predecessor-version":[{"id":352,"href":"https:\/\/iips.usac.edu.gt\/index.php?rest_route=\/wp\/v2\/pages\/351\/revisions\/352"}],"up":[{"embeddable":true,"href":"https:\/\/iips.usac.edu.gt\/index.php?rest_route=\/wp\/v2\/pages\/212"}],"wp:attachment":[{"href":"https:\/\/iips.usac.edu.gt\/index.php?rest_route=%2Fwp%2Fv2%2Fmedia&parent=351"}],"curies":[{"name":"wp","href":"https:\/\/api.w.org\/{rel}","templated":true}]}}