{"id":3604,"date":"2019-11-28T18:01:09","date_gmt":"2019-11-28T18:01:09","guid":{"rendered":"https:\/\/iips.usac.edu.gt\/?page_id=3604"},"modified":"2019-11-28T18:09:12","modified_gmt":"2019-11-28T18:09:12","slug":"seminario-de-derechos-humanos-y-defensa-del-territorio-y-la-naturaleza-desde-la-perspectiva-local","status":"publish","type":"page","link":"https:\/\/iips.usac.edu.gt\/?page_id=3604","title":{"rendered":"Seminario de Derechos Humanos y Defensa del Territorio y la Naturaleza Desde la Perspectiva Local"},"content":{"rendered":"<p><a href=\"https:\/\/iips.usac.edu.gt\/wp-content\/uploads\/2019\/11\/An\u00e1lisis-sociol\u00f3gicos-de-casos-guatemaltecos-sobre-la-Defensa-del-Territorio-y-la-Naturaleza.pdf\" target=\"_blank\" rel=\"noopener\"><img loading=\"lazy\" decoding=\"async\" class=\"alignleft wp-image-3605 size-full\" src=\"https:\/\/iips.usac.edu.gt\/wp-content\/uploads\/2019\/11\/Sobre-la-defensa-del-territorio-y-la-naturaleza.jpg\" alt=\"\" width=\"1733\" height=\"1777\" srcset=\"https:\/\/iips.usac.edu.gt\/wp-content\/uploads\/2019\/11\/Sobre-la-defensa-del-territorio-y-la-naturaleza.jpg 1733w, https:\/\/iips.usac.edu.gt\/wp-content\/uploads\/2019\/11\/Sobre-la-defensa-del-territorio-y-la-naturaleza-293x300.jpg 293w, https:\/\/iips.usac.edu.gt\/wp-content\/uploads\/2019\/11\/Sobre-la-defensa-del-territorio-y-la-naturaleza-768x787.jpg 768w, https:\/\/iips.usac.edu.gt\/wp-content\/uploads\/2019\/11\/Sobre-la-defensa-del-territorio-y-la-naturaleza-999x1024.jpg 999w\" sizes=\"(max-width: 1733px) 100vw, 1733px\" \/><\/a><\/p>\n<hr \/>\n<p>El curso de Seminario sobre Derechos Humanos y Defensa del Territorio y la Naturaleza desde la Perspectiva Local es uno de los Seminarios que conforman el 10\u00ba ciclo de la carrera de Sociolog\u00eda en su especialidad sobre Violencia y Paz en Guatemala, en la readecuaci\u00f3n curricular de la Escuela de Ciencia Pol\u00edtica de la Universidad de San Carlos de Guatemala. El presente informe es, por tanto, elaborado por el primer grupo de estudiantes que atraviesan este tipo de modalidad en la Escuela.<\/p>\n<p>A lo largo del semestre, los estudiantes abordaron tem\u00e1ticas de an\u00e1lisis investigativo como la propuesta del seminario hace: defensa del territorio y defensa de la naturaleza. Cada estudiante seleccion\u00f3 su propio tema de acuerdo a dos ejes principales: extracci\u00f3n y defensa del territorio, y medio ambiente y defensa de la naturaleza. La elaboraci\u00f3n de cada uno de los documentos fue desarrollada en una fase documental y en una fase de trabajo de campo. De esta manera, cada estudiante tuvo la oportunidad de investigar distintas facetas de la realidad de las actuales manifestaciones de resistencia relacionadas a los ejes antes mencionados.<\/p>\n<p>La coyuntura nacional limit\u00f3 la movilidad de varios de los estudiantes involucrados, ya que, al momento de la realizaci\u00f3n de la fase de trabajo de campo, el gobierno de Jimmy Morales, en conjunto con el Congreso de la Rep\u00fablica, tomaron acciones beligerantes e ileg\u00edtimas hacia la poblaci\u00f3n -incluidas algunas comunidades que se estaban estudiando-. Este fue solo uno de los inconvenientes que los estudiantes enfrentaron en el transcurso de su labor investigativa. Tambi\u00e9n se encontraron con situaciones como la labor de censura de informaci\u00f3n por parte del sector agroindustrial guatemalteco, en su intento por invisibilizar las consecuencias ambientales, sociales y de salud p\u00fablica a las que condicionan a las comunidades, as\u00ed como las luchas que estas emprenden en defensa de sus derechos. Es valioso mencionar que estas problem\u00e1ticas no se restringen a una sola regi\u00f3n del pa\u00eds, o a una sola industria, sino que estas pr\u00e1cticas que deterioran al medio ambiente y a las personas se extienden por todo el territorio del pa\u00eds.<\/p>\n<p>As\u00ed, los estudiantes que participaron de este proceso esperan que este documento constituya un inicio -o un aporte- a la discusi\u00f3n y a la investigaci\u00f3n cient\u00edfica relacionada a estos casos, as\u00ed como instan a los estudiantes de las cohortes venideras a que contin\u00faen con esta necesaria labor de visibilizaci\u00f3n y de indagaci\u00f3n desde la academia.<\/p>\n<p>Guatemala, noviembre de 2019.<\/p>\n<p><strong>Estudiantes del 10\u00ba ciclo de Sociolog\u00eda, Jornada Matutina<\/strong><\/p>\n","protected":false},"excerpt":{"rendered":"<p>El curso de Seminario sobre Derechos Humanos y Defensa del Territorio y la Naturaleza desde la Perspectiva Local es uno de los Seminarios que conforman el 10\u00ba ciclo de la carrera de Sociolog\u00eda en su especialidad sobre Violencia y Paz en Guatemala, en la readecuaci\u00f3n curricular de la Escuela de Ciencia Pol\u00edtica de la Universidad [&hellip;]<\/p>\n","protected":false},"author":2,"featured_media":0,"parent":0,"menu_order":0,"comment_status":"closed","ping_status":"closed","template":"","meta":{"footnotes":""},"class_list":["post-3604","page","type-page","status-publish","czr-hentry"],"_links":{"self":[{"href":"https:\/\/iips.usac.edu.gt\/index.php?rest_route=\/wp\/v2\/pages\/3604"}],"collection":[{"href":"https:\/\/iips.usac.edu.gt\/index.php?rest_route=\/wp\/v2\/pages"}],"about":[{"href":"https:\/\/iips.usac.edu.gt\/index.php?rest_route=\/wp\/v2\/types\/page"}],"author":[{"embeddable":true,"href":"https:\/\/iips.usac.edu.gt\/index.php?rest_route=\/wp\/v2\/users\/2"}],"replies":[{"embeddable":true,"href":"https:\/\/iips.usac.edu.gt\/index.php?rest_route=%2Fwp%2Fv2%2Fcomments&post=3604"}],"version-history":[{"count":4,"href":"https:\/\/iips.usac.edu.gt\/index.php?rest_route=\/wp\/v2\/pages\/3604\/revisions"}],"predecessor-version":[{"id":3611,"href":"https:\/\/iips.usac.edu.gt\/index.php?rest_route=\/wp\/v2\/pages\/3604\/revisions\/3611"}],"wp:attachment":[{"href":"https:\/\/iips.usac.edu.gt\/index.php?rest_route=%2Fwp%2Fv2%2Fmedia&parent=3604"}],"curies":[{"name":"wp","href":"https:\/\/api.w.org\/{rel}","templated":true}]}}