{"id":3915,"date":"2020-02-27T15:24:28","date_gmt":"2020-02-27T15:24:28","guid":{"rendered":"https:\/\/iips.usac.edu.gt\/?page_id=3915"},"modified":"2020-02-27T15:24:32","modified_gmt":"2020-02-27T15:24:32","slug":"ponencia-a-cargo-del-m-a-gabriel-escobar-morales-sobre-inclusion-de-personas-con-discapacidad-en-la-tercera-sesion-del-curso-desafios-de-la-inclusion-en-la-formacion-de-trabajadores-sociale","status":"publish","type":"page","link":"https:\/\/iips.usac.edu.gt\/?page_id=3915","title":{"rendered":"Ponencia a cargo del M.A. Gabriel Escobar Morales sobre Inclusi\u00f3n de Personas con Discapacidad, en la tercera sesi\u00f3n del curso \u201cDesaf\u00edos de la inclusi\u00f3n en la formaci\u00f3n de Trabajadores Sociales\u201d."},"content":{"rendered":"<p><img loading=\"lazy\" decoding=\"async\" class=\"alignleft size-full wp-image-3907\" src=\"https:\/\/iips.usac.edu.gt\/wp-content\/uploads\/2020\/02\/WhatsApp-Image-2020-02-27-at-05.38.57-1.jpeg\" alt=\"\" width=\"768\" height=\"1024\" srcset=\"https:\/\/iips.usac.edu.gt\/wp-content\/uploads\/2020\/02\/WhatsApp-Image-2020-02-27-at-05.38.57-1.jpeg 768w, https:\/\/iips.usac.edu.gt\/wp-content\/uploads\/2020\/02\/WhatsApp-Image-2020-02-27-at-05.38.57-1-225x300.jpeg 225w\" sizes=\"(max-width: 768px) 100vw, 768px\" \/><img loading=\"lazy\" decoding=\"async\" class=\"alignleft size-full wp-image-3908\" src=\"https:\/\/iips.usac.edu.gt\/wp-content\/uploads\/2020\/02\/WhatsApp-Image-2020-02-27-at-05.38.57.jpeg\" alt=\"\" width=\"1024\" height=\"768\" srcset=\"https:\/\/iips.usac.edu.gt\/wp-content\/uploads\/2020\/02\/WhatsApp-Image-2020-02-27-at-05.38.57.jpeg 1024w, https:\/\/iips.usac.edu.gt\/wp-content\/uploads\/2020\/02\/WhatsApp-Image-2020-02-27-at-05.38.57-300x225.jpeg 300w, https:\/\/iips.usac.edu.gt\/wp-content\/uploads\/2020\/02\/WhatsApp-Image-2020-02-27-at-05.38.57-768x576.jpeg 768w\" sizes=\"(max-width: 1024px) 100vw, 1024px\" \/><\/p>\n","protected":false},"excerpt":{"rendered":"","protected":false},"author":2,"featured_media":0,"parent":0,"menu_order":0,"comment_status":"closed","ping_status":"closed","template":"","meta":{"footnotes":""},"class_list":["post-3915","page","type-page","status-publish","czr-hentry"],"_links":{"self":[{"href":"https:\/\/iips.usac.edu.gt\/index.php?rest_route=\/wp\/v2\/pages\/3915"}],"collection":[{"href":"https:\/\/iips.usac.edu.gt\/index.php?rest_route=\/wp\/v2\/pages"}],"about":[{"href":"https:\/\/iips.usac.edu.gt\/index.php?rest_route=\/wp\/v2\/types\/page"}],"author":[{"embeddable":true,"href":"https:\/\/iips.usac.edu.gt\/index.php?rest_route=\/wp\/v2\/users\/2"}],"replies":[{"embeddable":true,"href":"https:\/\/iips.usac.edu.gt\/index.php?rest_route=%2Fwp%2Fv2%2Fcomments&post=3915"}],"version-history":[{"count":1,"href":"https:\/\/iips.usac.edu.gt\/index.php?rest_route=\/wp\/v2\/pages\/3915\/revisions"}],"predecessor-version":[{"id":3917,"href":"https:\/\/iips.usac.edu.gt\/index.php?rest_route=\/wp\/v2\/pages\/3915\/revisions\/3917"}],"wp:attachment":[{"href":"https:\/\/iips.usac.edu.gt\/index.php?rest_route=%2Fwp%2Fv2%2Fmedia&parent=3915"}],"curies":[{"name":"wp","href":"https:\/\/api.w.org\/{rel}","templated":true}]}}