{"id":4112,"date":"2020-04-02T19:30:30","date_gmt":"2020-04-02T19:30:30","guid":{"rendered":"https:\/\/iips.usac.edu.gt\/?page_id=4112"},"modified":"2020-04-02T19:30:36","modified_gmt":"2020-04-02T19:30:36","slug":"convocatoria-a-becas-de-investigacion-clacso-alacip-los-sistemas-politicos-latinoamericanos-y-caribenos-ante-la-nueva-ola-de-movilizaciones-y-protestas-sociales","status":"publish","type":"page","link":"https:\/\/iips.usac.edu.gt\/?page_id=4112","title":{"rendered":"Convocatoria a becas de investigaci\u00f3n CLACSO-ALACIP &#8220;Los sistemas pol\u00edticos latinoamericanos y caribe\u00f1os ante la nueva ola de movilizaciones y protestas sociales&#8221;"},"content":{"rendered":"<p><a href=\"https:\/\/www.clacso.org\/los-sistemas-politicos-latinoamericanos-y-caribenos-ante-la-nueva-ola-de-movilizaciones-y-protestas-sociales\/\" target=\"_blank\" rel=\"noopener\"><img loading=\"lazy\" decoding=\"async\" class=\"alignleft wp-image-4108 size-full\" src=\"https:\/\/iips.usac.edu.gt\/wp-content\/uploads\/2020\/04\/CLACSO-CONVOCATORIA-BECAS.png\" alt=\"\" width=\"445\" height=\"422\" srcset=\"https:\/\/iips.usac.edu.gt\/wp-content\/uploads\/2020\/04\/CLACSO-CONVOCATORIA-BECAS.png 445w, https:\/\/iips.usac.edu.gt\/wp-content\/uploads\/2020\/04\/CLACSO-CONVOCATORIA-BECAS-300x284.png 300w\" sizes=\"(max-width: 445px) 100vw, 445px\" \/><\/a><\/p>\n","protected":false},"excerpt":{"rendered":"","protected":false},"author":2,"featured_media":0,"parent":0,"menu_order":0,"comment_status":"closed","ping_status":"closed","template":"","meta":{"footnotes":""},"class_list":["post-4112","page","type-page","status-publish","czr-hentry"],"_links":{"self":[{"href":"https:\/\/iips.usac.edu.gt\/index.php?rest_route=\/wp\/v2\/pages\/4112"}],"collection":[{"href":"https:\/\/iips.usac.edu.gt\/index.php?rest_route=\/wp\/v2\/pages"}],"about":[{"href":"https:\/\/iips.usac.edu.gt\/index.php?rest_route=\/wp\/v2\/types\/page"}],"author":[{"embeddable":true,"href":"https:\/\/iips.usac.edu.gt\/index.php?rest_route=\/wp\/v2\/users\/2"}],"replies":[{"embeddable":true,"href":"https:\/\/iips.usac.edu.gt\/index.php?rest_route=%2Fwp%2Fv2%2Fcomments&post=4112"}],"version-history":[{"count":1,"href":"https:\/\/iips.usac.edu.gt\/index.php?rest_route=\/wp\/v2\/pages\/4112\/revisions"}],"predecessor-version":[{"id":4114,"href":"https:\/\/iips.usac.edu.gt\/index.php?rest_route=\/wp\/v2\/pages\/4112\/revisions\/4114"}],"wp:attachment":[{"href":"https:\/\/iips.usac.edu.gt\/index.php?rest_route=%2Fwp%2Fv2%2Fmedia&parent=4112"}],"curies":[{"name":"wp","href":"https:\/\/api.w.org\/{rel}","templated":true}]}}