{"id":4294,"date":"2020-04-28T18:34:25","date_gmt":"2020-04-28T18:34:25","guid":{"rendered":"https:\/\/iips.usac.edu.gt\/?page_id=4294"},"modified":"2020-04-28T18:35:09","modified_gmt":"2020-04-28T18:35:09","slug":"convocatoria-abierta-maestria-en-politicas-publicas-y-genero","status":"publish","type":"page","link":"https:\/\/iips.usac.edu.gt\/?page_id=4294","title":{"rendered":"Convocatoria Abierta: Maestr\u00eda en Pol\u00edticas P\u00fablicas y G\u00e9nero"},"content":{"rendered":"<p><a href=\"https:\/\/www.flacso.edu.mx\/posgrados\/programas_distancia\/mppyg\" target=\"_blank\" rel=\"noopener\"><img loading=\"lazy\" decoding=\"async\" class=\"alignleft wp-image-4295 size-full\" src=\"https:\/\/iips.usac.edu.gt\/wp-content\/uploads\/2020\/04\/flacso-maestria.png\" alt=\"\" width=\"437\" height=\"473\" srcset=\"https:\/\/iips.usac.edu.gt\/wp-content\/uploads\/2020\/04\/flacso-maestria.png 437w, https:\/\/iips.usac.edu.gt\/wp-content\/uploads\/2020\/04\/flacso-maestria-277x300.png 277w\" sizes=\"(max-width: 437px) 100vw, 437px\" \/><\/a><\/p>\n","protected":false},"excerpt":{"rendered":"","protected":false},"author":2,"featured_media":0,"parent":0,"menu_order":0,"comment_status":"closed","ping_status":"closed","template":"","meta":{"footnotes":""},"class_list":["post-4294","page","type-page","status-publish","czr-hentry"],"_links":{"self":[{"href":"https:\/\/iips.usac.edu.gt\/index.php?rest_route=\/wp\/v2\/pages\/4294"}],"collection":[{"href":"https:\/\/iips.usac.edu.gt\/index.php?rest_route=\/wp\/v2\/pages"}],"about":[{"href":"https:\/\/iips.usac.edu.gt\/index.php?rest_route=\/wp\/v2\/types\/page"}],"author":[{"embeddable":true,"href":"https:\/\/iips.usac.edu.gt\/index.php?rest_route=\/wp\/v2\/users\/2"}],"replies":[{"embeddable":true,"href":"https:\/\/iips.usac.edu.gt\/index.php?rest_route=%2Fwp%2Fv2%2Fcomments&post=4294"}],"version-history":[{"count":1,"href":"https:\/\/iips.usac.edu.gt\/index.php?rest_route=\/wp\/v2\/pages\/4294\/revisions"}],"predecessor-version":[{"id":4297,"href":"https:\/\/iips.usac.edu.gt\/index.php?rest_route=\/wp\/v2\/pages\/4294\/revisions\/4297"}],"wp:attachment":[{"href":"https:\/\/iips.usac.edu.gt\/index.php?rest_route=%2Fwp%2Fv2%2Fmedia&parent=4294"}],"curies":[{"name":"wp","href":"https:\/\/api.w.org\/{rel}","templated":true}]}}