{"id":4484,"date":"2020-05-12T20:24:47","date_gmt":"2020-05-12T20:24:47","guid":{"rendered":"https:\/\/iips.usac.edu.gt\/?page_id=4484"},"modified":"2020-05-12T20:24:58","modified_gmt":"2020-05-12T20:24:58","slug":"jose-marti-obras-completas-edicion-critica","status":"publish","type":"page","link":"https:\/\/iips.usac.edu.gt\/?page_id=4484","title":{"rendered":"Jos\u00e9 Mart\u00ed &#8211; Obras Completas (edici\u00f3n cr\u00edtica)"},"content":{"rendered":"<p><a href=\"https:\/\/www.clacso.org.ar\/coleccion_jose_marti\/index.php\" target=\"_blank\" rel=\"noopener\"><img loading=\"lazy\" decoding=\"async\" class=\"alignleft wp-image-4482 size-full\" src=\"https:\/\/iips.usac.edu.gt\/wp-content\/uploads\/2020\/05\/jose-marti.png\" alt=\"\" width=\"680\" height=\"379\" srcset=\"https:\/\/iips.usac.edu.gt\/wp-content\/uploads\/2020\/05\/jose-marti.png 680w, https:\/\/iips.usac.edu.gt\/wp-content\/uploads\/2020\/05\/jose-marti-300x167.png 300w\" sizes=\"(max-width: 680px) 100vw, 680px\" \/><\/a><\/p>\n","protected":false},"excerpt":{"rendered":"","protected":false},"author":2,"featured_media":0,"parent":0,"menu_order":0,"comment_status":"closed","ping_status":"closed","template":"","meta":{"footnotes":""},"class_list":["post-4484","page","type-page","status-publish","czr-hentry"],"_links":{"self":[{"href":"https:\/\/iips.usac.edu.gt\/index.php?rest_route=\/wp\/v2\/pages\/4484"}],"collection":[{"href":"https:\/\/iips.usac.edu.gt\/index.php?rest_route=\/wp\/v2\/pages"}],"about":[{"href":"https:\/\/iips.usac.edu.gt\/index.php?rest_route=\/wp\/v2\/types\/page"}],"author":[{"embeddable":true,"href":"https:\/\/iips.usac.edu.gt\/index.php?rest_route=\/wp\/v2\/users\/2"}],"replies":[{"embeddable":true,"href":"https:\/\/iips.usac.edu.gt\/index.php?rest_route=%2Fwp%2Fv2%2Fcomments&post=4484"}],"version-history":[{"count":1,"href":"https:\/\/iips.usac.edu.gt\/index.php?rest_route=\/wp\/v2\/pages\/4484\/revisions"}],"predecessor-version":[{"id":4486,"href":"https:\/\/iips.usac.edu.gt\/index.php?rest_route=\/wp\/v2\/pages\/4484\/revisions\/4486"}],"wp:attachment":[{"href":"https:\/\/iips.usac.edu.gt\/index.php?rest_route=%2Fwp%2Fv2%2Fmedia&parent=4484"}],"curies":[{"name":"wp","href":"https:\/\/api.w.org\/{rel}","templated":true}]}}