{"id":4733,"date":"2020-07-07T19:12:02","date_gmt":"2020-07-07T19:12:02","guid":{"rendered":"https:\/\/iips.usac.edu.gt\/?page_id=4733"},"modified":"2024-03-08T06:03:12","modified_gmt":"2024-03-08T06:03:12","slug":"iips-opiniones-invitadas","status":"publish","type":"page","link":"https:\/\/iips.usac.edu.gt\/?page_id=4733","title":{"rendered":"IIPS- Opiniones Invitadas"},"content":{"rendered":"\n<ul class=\"wp-block-list\">\n<li><a href=\"https:\/\/iips.usac.edu.gt\/?p=4832\" data-type=\"post\" data-id=\"4832\">IIPS-Opiniones Invitadas No. 01-2020: \u201cMax Weber y la pol\u00edtica en un mundo desencantado\u201d<\/a> &#8211; Gina Zabludovsky Kuper<\/li>\n\n\n\n<li><a href=\"https:\/\/iips.usac.edu.gt\/?p=4894\" data-type=\"post\" data-id=\"4894\">IIPS-Opiniones Invitadas No. 02-2020: \u201cDe estatuas, historias e im\u00e1genes rom\u00e1nticas y patrioteras\u201d<\/a> &#8211; Eduardo Mart\u00ednez<\/li>\n\n\n\n<li><a href=\"https:\/\/iips.usac.edu.gt\/?p=4959\" data-type=\"post\" data-id=\"4959\">IIPS-Opiniones Invitadas No. 03-2020: \u201cEl saqueo neoliberal de Estados Unidos\u201d<\/a> &#8211; The New York Times<\/li>\n\n\n\n<li><a href=\"https:\/\/iips.usac.edu.gt\/?p=5014\" data-type=\"post\" data-id=\"5014\">IIPS-Opiniones Invitadas No. 04-2020: \u201cKarl Marx o el esp\u00edritu del mundo\u201d<\/a> &#8211; Jacques Attali<\/li>\n\n\n\n<li><a href=\"https:\/\/iips.usac.edu.gt\/?p=5051\" data-type=\"post\" data-id=\"5051\">IIPS-Opiniones Invitadas No. 05-2020: \u201cPanam\u00e1: una ciudad resiliente\u201d<\/a> &#8211; Venicia Chang<\/li>\n\n\n\n<li><a href=\"https:\/\/iips.usac.edu.gt\/?p=5097\" data-type=\"post\" data-id=\"5097\">IIPS-Opiniones Invitadas No. 06-2020: \u201cLa integraci\u00f3n centroamericana en tiempos de crisis\u201d<\/a> &#8211; Rub\u00e9n E. N\u00e1jera<\/li>\n\n\n\n<li><a href=\"https:\/\/iips.usac.edu.gt\/?p=5137\" data-type=\"post\" data-id=\"5137\">IIPS-Opiniones Invitadas No. 07-2020: \u201cLo vern\u00e1culo y lo ut\u00f3pico\u201d<\/a> &#8211; Boaventura de Sousa Santos<\/li>\n\n\n\n<li><a href=\"https:\/\/iips.usac.edu.gt\/?p=5178\" data-type=\"post\" data-id=\"5178\">IIPS-Opiniones Invitadas No. 08-2020: \u201cA 81 a\u00f1os del aniversario del inicio de la Segunda Guerra Mundial: los retos del sistema\u201d<\/a> &#8211; Venicia Chang y Ulises Lescure<\/li>\n\n\n\n<li><a href=\"https:\/\/iips.usac.edu.gt\/?p=5209\" data-type=\"post\" data-id=\"5209\">IIPS-Opiniones Invitadas No. 09-2020: \u201cEs necesario construir un Estado de Bienestar Moderno\u201d<\/a> &#8211; Santiago Cant\u00f3n<\/li>\n\n\n\n<li><a href=\"https:\/\/iips.usac.edu.gt\/?p=5299\" data-type=\"post\" data-id=\"5299\">IIPS-Opiniones Invitadas No. 10-2020: \u201cLa Patria del Criollo 50 a\u00f1os despu\u00e9s. Entre viejas y nuevas lecturas te\u00f3ricas de la obra de Severo Mart\u00ednez\u201d<\/a> &#8211; Christian Carder\u00f3n Cedillos<\/li>\n\n\n\n<li><a href=\"https:\/\/iips.usac.edu.gt\/?p=5333\" data-type=\"post\" data-id=\"5333\">IIPS-Opiniones Invitadas No.11-2020: \u201cLas Naciones Unidas en su septuag\u00e9simo quinto aniversario\u201d<\/a> &#8211; Gert Rosenthal<\/li>\n\n\n\n<li><a href=\"https:\/\/iips.usac.edu.gt\/?p=5370\" data-type=\"post\" data-id=\"5370\">IIPS-Opiniones Invitadas No. 12-2020: \u201cOda a la Vacuna\u201d<\/a> &#8211; Enrique Foffani<\/li>\n\n\n\n<li><a href=\"https:\/\/iips.usac.edu.gt\/?p=5403\" data-type=\"post\" data-id=\"5403\">IPS-Opiniones Invitadas No. 13-2020: \u201cDeclaraci\u00f3n por un Sistema Mundial Com\u00fan y P\u00fablico de Salud y Seguridad de la Vida, libre de patentes, fuera del Mercado, basado en el Derecho Universal a la Vida y a la Vida (I)\u201d<\/a> &#8211; Campa\u00f1a mundial para una vacuna COVID-19<\/li>\n\n\n\n<li><a href=\"https:\/\/iips.usac.edu.gt\/?p=5454\" data-type=\"post\" data-id=\"5454\">IIPS-Opiniones Invitadas No. 14-2020: \u201c(II) Declaraci\u00f3n por un Sistema Mundial Com\u00fan y P\u00fablico de Salud y Seguridad de la Vida, libre de patentes, fuera del Mercado, basado en el Derecho Universal a la Vida y a la Vida\u201d<\/a> &#8211; Campa\u00f1a mundial para una vacuna COVID-19<\/li>\n\n\n\n<li><a href=\"https:\/\/iips.usac.edu.gt\/?p=5489\" data-type=\"post\" data-id=\"5489\">IIPS-Opiniones Invitadas No. 15-2020: \u201cPandemia y ciencias sociales en Centroam\u00e9rica\u201d<\/a> &#8211; Roberto Oswaldo L\u00f3pez Salazar<\/li>\n\n\n\n<li><a href=\"https:\/\/iips.usac.edu.gt\/?p=5525\" data-type=\"post\" data-id=\"5525\">IIPS-Opiniones Invitadas No. 16-2020: \u201cEstados Unidos es un Estado Fallido\u2026  y la pol\u00edtica del establishment no puede resolver la crisis\u201d<\/a> &#8211; Bhaskar Sunkara<\/li>\n\n\n\n<li><a href=\"https:\/\/iips.usac.edu.gt\/?p=5583\" data-type=\"post\" data-id=\"5583\">IIPS-Opiniones Invitadas No. 17-2020: \u201cMart\u00edn Vizcarra: 4 claves que explican por qu\u00e9 han ca\u00eddo tantos presidentes de Per\u00fa\u201d<\/a> &#8211; Daniel Pardo<\/li>\n\n\n\n<li><a href=\"https:\/\/iips.usac.edu.gt\/?p=5636\" data-type=\"post\" data-id=\"5636\">IIPS Opiniones Invitadas No. 18-2020: Traspaso \u00bfqu\u00e9 falta para que Joe Biden tome posesi\u00f3n en enero de 2021?<\/a> &#8211; Maggie Astor<\/li>\n\n\n\n<li><a href=\"https:\/\/iips.usac.edu.gt\/?p=5716\" data-type=\"post\" data-id=\"5716\">IIPS Opiniones Invitadas No. 19-2020: \u201cUna pandemia que nos har\u00e1 m\u00e1s humanos\u201d<\/a> &#8211; Tatiana Andia<\/li>\n<\/ul>\n","protected":false},"excerpt":{"rendered":"","protected":false},"author":2,"featured_media":0,"parent":0,"menu_order":0,"comment_status":"closed","ping_status":"closed","template":"","meta":{"footnotes":""},"class_list":["post-4733","page","type-page","status-publish","czr-hentry"],"_links":{"self":[{"href":"https:\/\/iips.usac.edu.gt\/index.php?rest_route=\/wp\/v2\/pages\/4733"}],"collection":[{"href":"https:\/\/iips.usac.edu.gt\/index.php?rest_route=\/wp\/v2\/pages"}],"about":[{"href":"https:\/\/iips.usac.edu.gt\/index.php?rest_route=\/wp\/v2\/types\/page"}],"author":[{"embeddable":true,"href":"https:\/\/iips.usac.edu.gt\/index.php?rest_route=\/wp\/v2\/users\/2"}],"replies":[{"embeddable":true,"href":"https:\/\/iips.usac.edu.gt\/index.php?rest_route=%2Fwp%2Fv2%2Fcomments&post=4733"}],"version-history":[{"count":18,"href":"https:\/\/iips.usac.edu.gt\/index.php?rest_route=\/wp\/v2\/pages\/4733\/revisions"}],"predecessor-version":[{"id":6092,"href":"https:\/\/iips.usac.edu.gt\/index.php?rest_route=\/wp\/v2\/pages\/4733\/revisions\/6092"}],"wp:attachment":[{"href":"https:\/\/iips.usac.edu.gt\/index.php?rest_route=%2Fwp%2Fv2%2Fmedia&parent=4733"}],"curies":[{"name":"wp","href":"https:\/\/api.w.org\/{rel}","templated":true}]}}