{"id":4824,"date":"2020-07-21T20:01:32","date_gmt":"2020-07-21T20:01:32","guid":{"rendered":"https:\/\/iips.usac.edu.gt\/?page_id=4824"},"modified":"2020-07-21T20:01:43","modified_gmt":"2020-07-21T20:01:43","slug":"publicacion-del-nro-12-de-encuentros-revista-de-ciencias-humanas-teoria-social-y-pensamiento-critico-julio-diciembre-2020","status":"publish","type":"page","link":"https:\/\/iips.usac.edu.gt\/?page_id=4824","title":{"rendered":"Publicaci\u00f3n del Nro. 12 de Encuentros. Revista de Ciencias Humanas, Teor\u00eda Social y Pensamiento Cr\u00edtico (julio-diciembre 2020)"},"content":{"rendered":"<p><a href=\"http:\/\/encuentros.unermb.web.ve\/index.php\/encuentros\/issue\/view\/7\" target=\"_blank\" rel=\"noopener\"><img loading=\"lazy\" decoding=\"async\" class=\"alignleft wp-image-4825 size-full\" src=\"https:\/\/iips.usac.edu.gt\/wp-content\/uploads\/2020\/07\/encuentros.jpg\" alt=\"\" width=\"1463\" height=\"2261\" srcset=\"https:\/\/iips.usac.edu.gt\/wp-content\/uploads\/2020\/07\/encuentros.jpg 1463w, https:\/\/iips.usac.edu.gt\/wp-content\/uploads\/2020\/07\/encuentros-194x300.jpg 194w, https:\/\/iips.usac.edu.gt\/wp-content\/uploads\/2020\/07\/encuentros-768x1187.jpg 768w, https:\/\/iips.usac.edu.gt\/wp-content\/uploads\/2020\/07\/encuentros-663x1024.jpg 663w\" sizes=\"(max-width: 1463px) 100vw, 1463px\" \/><\/a><\/p>\n","protected":false},"excerpt":{"rendered":"","protected":false},"author":2,"featured_media":0,"parent":0,"menu_order":0,"comment_status":"closed","ping_status":"closed","template":"","meta":{"footnotes":""},"class_list":["post-4824","page","type-page","status-publish","czr-hentry"],"_links":{"self":[{"href":"https:\/\/iips.usac.edu.gt\/index.php?rest_route=\/wp\/v2\/pages\/4824"}],"collection":[{"href":"https:\/\/iips.usac.edu.gt\/index.php?rest_route=\/wp\/v2\/pages"}],"about":[{"href":"https:\/\/iips.usac.edu.gt\/index.php?rest_route=\/wp\/v2\/types\/page"}],"author":[{"embeddable":true,"href":"https:\/\/iips.usac.edu.gt\/index.php?rest_route=\/wp\/v2\/users\/2"}],"replies":[{"embeddable":true,"href":"https:\/\/iips.usac.edu.gt\/index.php?rest_route=%2Fwp%2Fv2%2Fcomments&post=4824"}],"version-history":[{"count":1,"href":"https:\/\/iips.usac.edu.gt\/index.php?rest_route=\/wp\/v2\/pages\/4824\/revisions"}],"predecessor-version":[{"id":4827,"href":"https:\/\/iips.usac.edu.gt\/index.php?rest_route=\/wp\/v2\/pages\/4824\/revisions\/4827"}],"wp:attachment":[{"href":"https:\/\/iips.usac.edu.gt\/index.php?rest_route=%2Fwp%2Fv2%2Fmedia&parent=4824"}],"curies":[{"name":"wp","href":"https:\/\/api.w.org\/{rel}","templated":true}]}}