{"id":4872,"date":"2020-07-23T20:31:41","date_gmt":"2020-07-23T20:31:41","guid":{"rendered":"https:\/\/iips.usac.edu.gt\/?page_id=4872"},"modified":"2020-07-23T20:31:41","modified_gmt":"2020-07-23T20:31:41","slug":"boletines-economia-al-dia-del-iies-abril-2020","status":"publish","type":"page","link":"https:\/\/iips.usac.edu.gt\/?page_id=4872","title":{"rendered":"Boletines &#8220;Econom\u00eda al d\u00eda&#8221; del IIES, abril 2020"},"content":{"rendered":"<p><a href=\"https:\/\/iips.usac.edu.gt\/wp-content\/uploads\/2020\/07\/Bolet\u00edn-Econom\u00eda-al-d\u00eda-No.-04-abril-2020-1.pdf\" target=\"_blank\" rel=\"noopener\"><img loading=\"lazy\" decoding=\"async\" class=\"alignleft wp-image-4873 size-full\" src=\"https:\/\/iips.usac.edu.gt\/wp-content\/uploads\/2020\/07\/ECONOM\u00cdA-ABRIL.png\" alt=\"\" width=\"470\" height=\"192\" srcset=\"https:\/\/iips.usac.edu.gt\/wp-content\/uploads\/2020\/07\/ECONOM\u00cdA-ABRIL.png 470w, https:\/\/iips.usac.edu.gt\/wp-content\/uploads\/2020\/07\/ECONOM\u00cdA-ABRIL-300x123.png 300w\" sizes=\"(max-width: 470px) 100vw, 470px\" \/><\/a><\/p>\n","protected":false},"excerpt":{"rendered":"","protected":false},"author":2,"featured_media":0,"parent":0,"menu_order":0,"comment_status":"closed","ping_status":"closed","template":"","meta":{"footnotes":""},"class_list":["post-4872","page","type-page","status-publish","czr-hentry"],"_links":{"self":[{"href":"https:\/\/iips.usac.edu.gt\/index.php?rest_route=\/wp\/v2\/pages\/4872"}],"collection":[{"href":"https:\/\/iips.usac.edu.gt\/index.php?rest_route=\/wp\/v2\/pages"}],"about":[{"href":"https:\/\/iips.usac.edu.gt\/index.php?rest_route=\/wp\/v2\/types\/page"}],"author":[{"embeddable":true,"href":"https:\/\/iips.usac.edu.gt\/index.php?rest_route=\/wp\/v2\/users\/2"}],"replies":[{"embeddable":true,"href":"https:\/\/iips.usac.edu.gt\/index.php?rest_route=%2Fwp%2Fv2%2Fcomments&post=4872"}],"version-history":[{"count":1,"href":"https:\/\/iips.usac.edu.gt\/index.php?rest_route=\/wp\/v2\/pages\/4872\/revisions"}],"predecessor-version":[{"id":4876,"href":"https:\/\/iips.usac.edu.gt\/index.php?rest_route=\/wp\/v2\/pages\/4872\/revisions\/4876"}],"wp:attachment":[{"href":"https:\/\/iips.usac.edu.gt\/index.php?rest_route=%2Fwp%2Fv2%2Fmedia&parent=4872"}],"curies":[{"name":"wp","href":"https:\/\/api.w.org\/{rel}","templated":true}]}}