{"id":4937,"date":"2020-08-04T05:20:45","date_gmt":"2020-08-04T05:20:45","guid":{"rendered":"https:\/\/iips.usac.edu.gt\/?page_id=4937"},"modified":"2020-08-04T05:20:45","modified_gmt":"2020-08-04T05:20:45","slug":"revista-de-pensamiento-critico-diversitas-ano-6-2020-numero-especial","status":"publish","type":"page","link":"https:\/\/iips.usac.edu.gt\/?page_id=4937","title":{"rendered":"Revista de Pensamiento Cr\u00edtico: &#8220;diversitas&#8221;, a\u00f1o 6 &#8211; 2020 (n\u00famero especial)"},"content":{"rendered":"<p><a href=\"https:\/\/iips.usac.edu.gt\/wp-content\/uploads\/2020\/08\/Diversitas-6-1.pdf\" target=\"_blank\" rel=\"noopener\"><img loading=\"lazy\" decoding=\"async\" class=\"alignleft wp-image-4934 size-full\" src=\"https:\/\/iips.usac.edu.gt\/wp-content\/uploads\/2020\/08\/Diversitas.png\" alt=\"\" width=\"427\" height=\"559\" srcset=\"https:\/\/iips.usac.edu.gt\/wp-content\/uploads\/2020\/08\/Diversitas.png 427w, https:\/\/iips.usac.edu.gt\/wp-content\/uploads\/2020\/08\/Diversitas-229x300.png 229w\" sizes=\"(max-width: 427px) 100vw, 427px\" \/><\/a><\/p>\n","protected":false},"excerpt":{"rendered":"","protected":false},"author":2,"featured_media":0,"parent":0,"menu_order":0,"comment_status":"closed","ping_status":"closed","template":"","meta":{"footnotes":""},"class_list":["post-4937","page","type-page","status-publish","czr-hentry"],"_links":{"self":[{"href":"https:\/\/iips.usac.edu.gt\/index.php?rest_route=\/wp\/v2\/pages\/4937"}],"collection":[{"href":"https:\/\/iips.usac.edu.gt\/index.php?rest_route=\/wp\/v2\/pages"}],"about":[{"href":"https:\/\/iips.usac.edu.gt\/index.php?rest_route=\/wp\/v2\/types\/page"}],"author":[{"embeddable":true,"href":"https:\/\/iips.usac.edu.gt\/index.php?rest_route=\/wp\/v2\/users\/2"}],"replies":[{"embeddable":true,"href":"https:\/\/iips.usac.edu.gt\/index.php?rest_route=%2Fwp%2Fv2%2Fcomments&post=4937"}],"version-history":[{"count":1,"href":"https:\/\/iips.usac.edu.gt\/index.php?rest_route=\/wp\/v2\/pages\/4937\/revisions"}],"predecessor-version":[{"id":4939,"href":"https:\/\/iips.usac.edu.gt\/index.php?rest_route=\/wp\/v2\/pages\/4937\/revisions\/4939"}],"wp:attachment":[{"href":"https:\/\/iips.usac.edu.gt\/index.php?rest_route=%2Fwp%2Fv2%2Fmedia&parent=4937"}],"curies":[{"name":"wp","href":"https:\/\/api.w.org\/{rel}","templated":true}]}}