{"id":5547,"date":"2020-11-05T19:59:40","date_gmt":"2020-11-05T19:59:40","guid":{"rendered":"https:\/\/iips.usac.edu.gt\/?page_id=5547"},"modified":"2020-11-05T19:59:46","modified_gmt":"2020-11-05T19:59:46","slug":"imperialismos-del-siglo-xix-centroamerica-en-el-ajedrez-mundial-ph-d-johnathan-ordonez","status":"publish","type":"page","link":"https:\/\/iips.usac.edu.gt\/?page_id=5547","title":{"rendered":"Imperialismos del siglo XIX:  Centroam\u00e9rica en el ajedrez mundial &#8211;  Ph.D. Johnathan Ord\u00f3\u00f1ez"},"content":{"rendered":"<p><a href=\"https:\/\/iips.usac.edu.gt\/wp-content\/uploads\/2020\/11\/ORD\u00d3\u00d1EZ-Imperialismos-del-siglo-XIX.pdf\" target=\"_blank\" rel=\"noopener\"><img loading=\"lazy\" decoding=\"async\" class=\"alignleft wp-image-5545 size-full\" src=\"https:\/\/iips.usac.edu.gt\/wp-content\/uploads\/2020\/11\/Art\u00edculo-2.B.png\" alt=\"\" width=\"971\" height=\"410\" srcset=\"https:\/\/iips.usac.edu.gt\/wp-content\/uploads\/2020\/11\/Art\u00edculo-2.B.png 971w, https:\/\/iips.usac.edu.gt\/wp-content\/uploads\/2020\/11\/Art\u00edculo-2.B-300x127.png 300w, https:\/\/iips.usac.edu.gt\/wp-content\/uploads\/2020\/11\/Art\u00edculo-2.B-768x324.png 768w\" sizes=\"(max-width: 971px) 100vw, 971px\" \/><\/a><\/p>\n","protected":false},"excerpt":{"rendered":"","protected":false},"author":2,"featured_media":0,"parent":0,"menu_order":0,"comment_status":"closed","ping_status":"closed","template":"","meta":{"footnotes":""},"class_list":["post-5547","page","type-page","status-publish","czr-hentry"],"_links":{"self":[{"href":"https:\/\/iips.usac.edu.gt\/index.php?rest_route=\/wp\/v2\/pages\/5547"}],"collection":[{"href":"https:\/\/iips.usac.edu.gt\/index.php?rest_route=\/wp\/v2\/pages"}],"about":[{"href":"https:\/\/iips.usac.edu.gt\/index.php?rest_route=\/wp\/v2\/types\/page"}],"author":[{"embeddable":true,"href":"https:\/\/iips.usac.edu.gt\/index.php?rest_route=\/wp\/v2\/users\/2"}],"replies":[{"embeddable":true,"href":"https:\/\/iips.usac.edu.gt\/index.php?rest_route=%2Fwp%2Fv2%2Fcomments&post=5547"}],"version-history":[{"count":1,"href":"https:\/\/iips.usac.edu.gt\/index.php?rest_route=\/wp\/v2\/pages\/5547\/revisions"}],"predecessor-version":[{"id":5549,"href":"https:\/\/iips.usac.edu.gt\/index.php?rest_route=\/wp\/v2\/pages\/5547\/revisions\/5549"}],"wp:attachment":[{"href":"https:\/\/iips.usac.edu.gt\/index.php?rest_route=%2Fwp%2Fv2%2Fmedia&parent=5547"}],"curies":[{"name":"wp","href":"https:\/\/api.w.org\/{rel}","templated":true}]}}