{"id":6051,"date":"2024-03-07T17:08:37","date_gmt":"2024-03-07T17:08:37","guid":{"rendered":"https:\/\/iips.usac.edu.gt\/?page_id=6051"},"modified":"2024-03-15T17:52:09","modified_gmt":"2024-03-15T17:52:09","slug":"politica-y-sociedad-egresads","status":"publish","type":"page","link":"https:\/\/iips.usac.edu.gt\/?page_id=6051","title":{"rendered":"Pol\u00edtica y Sociedad Egresad@s"},"content":{"rendered":"\n<div class=\"wp-block-media-text is-stacked-on-mobile\" style=\"grid-template-columns:30% auto\"><figure class=\"wp-block-media-text__media\"><a href=\"https:\/\/iips.usac.edu.gt\/wp-content\/uploads\/2024\/03\/REVISTA-P-S-EGRESAD@S.pdf\"><img loading=\"lazy\" decoding=\"async\" width=\"784\" height=\"1024\" src=\"https:\/\/iips.usac.edu.gt\/wp-content\/uploads\/2024\/03\/Portada-Revistas-PyS-Egresad@s-2020-1-784x1024.jpg\" alt=\"\" class=\"wp-image-6052 size-full\" srcset=\"https:\/\/iips.usac.edu.gt\/wp-content\/uploads\/2024\/03\/Portada-Revistas-PyS-Egresad@s-2020-1-784x1024.jpg 784w, https:\/\/iips.usac.edu.gt\/wp-content\/uploads\/2024\/03\/Portada-Revistas-PyS-Egresad@s-2020-1-230x300.jpg 230w, https:\/\/iips.usac.edu.gt\/wp-content\/uploads\/2024\/03\/Portada-Revistas-PyS-Egresad@s-2020-1-768x1003.jpg 768w, https:\/\/iips.usac.edu.gt\/wp-content\/uploads\/2024\/03\/Portada-Revistas-PyS-Egresad@s-2020-1-1176x1536.jpg 1176w, https:\/\/iips.usac.edu.gt\/wp-content\/uploads\/2024\/03\/Portada-Revistas-PyS-Egresad@s-2020-1.jpg 1259w\" sizes=\"(max-width: 784px) 100vw, 784px\" \/><\/a><\/figure><div class=\"wp-block-media-text__content\">\n<p><strong>Pol\u00edtica y Sociedad Egresad@s<\/strong><\/p>\n\n\n\n<p>2020<\/p>\n\n\n\n<details class=\"wp-block-details is-layout-flow wp-block-details-is-layout-flow\"><summary>Art\u00edculos<\/summary>\n<ul class=\"wp-block-list\">\n<li class=\"has-small-font-size\"><strong>Capital humano, competencias y el declive de la autonom\u00eda educativa; curr\u00edculo y ciencias sociales<\/strong> &#8211; Andr\u00e9s Guti\u00e9rrez<\/li>\n\n\n\n<li class=\"has-small-font-size\"><strong>El reconocimiento de educaci\u00f3n laica por el estado de Guatemala en el contexto de la conmemoraci\u00f3n del bicentenario de la independencia<\/strong> &#8211; Jorge L. Zamora Prado<\/li>\n\n\n\n<li class=\"has-small-font-size\"><strong>El bicentenario de Centroam\u00e9rica (algunas reflexiones)<\/strong> &#8211; Hugo Rafael L\u00f3pez Mazariegos<\/li>\n\n\n\n<li class=\"has-small-font-size\"><strong>Imaginario pol\u00edtico del desarrollo en Quetzaltenango: de lo cosm\u00e9tico a la emancipaci\u00f3n<\/strong> &#8211; Francisco Luis G\u00f3mez Guti\u00e9rrez<\/li>\n\n\n\n<li class=\"has-small-font-size\"><strong>La legitimidad pol\u00edtica en Guatemala desde la perspectiva de la racionalidad individual<\/strong> &#8211; Jos\u00e9 Ernesto Javier Duarte Madrid<\/li>\n\n\n\n<li class=\"has-small-font-size\"><strong>Gobernabilidad en tiempos de pandemia<\/strong> &#8211; Flor de Mar\u00eda Sap\u00f3n Sierra<\/li>\n<\/ul>\n<\/details>\n<\/div><\/div>\n","protected":false},"excerpt":{"rendered":"","protected":false},"author":2,"featured_media":0,"parent":0,"menu_order":0,"comment_status":"closed","ping_status":"closed","template":"","meta":{"footnotes":""},"class_list":["post-6051","page","type-page","status-publish","czr-hentry"],"_links":{"self":[{"href":"https:\/\/iips.usac.edu.gt\/index.php?rest_route=\/wp\/v2\/pages\/6051"}],"collection":[{"href":"https:\/\/iips.usac.edu.gt\/index.php?rest_route=\/wp\/v2\/pages"}],"about":[{"href":"https:\/\/iips.usac.edu.gt\/index.php?rest_route=\/wp\/v2\/types\/page"}],"author":[{"embeddable":true,"href":"https:\/\/iips.usac.edu.gt\/index.php?rest_route=\/wp\/v2\/users\/2"}],"replies":[{"embeddable":true,"href":"https:\/\/iips.usac.edu.gt\/index.php?rest_route=%2Fwp%2Fv2%2Fcomments&post=6051"}],"version-history":[{"count":2,"href":"https:\/\/iips.usac.edu.gt\/index.php?rest_route=\/wp\/v2\/pages\/6051\/revisions"}],"predecessor-version":[{"id":6373,"href":"https:\/\/iips.usac.edu.gt\/index.php?rest_route=\/wp\/v2\/pages\/6051\/revisions\/6373"}],"wp:attachment":[{"href":"https:\/\/iips.usac.edu.gt\/index.php?rest_route=%2Fwp%2Fv2%2Fmedia&parent=6051"}],"curies":[{"name":"wp","href":"https:\/\/api.w.org\/{rel}","templated":true}]}}