{"id":6055,"date":"2024-03-07T17:12:19","date_gmt":"2024-03-07T17:12:19","guid":{"rendered":"https:\/\/iips.usac.edu.gt\/?page_id=6055"},"modified":"2024-03-11T18:38:37","modified_gmt":"2024-03-11T18:38:37","slug":"ediciones-conmemorativas","status":"publish","type":"page","link":"https:\/\/iips.usac.edu.gt\/?page_id=6055","title":{"rendered":"Ediciones conmemorativas"},"content":{"rendered":"\n<div class=\"wp-block-media-text is-stacked-on-mobile\" style=\"grid-template-columns:30% auto\"><figure class=\"wp-block-media-text__media\"><a href=\"https:\/\/iips.usac.edu.gt\/wp-content\/uploads\/2017\/09\/Revista-Conmemorativa-1.pdf\"><img loading=\"lazy\" decoding=\"async\" width=\"776\" height=\"1024\" src=\"https:\/\/iips.usac.edu.gt\/wp-content\/uploads\/2024\/03\/Revista-Conmemorativa-1-1-776x1024.png\" alt=\"\" class=\"wp-image-6061 size-full\" srcset=\"https:\/\/iips.usac.edu.gt\/wp-content\/uploads\/2024\/03\/Revista-Conmemorativa-1-1-776x1024.png 776w, https:\/\/iips.usac.edu.gt\/wp-content\/uploads\/2024\/03\/Revista-Conmemorativa-1-1-227x300.png 227w, https:\/\/iips.usac.edu.gt\/wp-content\/uploads\/2024\/03\/Revista-Conmemorativa-1-1-768x1014.png 768w, https:\/\/iips.usac.edu.gt\/wp-content\/uploads\/2024\/03\/Revista-Conmemorativa-1-1-1164x1536.png 1164w, https:\/\/iips.usac.edu.gt\/wp-content\/uploads\/2024\/03\/Revista-Conmemorativa-1-1-1552x2048.png 1552w, https:\/\/iips.usac.edu.gt\/wp-content\/uploads\/2024\/03\/Revista-Conmemorativa-1-1.png 1875w\" sizes=\"(max-width: 776px) 100vw, 776px\" \/><\/a><\/figure><div class=\"wp-block-media-text__content\">\n<p><strong>Edici\u00f3n Conmemorativa 1<\/strong><\/p>\n\n\n\n<p>40 a\u00f1os<\/p>\n\n\n\n<p>2016<\/p>\n\n\n\n<details class=\"wp-block-details is-layout-flow wp-block-details-is-layout-flow\"><summary>Art\u00edculos<\/summary>\n<ul class=\"wp-block-list\">\n<li class=\"has-small-font-size\"><strong>Despacho Presidencial y la Hora de Moro como narrativas de formaci\u00f3n anal\u00edtica y moral de liderazgo pol\u00edtico<\/strong> &#8211; Julio Enrique Barillas<\/li>\n\n\n\n<li class=\"has-small-font-size\"><strong>Cooptaci\u00f3n en Guatemala: 524 a\u00f1os despu\u00e9s<\/strong> &#8211; Jos\u00e9 Alberto Castillo Estrada<\/li>\n\n\n\n<li class=\"has-small-font-size\"><strong>La Ideolog\u00eda de los Militares en Guatemala<\/strong> &#8211; Luis Enrique P\u00e9rez \u00c1lvarez<\/li>\n\n\n\n<li class=\"has-small-font-size\"><strong>Cultura pol\u00edtica guatemalteca \u00bfMilitarista?<\/strong> &#8211; Mar\u00eda Alejandra Patal Guti\u00e9rrez<\/li>\n\n\n\n<li class=\"has-small-font-size\"><strong>Municipios, incentivos y virtud c\u00edvica: La posiblidad de rescatar los valores de la democracia en Guatemala<\/strong> &#8211; Jos\u00e9 Ernesto Javier Duarte Madrid<\/li>\n\n\n\n<li class=\"has-small-font-size\"><strong>Retos de los partidos pol\u00edticos en Guatemala<\/strong> &#8211; Luis Guillermo Vel\u00e1squez P\u00e9rez<\/li>\n\n\n\n<li class=\"has-small-font-size\"><strong>Influencia de la prensa escrita en relaci\u00f3n con la pol\u00edtica actual<\/strong> &#8211; Ana Mar\u00eda Sarmiento Grotewold<\/li>\n\n\n\n<li class=\"has-small-font-size\"><strong>Identidad (re)construida y las nuevas modalidades del yo<\/strong> &#8211; Andr\u00e9s Guti\u00e9rrez<\/li>\n\n\n\n<li class=\"has-small-font-size\"><strong>Sociolog\u00eda y filosof\u00eda en espiral, de la cotidianidad al asombro<\/strong> &#8211; Andrea Fernanda L\u00f3pez Rodr\u00edguez<\/li>\n\n\n\n<li class=\"has-small-font-size\"><strong>Galich: identidad y revoluci\u00f3n<\/strong> &#8211; Kevin Daniel Fern\u00e1ndez Cuy\u00fan<\/li>\n\n\n\n<li class=\"has-small-font-size\"><strong>El perraje, s\u00edmbolo de opresi\u00f3n para los cuerpos de las mujeres mayas<\/strong> &#8211; Emma Chirix<\/li>\n\n\n\n<li class=\"has-small-font-size\"><strong>El desarrollo y la epidemia de VIH\/SIDA <\/strong>&#8211; Fidel Ernesto Ar\u00e9valo Le\u00f3n<\/li>\n\n\n\n<li class=\"has-small-font-size\"><strong>Apuntes sobre diversidad sexual y la respuesta del Estado guatemalteco a los problemas de la poblaci\u00f3n diversa sexual<\/strong> &#8211; Oscar Ren\u00e9 S\u00e1nchez<\/li>\n\n\n\n<li class=\"has-small-font-size\"><strong>La situaci\u00f3n de las mujeres en el \u00e1rea rural: la feminidad como el antifaz de la exclusi\u00f3n social<\/strong> &#8211; Steven Didier Herrera N\u00e1jera<\/li>\n\n\n\n<li class=\"has-small-font-size\"><strong>H\u00e1bitos alimentarios en las familias de escolares, Caso: Colonia El Para\u00edso II, La Verbena y El Mezquital del departamento de Guatemala<\/strong> &#8211; Susan Ileana G\u00f3mez Guerra y Virginia Jim\u00e9nez Tuy<\/li>\n\n\n\n<li class=\"has-small-font-size\"><strong>Elementos para una propuesta de pol\u00edtica municipal de la violencia juvenil<\/strong> &#8211; Eddy A. Morales y Wendy B. Mansilla<\/li>\n\n\n\n<li class=\"has-small-font-size\"><strong>Reforma al Magisterio en M\u00fasica: consecuencias para la educaci\u00f3n y la din\u00e1mica social en Guatemala<\/strong> &#8211; Damaris Raquel Am\u00e9zquita Orrego<\/li>\n\n\n\n<li class=\"has-small-font-size\"><strong>Percepciones docentes y esudiantiles ante el Espacio Virtual de Aprendizaje (EVA) en la Escuela de Ciencia Pol\u00edtica de la Universidad de San Carlos de Guatemala<\/strong> &#8211; Marysabel Garc\u00eda Astorga<\/li>\n\n\n\n<li class=\"has-small-font-size\"><strong>Participaci\u00f3n de los Estados Unidos de Am\u00e9rica en el proceso pol\u00edtico guatemalteco, \u00bfUn nuevo inter\u00e9s o la reiteraci\u00f3n de un antiguo corolario?<\/strong> &#8211; Jos\u00e9 Cort\u00e9z<\/li>\n\n\n\n<li class=\"has-small-font-size\"><strong>Guatemala, \u00bfUn avance o retroceso en materia de desarrollo?<\/strong> &#8211; Karen Ar\u00e9valo<\/li>\n\n\n\n<li class=\"has-small-font-size\"><strong>El tema energ\u00e9tico condiciona nuevas relaciones en Centroam\u00e9rica<\/strong> &#8211; Ixmucane G\u00f3mez<\/li>\n\n\n\n<li class=\"has-small-font-size\"><strong>Elecciones presidenciales de Estados Unidos 2016: Propuestas al tema migratorio en el proceso de primarias, \u00bfExisten diferencias?<\/strong> &#8211; Emilio Porres<\/li>\n\n\n\n<li class=\"has-small-font-size\"><strong>Terrorismo en la Seguridad Internacional: c\u00f3mo el terrorismo desestabiliza el sistema internacional <\/strong>&#8211; Diego Gabriel Manrique Orellana<\/li>\n\n\n\n<li class=\"has-small-font-size\"><strong>La actualidad del Medio Oriente<\/strong> &#8211; Williams \u00c1lvarez<\/li>\n\n\n\n<li class=\"has-small-font-size\"><strong>Res\u00famenes de las ponencias presentadas en la Segunda Semana Acad\u00e9mica de la Investigaci\u00f3n -SAI II 2016-<\/strong> &#8211; Ixmucane G\u00f3mez (Coord.)<\/li>\n<\/ul>\n<\/details>\n<\/div><\/div>\n\n\n\n<div class=\"wp-block-media-text is-stacked-on-mobile\" style=\"grid-template-columns:30% auto\"><figure class=\"wp-block-media-text__media\"><a href=\"https:\/\/iips.usac.edu.gt\/wp-content\/uploads\/2017\/09\/Revista-Conmemorativa-2.pdf\"><img loading=\"lazy\" decoding=\"async\" width=\"801\" height=\"1024\" src=\"https:\/\/iips.usac.edu.gt\/wp-content\/uploads\/2024\/03\/Revista-Conmemorativa-2-1-801x1024.png\" alt=\"\" class=\"wp-image-6062 size-full\" srcset=\"https:\/\/iips.usac.edu.gt\/wp-content\/uploads\/2024\/03\/Revista-Conmemorativa-2-1-801x1024.png 801w, https:\/\/iips.usac.edu.gt\/wp-content\/uploads\/2024\/03\/Revista-Conmemorativa-2-1-235x300.png 235w, https:\/\/iips.usac.edu.gt\/wp-content\/uploads\/2024\/03\/Revista-Conmemorativa-2-1-768x981.png 768w, https:\/\/iips.usac.edu.gt\/wp-content\/uploads\/2024\/03\/Revista-Conmemorativa-2-1-1202x1536.png 1202w, https:\/\/iips.usac.edu.gt\/wp-content\/uploads\/2024\/03\/Revista-Conmemorativa-2-1-1603x2048.png 1603w\" sizes=\"(max-width: 801px) 100vw, 801px\" \/><\/a><\/figure><div class=\"wp-block-media-text__content\">\n<p><strong>Edici\u00f3n Conmemorativa 2<\/strong><\/p>\n\n\n\n<p>40 a\u00f1os<\/p>\n\n\n\n<p>2016<\/p>\n\n\n\n<details class=\"wp-block-details is-layout-flow wp-block-details-is-layout-flow\"><summary>Art\u00edculos<\/summary>\n<ul class=\"wp-block-list\">\n<li class=\"has-small-font-size\"><strong>Homenaje \/Dr. Ren\u00e9 Poitevin Dard\u00f3n<\/strong><\/li>\n\n\n\n<li class=\"has-small-font-size\"><strong>Algunos apuntes hist\u00f3ricos sobre la Escuela de Ciencia Pol\u00edtica y el Instituto de Investigaciones Pol\u00edticas y Sociales -IIPS-<\/strong><\/li>\n\n\n\n<li class=\"has-small-font-size\"><strong>L\u00ednea de Tiempo \/ Revista Pol\u00edtica y Sociedad<\/strong><\/li>\n\n\n\n<li class=\"has-small-font-size\"><strong>Centro de Documentaci\u00f3n de la Escuela de Ciencia Pol\u00edtica -CEDEC-<\/strong><\/li>\n\n\n\n<li class=\"has-small-font-size\"><strong>Procedimiento de acceso al \u00cdndice Tem\u00e1tico de la Revista Pol\u00edtica y Sociedad<\/strong><\/li>\n<\/ul>\n<\/details>\n<\/div><\/div>\n","protected":false},"excerpt":{"rendered":"","protected":false},"author":2,"featured_media":0,"parent":0,"menu_order":0,"comment_status":"closed","ping_status":"closed","template":"","meta":{"footnotes":""},"class_list":["post-6055","page","type-page","status-publish","czr-hentry"],"_links":{"self":[{"href":"https:\/\/iips.usac.edu.gt\/index.php?rest_route=\/wp\/v2\/pages\/6055"}],"collection":[{"href":"https:\/\/iips.usac.edu.gt\/index.php?rest_route=\/wp\/v2\/pages"}],"about":[{"href":"https:\/\/iips.usac.edu.gt\/index.php?rest_route=\/wp\/v2\/types\/page"}],"author":[{"embeddable":true,"href":"https:\/\/iips.usac.edu.gt\/index.php?rest_route=\/wp\/v2\/users\/2"}],"replies":[{"embeddable":true,"href":"https:\/\/iips.usac.edu.gt\/index.php?rest_route=%2Fwp%2Fv2%2Fcomments&post=6055"}],"version-history":[{"count":4,"href":"https:\/\/iips.usac.edu.gt\/index.php?rest_route=\/wp\/v2\/pages\/6055\/revisions"}],"predecessor-version":[{"id":6182,"href":"https:\/\/iips.usac.edu.gt\/index.php?rest_route=\/wp\/v2\/pages\/6055\/revisions\/6182"}],"wp:attachment":[{"href":"https:\/\/iips.usac.edu.gt\/index.php?rest_route=%2Fwp%2Fv2%2Fmedia&parent=6055"}],"curies":[{"name":"wp","href":"https:\/\/api.w.org\/{rel}","templated":true}]}}