{"id":6324,"date":"2024-03-15T13:50:34","date_gmt":"2024-03-15T13:50:34","guid":{"rendered":"https:\/\/iips.usac.edu.gt\/?page_id=6324"},"modified":"2024-03-15T13:50:35","modified_gmt":"2024-03-15T13:50:35","slug":"enlaces-de-interes","status":"publish","type":"page","link":"https:\/\/iips.usac.edu.gt\/?page_id=6324","title":{"rendered":"Enlaces de inter\u00e9s"},"content":{"rendered":"\n<p>En esta secci\u00f3n se encuentran accesos a insumos, documentos, publicaciones, sitios web de otras instituciones, entre otras cosas que pueden ser de utilidad en el desarrollo de la labor acad\u00e9mica de la comunidad de la Escuela de Ciencia Pol\u00edtica de la USAC y el p\u00fablico en general interesado en adquirir informaci\u00f3n cient\u00edfico-social para expandir sus conocimientos.<\/p>\n","protected":false},"excerpt":{"rendered":"<p>En esta secci\u00f3n se encuentran accesos a insumos, documentos, publicaciones, sitios web de otras instituciones, entre otras cosas que pueden ser de utilidad en el desarrollo de la labor acad\u00e9mica de la comunidad de la Escuela de Ciencia Pol\u00edtica de la USAC y el p\u00fablico en general interesado en adquirir informaci\u00f3n cient\u00edfico-social para expandir sus [&hellip;]<\/p>\n","protected":false},"author":2,"featured_media":0,"parent":0,"menu_order":0,"comment_status":"closed","ping_status":"closed","template":"","meta":{"footnotes":""},"class_list":["post-6324","page","type-page","status-publish","czr-hentry"],"_links":{"self":[{"href":"https:\/\/iips.usac.edu.gt\/index.php?rest_route=\/wp\/v2\/pages\/6324"}],"collection":[{"href":"https:\/\/iips.usac.edu.gt\/index.php?rest_route=\/wp\/v2\/pages"}],"about":[{"href":"https:\/\/iips.usac.edu.gt\/index.php?rest_route=\/wp\/v2\/types\/page"}],"author":[{"embeddable":true,"href":"https:\/\/iips.usac.edu.gt\/index.php?rest_route=\/wp\/v2\/users\/2"}],"replies":[{"embeddable":true,"href":"https:\/\/iips.usac.edu.gt\/index.php?rest_route=%2Fwp%2Fv2%2Fcomments&post=6324"}],"version-history":[{"count":1,"href":"https:\/\/iips.usac.edu.gt\/index.php?rest_route=\/wp\/v2\/pages\/6324\/revisions"}],"predecessor-version":[{"id":6325,"href":"https:\/\/iips.usac.edu.gt\/index.php?rest_route=\/wp\/v2\/pages\/6324\/revisions\/6325"}],"wp:attachment":[{"href":"https:\/\/iips.usac.edu.gt\/index.php?rest_route=%2Fwp%2Fv2%2Fmedia&parent=6324"}],"curies":[{"name":"wp","href":"https:\/\/api.w.org\/{rel}","templated":true}]}}