{"id":6338,"date":"2024-03-15T16:48:01","date_gmt":"2024-03-15T16:48:01","guid":{"rendered":"https:\/\/iips.usac.edu.gt\/?page_id=6338"},"modified":"2024-03-19T14:45:31","modified_gmt":"2024-03-19T14:45:31","slug":"otras-publicaciones","status":"publish","type":"page","link":"https:\/\/iips.usac.edu.gt\/?page_id=6338","title":{"rendered":"Otras publicaciones"},"content":{"rendered":"\n<p>El Institituo de Investigaciones Pol\u00edticas y Sociales -IIPS- en su labor de divulgaci\u00f3n y socializaci\u00f3n ha llevado a cabo otras iniciativas por medio de las cuales han sido publicados documentos de otras series, ya sea limitadas o concluidas seg\u00fan el caso. En este apartado se podr\u00e1n encontrar algunas de esas publicaciones. <\/p>\n\n\n\n<div class=\"wp-block-buttons is-vertical is-content-justification-center is-layout-flex wp-container-core-buttons-is-layout-1 wp-block-buttons-is-layout-flex\">\n<div class=\"wp-block-button has-custom-width wp-block-button__width-50 is-style-fill\"><a class=\"wp-block-button__link wp-element-button\" href=\"https:\/\/iips.usac.edu.gt\/?page_id=6361\">Boletines<\/a><\/div>\n\n\n\n<div class=\"wp-block-button has-custom-width wp-block-button__width-50 is-style-fill\"><a class=\"wp-block-button__link wp-element-button\" href=\"https:\/\/iips.usac.edu.gt\/?page_id=2603\">Ciencia Pol\u00edtica Opina<\/a><\/div>\n\n\n\n<div class=\"wp-block-button has-custom-width wp-block-button__width-50 is-style-fill\"><a class=\"wp-block-button__link wp-element-button\" href=\"https:\/\/iips.usac.edu.gt\/?page_id=6357\">Estudiantes Opinan<\/a><\/div>\n\n\n\n<div class=\"wp-block-button has-custom-width wp-block-button__width-50 is-style-fill\"><a class=\"wp-block-button__link wp-element-button\" href=\"https:\/\/iips.usac.edu.gt\/?page_id=2129\">Fasc\u00edculos Acad\u00e9micos<\/a><\/div>\n<\/div>\n","protected":false},"excerpt":{"rendered":"<p>El Institituo de Investigaciones Pol\u00edticas y Sociales -IIPS- en su labor de divulgaci\u00f3n y socializaci\u00f3n ha llevado a cabo otras iniciativas por medio de las cuales han sido publicados documentos de otras series, ya sea limitadas o concluidas seg\u00fan el caso. En este apartado se podr\u00e1n encontrar algunas de esas publicaciones.<\/p>\n","protected":false},"author":2,"featured_media":0,"parent":0,"menu_order":0,"comment_status":"closed","ping_status":"closed","template":"","meta":{"footnotes":""},"class_list":["post-6338","page","type-page","status-publish","czr-hentry"],"_links":{"self":[{"href":"https:\/\/iips.usac.edu.gt\/index.php?rest_route=\/wp\/v2\/pages\/6338"}],"collection":[{"href":"https:\/\/iips.usac.edu.gt\/index.php?rest_route=\/wp\/v2\/pages"}],"about":[{"href":"https:\/\/iips.usac.edu.gt\/index.php?rest_route=\/wp\/v2\/types\/page"}],"author":[{"embeddable":true,"href":"https:\/\/iips.usac.edu.gt\/index.php?rest_route=\/wp\/v2\/users\/2"}],"replies":[{"embeddable":true,"href":"https:\/\/iips.usac.edu.gt\/index.php?rest_route=%2Fwp%2Fv2%2Fcomments&post=6338"}],"version-history":[{"count":8,"href":"https:\/\/iips.usac.edu.gt\/index.php?rest_route=\/wp\/v2\/pages\/6338\/revisions"}],"predecessor-version":[{"id":6403,"href":"https:\/\/iips.usac.edu.gt\/index.php?rest_route=\/wp\/v2\/pages\/6338\/revisions\/6403"}],"wp:attachment":[{"href":"https:\/\/iips.usac.edu.gt\/index.php?rest_route=%2Fwp%2Fv2%2Fmedia&parent=6338"}],"curies":[{"name":"wp","href":"https:\/\/api.w.org\/{rel}","templated":true}]}}