{"id":757,"date":"2018-02-21T19:24:58","date_gmt":"2018-02-21T19:24:58","guid":{"rendered":"https:\/\/iips.usac.edu.gt\/?page_id=757"},"modified":"2019-04-04T18:04:03","modified_gmt":"2019-04-04T18:04:03","slug":"centros-clacso","status":"publish","type":"page","link":"https:\/\/iips.usac.edu.gt\/?page_id=757","title":{"rendered":"Centros CLACSO Guatemala"},"content":{"rendered":"<p>El\u00a0<strong>Consejo Latinoamericano de Ciencias Sociales (CLACSO)<\/strong>\u00a0es una instituci\u00f3n internacional no-gubernamental con status asociativo en la UNESCO, creada en 1967. Actualmente, re\u00fane 654 centros de investigaci\u00f3n y posgrado en el campo de las ciencias sociales y las humanidades en 51 pa\u00edses de Am\u00e9rica Latina y otros continentes.<\/p>\n<p>Para el caso de Guatemala re\u00fane 8 <a href=\"https:\/\/www.clacso.org.ar\/institucional\/cm_por_pais.php?id_pais=14&amp;s=2&amp;idioma=\" target=\"_blank\" rel=\"noopener\">centros miembros pleno<\/a>, incluido el Instituto de Investigaciones Pol\u00edticas y Sociales &#8220;Dr. Ren\u00e9 Poitevin Dard\u00f3n&#8221;.<\/p>\n<ol>\n<li><strong>Asociaci\u00f3n para el Avance de las Ciencias Sociales &#8211; AVANCSO<\/strong><a href=\"http:\/\/avancso.org.gt\/\" target=\"_blank\" rel=\"noopener\"><img loading=\"lazy\" decoding=\"async\" class=\"aligncenter wp-image-798 \" src=\"https:\/\/iips.usac.edu.gt\/wp-content\/uploads\/2018\/02\/avancso-300x74.png\" width=\"349\" height=\"86\" srcset=\"https:\/\/iips.usac.edu.gt\/wp-content\/uploads\/2018\/02\/avancso-300x74.png 300w, https:\/\/iips.usac.edu.gt\/wp-content\/uploads\/2018\/02\/avancso-768x189.png 768w, https:\/\/iips.usac.edu.gt\/wp-content\/uploads\/2018\/02\/avancso-1024x252.png 1024w, https:\/\/iips.usac.edu.gt\/wp-content\/uploads\/2018\/02\/avancso.png 1272w\" sizes=\"(max-width: 349px) 100vw, 349px\" \/><\/a><\/li>\n<li><strong>Facultad Latinoamericana de Ciencias Sociales &#8211; FLACSO<\/strong><a href=\"http:\/\/www.flacso.edu.gt\/\" target=\"_blank\" rel=\"noopener\"><img loading=\"lazy\" decoding=\"async\" class=\"aligncenter wp-image-803 \" src=\"https:\/\/iips.usac.edu.gt\/wp-content\/uploads\/2018\/02\/flacso-guatemala.png\" width=\"242\" height=\"242\" srcset=\"https:\/\/iips.usac.edu.gt\/wp-content\/uploads\/2018\/02\/flacso-guatemala.png 225w, https:\/\/iips.usac.edu.gt\/wp-content\/uploads\/2018\/02\/flacso-guatemala-150x150.png 150w\" sizes=\"(max-width: 242px) 100vw, 242px\" \/><\/a><\/li>\n<li class=\"alignnone\"><strong>Institu<\/strong><strong>to Centroamericano de Estudios Fiscales &#8211; ICEFI<\/strong><a href=\"http:\/\/www.icefi.org\/\" target=\"_blank\" rel=\"noopener\"><img loading=\"lazy\" decoding=\"async\" class=\"aligncenter wp-image-1943\" src=\"https:\/\/iips.usac.edu.gt\/wp-content\/uploads\/2018\/02\/icefilogo-150x150.png\" width=\"224\" height=\"224\" srcset=\"https:\/\/iips.usac.edu.gt\/wp-content\/uploads\/2018\/02\/icefilogo-150x150.png 150w, https:\/\/iips.usac.edu.gt\/wp-content\/uploads\/2018\/02\/icefilogo-270x270.png 270w, https:\/\/iips.usac.edu.gt\/wp-content\/uploads\/2018\/02\/icefilogo-230x230.png 230w\" sizes=\"(max-width: 224px) 100vw, 224px\" \/><\/a><\/li>\n<li><strong>Instituto Centroamericano de Estudios Sociales y Desarrollo &#8211; INCEDES<\/strong><a href=\"http:\/\/www.incedes.org.gt\/\" target=\"_blank\" rel=\"noopener\"><img loading=\"lazy\" decoding=\"async\" class=\"aligncenter wp-image-1944 \" src=\"https:\/\/iips.usac.edu.gt\/wp-content\/uploads\/2018\/02\/INCEDES-e1534544340772-193x300.png\" width=\"165\" height=\"259\" \/><\/a><\/li>\n<li><strong>Instituto de Investigaci\u00f3n y Proyecci\u00f3n sobre Ambiente Natural y Sociedad &#8211; IARNA<\/strong><a href=\"http:\/\/www.infoiarna.org.gt\" target=\"_blank\" rel=\"noopener\"><img loading=\"lazy\" decoding=\"async\" class=\"aligncenter wp-image-1945 size-full\" src=\"https:\/\/iips.usac.edu.gt\/wp-content\/uploads\/2018\/02\/images.png\" width=\"370\" height=\"136\" srcset=\"https:\/\/iips.usac.edu.gt\/wp-content\/uploads\/2018\/02\/images.png 370w, https:\/\/iips.usac.edu.gt\/wp-content\/uploads\/2018\/02\/images-300x110.png 300w\" sizes=\"(max-width: 370px) 100vw, 370px\" \/><\/a><strong>6. Instituto de Investigaci\u00f3n y Proyecci\u00f3n Sobre Din\u00e1micas Globales y Territoriales &#8211; IDGT<\/strong><a href=\"http:\/\/www.quinientosdos.com\/idgt\/contact\/\" target=\"_blank\" rel=\"noopener\"><img loading=\"lazy\" decoding=\"async\" class=\"aligncenter wp-image-1946\" src=\"https:\/\/iips.usac.edu.gt\/wp-content\/uploads\/2018\/02\/IDGT.png\" width=\"326\" height=\"172\" srcset=\"https:\/\/iips.usac.edu.gt\/wp-content\/uploads\/2018\/02\/IDGT.png 309w, https:\/\/iips.usac.edu.gt\/wp-content\/uploads\/2018\/02\/IDGT-300x158.png 300w\" sizes=\"(max-width: 326px) 100vw, 326px\" \/><\/a><strong>7. Instituto de Investigaci\u00f3n y Proyecci\u00f3n sobre el Estado &#8211; ISE\u00a0<\/strong><\/li>\n<\/ol>\n<p><a href=\"http:\/\/principal.url.edu.gt\/index.php\/investigacion\/institutos-de-investigacion-y-proyeccion\/instituto-de-investigacion-y-proyeccion-sobre-el-estado\" target=\"_blank\" rel=\"noopener\"><img loading=\"lazy\" decoding=\"async\" class=\"aligncenter wp-image-819\" src=\"https:\/\/iips.usac.edu.gt\/wp-content\/uploads\/2018\/02\/No07yS_s-300x300.jpg\" width=\"209\" height=\"209\" srcset=\"https:\/\/iips.usac.edu.gt\/wp-content\/uploads\/2018\/02\/No07yS_s-300x300.jpg 300w, https:\/\/iips.usac.edu.gt\/wp-content\/uploads\/2018\/02\/No07yS_s-150x150.jpg 150w, https:\/\/iips.usac.edu.gt\/wp-content\/uploads\/2018\/02\/No07yS_s-270x270.jpg 270w, https:\/\/iips.usac.edu.gt\/wp-content\/uploads\/2018\/02\/No07yS_s-230x230.jpg 230w, https:\/\/iips.usac.edu.gt\/wp-content\/uploads\/2018\/02\/No07yS_s.jpg 512w\" sizes=\"(max-width: 209px) 100vw, 209px\" \/><\/a><\/p>\n","protected":false},"excerpt":{"rendered":"<p>El\u00a0Consejo Latinoamericano de Ciencias Sociales (CLACSO)\u00a0es una instituci\u00f3n internacional no-gubernamental con status asociativo en la UNESCO, creada en 1967. Actualmente, re\u00fane 654 centros de investigaci\u00f3n y posgrado en el campo de las ciencias sociales y las humanidades en 51 pa\u00edses de Am\u00e9rica Latina y otros continentes. Para el caso de Guatemala re\u00fane 8 centros miembros [&hellip;]<\/p>\n","protected":false},"author":2,"featured_media":0,"parent":214,"menu_order":0,"comment_status":"closed","ping_status":"closed","template":"","meta":{"footnotes":""},"class_list":["post-757","page","type-page","status-publish","czr-hentry"],"_links":{"self":[{"href":"https:\/\/iips.usac.edu.gt\/index.php?rest_route=\/wp\/v2\/pages\/757"}],"collection":[{"href":"https:\/\/iips.usac.edu.gt\/index.php?rest_route=\/wp\/v2\/pages"}],"about":[{"href":"https:\/\/iips.usac.edu.gt\/index.php?rest_route=\/wp\/v2\/types\/page"}],"author":[{"embeddable":true,"href":"https:\/\/iips.usac.edu.gt\/index.php?rest_route=\/wp\/v2\/users\/2"}],"replies":[{"embeddable":true,"href":"https:\/\/iips.usac.edu.gt\/index.php?rest_route=%2Fwp%2Fv2%2Fcomments&post=757"}],"version-history":[{"count":20,"href":"https:\/\/iips.usac.edu.gt\/index.php?rest_route=\/wp\/v2\/pages\/757\/revisions"}],"predecessor-version":[{"id":2806,"href":"https:\/\/iips.usac.edu.gt\/index.php?rest_route=\/wp\/v2\/pages\/757\/revisions\/2806"}],"up":[{"embeddable":true,"href":"https:\/\/iips.usac.edu.gt\/index.php?rest_route=\/wp\/v2\/pages\/214"}],"wp:attachment":[{"href":"https:\/\/iips.usac.edu.gt\/index.php?rest_route=%2Fwp%2Fv2%2Fmedia&parent=757"}],"curies":[{"name":"wp","href":"https:\/\/api.w.org\/{rel}","templated":true}]}}