{"id":925,"date":"2018-03-08T20:59:09","date_gmt":"2018-03-08T20:59:09","guid":{"rendered":"https:\/\/iips.usac.edu.gt\/?page_id=925"},"modified":"2018-06-18T14:27:14","modified_gmt":"2018-06-18T14:27:14","slug":"recursos","status":"publish","type":"page","link":"https:\/\/iips.usac.edu.gt\/?page_id=925","title":{"rendered":"Recursos virtuales"},"content":{"rendered":"<h4 style=\"text-align: left;\">En esta secci\u00f3n se encuentran recursos acad\u00e9micos virtuales \u00fatiles para estudiantes, docentes e investigadores.<\/h4>\n<p style=\"text-align: left;\"><strong>RED DE BIBLIOTECAS VIRTUALES CLACSO:<\/strong> a partir del objetivo de contribuir a la difusi\u00f3n de la producci\u00f3n acad\u00e9mica de los centros asociados y programas que integran CLACSO, se conform\u00f3 una Red de Bibliotecas Virtuales en forma cooperativa, descentralizada y respetando la filosof\u00eda del acceso abierto. Procura incrementar el impacto de los resultados de esa producci\u00f3n en educaci\u00f3n, investigaci\u00f3n, en los actores sociales y la sociedad en su conjunto. Ofrece el acceso libre y gratuito a una sala de lectura con textos digitales completos de art\u00edculos, documentos de trabajo, libros, ponencias y tesis publicados por centros y programas de CLACSO.<\/p>\n<p><a href=\"http:\/\/biblioteca.clacso.edu.ar\/\"><img loading=\"lazy\" decoding=\"async\" class=\"alignleft wp-image-1292 size-full\" src=\"https:\/\/iips.usac.edu.gt\/wp-content\/uploads\/2018\/03\/Red-clacso2.jpg\" width=\"620\" height=\"122\" srcset=\"https:\/\/iips.usac.edu.gt\/wp-content\/uploads\/2018\/03\/Red-clacso2.jpg 620w, https:\/\/iips.usac.edu.gt\/wp-content\/uploads\/2018\/03\/Red-clacso2-300x59.jpg 300w\" sizes=\"(max-width: 620px) 100vw, 620px\" \/><\/a><\/p>\n<p>&nbsp;<\/p>\n<p>&nbsp;<\/p>\n<p>&nbsp;<\/p>\n<p>&nbsp;<\/p>\n<p><strong>LATINDEX:<\/strong>\u00a0es un sistema de informaci\u00f3n sobre revistas de investigaci\u00f3n cient\u00edfica, que busca la difusi\u00f3n y accesibilidad de publicaciones acad\u00e9micas serias y de calidad, producidas y editadas en la regi\u00f3n latinoamericana. Actualmente ofrece cuatro bases de datos: 1) directorio con datos\u00a0 de todas las revistas registradas; 2) cat\u00e1logo\u00a0 que incluye \u00fanicamente las revistas \u2013impresas o electr\u00f3nicas- que cumplen los criterios necesarios;\u00a03) revistas en l\u00ednea,\u00a0 que permite el acceso a los textos completos en los sitios disponibles; y 4) &#8220;portal de portales&#8221;, con acceso al texto completo de una selecci\u00f3n de revistas iberoamericanas.<\/p>\n<p><a href=\"http:\/\/www.latindex.org\/latindex\/inicio\"><img loading=\"lazy\" decoding=\"async\" class=\"wp-image-1302 size-medium alignleft\" src=\"https:\/\/iips.usac.edu.gt\/wp-content\/uploads\/2018\/03\/latindex_fdo-300x108.jpg\" width=\"300\" height=\"108\" srcset=\"https:\/\/iips.usac.edu.gt\/wp-content\/uploads\/2018\/03\/latindex_fdo-300x108.jpg 300w, https:\/\/iips.usac.edu.gt\/wp-content\/uploads\/2018\/03\/latindex_fdo-768x276.jpg 768w, https:\/\/iips.usac.edu.gt\/wp-content\/uploads\/2018\/03\/latindex_fdo-1024x368.jpg 1024w\" sizes=\"(max-width: 300px) 100vw, 300px\" \/><\/a><\/p>\n<p>&nbsp;<\/p>\n<p>&nbsp;<\/p>\n<p>&nbsp;<\/p>\n<p>&nbsp;<\/p>\n<p style=\"text-align: left;\"><strong>DIALNET:<\/strong>\u00a0Dialnet es un proyecto de cooperaci\u00f3n bibliotecaria que comenz\u00f3 en la Universidad de La Rioja. Se constituye como un portal que recopila y proporciona acceso gratuito a numerosos documentos publicados en Espa\u00f1a, o en otro pa\u00eds, en cualquier lengua, que traten sobre temas hisp\u00e1nicos. Los contenidos incluyen libros, art\u00edculos de revistas, cap\u00edtulos de monograf\u00edas colectivas, tesis doctorales, etc. Su amplia cobertura convierte a Dialnet en la mayor base de datos de art\u00edculos cient\u00edficos hispanos accesible de modo gratuito en Internet. Cada autor incluido en Dialnet cuenta con su propia p\u00e1gina de autor, donde se recoge toda su producci\u00f3n cient\u00edfica, instituci\u00f3n a la que pertenece,\u00a0 \u00e1rea de conocimiento, enlaces a otros cat\u00e1logos,\u00a0etc.<\/p>\n<p style=\"text-align: left;\"><a href=\"https:\/\/dialnet.unirioja.es\/\"><img loading=\"lazy\" decoding=\"async\" class=\"alignnone wp-image-1308 size-medium\" src=\"https:\/\/iips.usac.edu.gt\/wp-content\/uploads\/2018\/03\/dialnet-logo-300x188.png\" width=\"300\" height=\"188\" srcset=\"https:\/\/iips.usac.edu.gt\/wp-content\/uploads\/2018\/03\/dialnet-logo-300x188.png 300w, https:\/\/iips.usac.edu.gt\/wp-content\/uploads\/2018\/03\/dialnet-logo.png 436w\" sizes=\"(max-width: 300px) 100vw, 300px\" \/><\/a><\/p>\n<p>&nbsp;<\/p>\n<p><strong>SciELO (Biblioteca Cient\u00edfica Electr\u00f3nica en L\u00ednea):<\/strong> es un modelo para la publicaci\u00f3n electr\u00f3nica cooperativa de revistas cient\u00edficas en Internet, especialmente desarrollado para responder a las necesidades de la comunicaci\u00f3n cient\u00edfica particularmente de Am\u00e9rica Latina y el Caribe.\u00a0 Proporciona una soluci\u00f3n eficiente para asegurar la visibilidad y el acceso universal a la literatura cient\u00edfica de la regi\u00f3n. Cuenta con material disponible sobre las \u00e1reas de Ciencias Agr\u00edcolas, Ciencias Biol\u00f3gicas, Ciencias de la Salud, Ciencias Exactas y de la Tierra, Humanidades, Ingenier\u00eda, Ling\u00fc\u00edstica, Letras y Artes. En el caso de Ciencias Sociales Aplicadas, cuenta con\u00a0acceso a 350 revistas cient\u00edficas de diferentes pa\u00edses.<\/p>\n<p><img loading=\"lazy\" decoding=\"async\" class=\"alignleft wp-image-1300 size-medium\" src=\"https:\/\/iips.usac.edu.gt\/wp-content\/uploads\/2018\/03\/scielo_20anos_es-400x207-300x155.png\" width=\"300\" height=\"155\" srcset=\"https:\/\/iips.usac.edu.gt\/wp-content\/uploads\/2018\/03\/scielo_20anos_es-400x207-300x155.png 300w, https:\/\/iips.usac.edu.gt\/wp-content\/uploads\/2018\/03\/scielo_20anos_es-400x207.png 400w\" sizes=\"(max-width: 300px) 100vw, 300px\" \/><\/p>\n<p>&nbsp;<\/p>\n<p>&nbsp;<\/p>\n<p>&nbsp;<\/p>\n<p>&nbsp;<\/p>\n<p>&nbsp;<\/p>\n<p><strong>EUMED. NET:<\/strong> este sitio\u00a0fue lanzada en enero de 1998, como un proyecto, denominado \u201cEuro Mediterranean Network\u201d, para fomentar el comercio electr\u00f3nico entre Europa y los pa\u00edses mediterr\u00e1neos. Con el tiempo, la organizaci\u00f3n ampli\u00f3 sus objetivos, abord\u00f3 nuevas tem\u00e1ticas como la econom\u00eda, pedagog\u00eda, entre otras, y\u00a0 redigiri\u00f3 su \u00e1rea geogr\u00e1fica de inter\u00e9s a Latinoam\u00e9rica. Hoy por hoy, ofrece\u00a0\u00a0gratuitamente, a texto completo y sin necesidad de subscripci\u00f3n m\u00e1s de 1.600 libros, 200 tesis doctorales y 19 revistas acad\u00e9micas.<\/p>\n<p><a href=\"https:\/\/www.eumed.net\/#\"><img loading=\"lazy\" decoding=\"async\" class=\"alignnone size-full wp-image-927\" src=\"https:\/\/iips.usac.edu.gt\/wp-content\/uploads\/2018\/03\/descarga.png\" alt=\"\" width=\"300\" height=\"168\" \/><\/a><\/p>\n<p>&nbsp;<\/p>\n<p>&nbsp;<\/p>\n<p>&nbsp;<\/p>\n","protected":false},"excerpt":{"rendered":"<p>En esta secci\u00f3n se encuentran recursos acad\u00e9micos virtuales \u00fatiles para estudiantes, docentes e investigadores. RED DE BIBLIOTECAS VIRTUALES CLACSO: a partir del objetivo de contribuir a la difusi\u00f3n de la producci\u00f3n acad\u00e9mica de los centros asociados y programas que integran CLACSO, se conform\u00f3 una Red de Bibliotecas Virtuales en forma cooperativa, descentralizada y respetando la [&hellip;]<\/p>\n","protected":false},"author":2,"featured_media":0,"parent":0,"menu_order":0,"comment_status":"closed","ping_status":"closed","template":"","meta":{"footnotes":""},"class_list":["post-925","page","type-page","status-publish","czr-hentry"],"_links":{"self":[{"href":"https:\/\/iips.usac.edu.gt\/index.php?rest_route=\/wp\/v2\/pages\/925"}],"collection":[{"href":"https:\/\/iips.usac.edu.gt\/index.php?rest_route=\/wp\/v2\/pages"}],"about":[{"href":"https:\/\/iips.usac.edu.gt\/index.php?rest_route=\/wp\/v2\/types\/page"}],"author":[{"embeddable":true,"href":"https:\/\/iips.usac.edu.gt\/index.php?rest_route=\/wp\/v2\/users\/2"}],"replies":[{"embeddable":true,"href":"https:\/\/iips.usac.edu.gt\/index.php?rest_route=%2Fwp%2Fv2%2Fcomments&post=925"}],"version-history":[{"count":15,"href":"https:\/\/iips.usac.edu.gt\/index.php?rest_route=\/wp\/v2\/pages\/925\/revisions"}],"predecessor-version":[{"id":1366,"href":"https:\/\/iips.usac.edu.gt\/index.php?rest_route=\/wp\/v2\/pages\/925\/revisions\/1366"}],"wp:attachment":[{"href":"https:\/\/iips.usac.edu.gt\/index.php?rest_route=%2Fwp%2Fv2%2Fmedia&parent=925"}],"curies":[{"name":"wp","href":"https:\/\/api.w.org\/{rel}","templated":true}]}}